{"id":27513,"date":"2023-08-31T12:11:22","date_gmt":"2023-08-31T12:11:22","guid":{"rendered":"https:\/\/www.cidasc.sc.gov.br\/defesasanitariaanimal\/?page_id=27513"},"modified":"2024-03-08T19:21:06","modified_gmt":"2024-03-08T19:21:06","slug":"coordenacao-estadual-de-erradicacao-de-brucelose-e-tuberculose","status":"publish","type":"page","link":"https:\/\/www.cidasc.sc.gov.br\/defesasanitariaanimal\/coordenacao-estadual-de-erradicacao-de-brucelose-e-tuberculose\/","title":{"rendered":"Coordena\u00e7\u00e3o Estadual de Erradica\u00e7\u00e3o de Brucelose e Tuberculose\u00a0"},"content":{"rendered":"\n<div style=\"height:9px\" aria-hidden=\"true\" class=\"wp-block-spacer\"><\/div>\n\n\n\n<h2 class=\"wp-block-heading has-text-align-center\" style=\"font-size:21px\">Produtos para desinfec\u00e7\u00e3o de utens\u00edlios e instala\u00e7\u00f5es para Tuberculose e Brucelose<\/h2>\n\n\n\n<p><a href=\"http:\/\/www.cidasc.sc.gov.br\/defesasanitariaanimal\/files\/2019\/12\/Produtos-para-desinfec\u00e7\u00e3o-de-utens\u00edlios-e-instala\u00e7\u00f5es-Tuberculose-e-Brucelose.pdf\" data-type=\"URL\" data-id=\"http:\/\/www.cidasc.sc.gov.br\/defesasanitariaanimal\/files\/2019\/12\/Produtos-para-desinfec\u00e7\u00e3o-de-utens\u00edlios-e-instala\u00e7\u00f5es-Tuberculose-e-Brucelose.pdf\">Produtos para desinfec\u00e7\u00e3o de utens\u00edlios e instala\u00e7\u00f5es para Tuberculose e Brucelose<\/a><\/p>\n\n\n\n<p style=\"font-size:12px\"><\/p>\n","protected":false},"excerpt":{"rendered":"<p>Produtos para desinfec\u00e7\u00e3o de utens\u00edlios e instala\u00e7\u00f5es para Tuberculose e Brucelose Produtos para desinfec\u00e7\u00e3o de utens\u00edlios e instala\u00e7\u00f5es para Tuberculose e Brucelose<\/p>\n","protected":false},"author":70,"featured_media":0,"parent":0,"menu_order":0,"comment_status":"closed","ping_status":"closed","template":"","meta":{"footnotes":""},"class_list":["post-27513","page","type-page","status-publish","hentry"],"_links":{"self":[{"href":"https:\/\/www.cidasc.sc.gov.br\/defesasanitariaanimal\/wp-json\/wp\/v2\/pages\/27513","targetHints":{"allow":["GET"]}}],"collection":[{"href":"https:\/\/www.cidasc.sc.gov.br\/defesasanitariaanimal\/wp-json\/wp\/v2\/pages"}],"about":[{"href":"https:\/\/www.cidasc.sc.gov.br\/defesasanitariaanimal\/wp-json\/wp\/v2\/types\/page"}],"author":[{"embeddable":true,"href":"https:\/\/www.cidasc.sc.gov.br\/defesasanitariaanimal\/wp-json\/wp\/v2\/users\/70"}],"replies":[{"embeddable":true,"href":"https:\/\/www.cidasc.sc.gov.br\/defesasanitariaanimal\/wp-json\/wp\/v2\/comments?post=27513"}],"version-history":[{"count":11,"href":"https:\/\/www.cidasc.sc.gov.br\/defesasanitariaanimal\/wp-json\/wp\/v2\/pages\/27513\/revisions"}],"predecessor-version":[{"id":29097,"href":"https:\/\/www.cidasc.sc.gov.br\/defesasanitariaanimal\/wp-json\/wp\/v2\/pages\/27513\/revisions\/29097"}],"wp:attachment":[{"href":"https:\/\/www.cidasc.sc.gov.br\/defesasanitariaanimal\/wp-json\/wp\/v2\/media?parent=27513"}],"curies":[{"name":"wp","href":"https:\/\/api.w.org\/{rel}","templated":true}]}}