{"id":27492,"date":"2023-08-30T19:45:38","date_gmt":"2023-08-30T19:45:38","guid":{"rendered":"https:\/\/www.cidasc.sc.gov.br\/defesasanitariaanimal\/?page_id=27492"},"modified":"2023-08-31T14:19:52","modified_gmt":"2023-08-31T14:19:52","slug":"defesa-sanitaria-animal-2","status":"publish","type":"page","link":"https:\/\/www.cidasc.sc.gov.br\/defesasanitariaanimal\/defesa-sanitaria-animal-2\/","title":{"rendered":"Coordena\u00e7\u00e3o Estadual de Erradica\u00e7\u00e3o de Brucelose e Tuberculose\u00a0"},"content":{"rendered":"\n<h3 class=\"wp-block-heading\"><\/h3>\n\n\n\n<div style=\"height:53px\" aria-hidden=\"true\" class=\"wp-block-spacer\"><\/div>\n\n\n\n<h4 class=\"wp-block-heading has-text-align-center\"><strong>VACINA\u00c7\u00c3O PARA BRUCELOSE COM AMOSTRA RB51<\/strong><\/h4>\n\n\n\n<div style=\"height:18px\" aria-hidden=\"true\" class=\"wp-block-spacer\"><\/div>\n\n\n\n<p class=\"has-text-align-center\">A vacina\u00e7\u00e3o \u00e9 OBRIGAT\u00d3RIA em rebanhos com foco de brucelose. \u00c9 autorizada a vacina\u00e7\u00e3o&nbsp;para brucelose de rebanhos bovinos &nbsp;em Santa Catarina, apenas utilizando a vacina com amostra RB51. A vacina\u00e7\u00e3o com a amostra B19 \u00e9 proibida no Estado.<\/p>\n\n\n\n<p class=\"has-text-align-center\">As normas para vacina\u00e7\u00e3o est\u00e3o citados na Portaria SAR n\u00b0 17\/2012, e os procedimentos para esta atividade est\u00e3o informados na Instru\u00e7\u00e3o de Servi\u00e7o 007\/2018, abaixo:<\/p>\n\n\n\n<div class=\"wp-block-group\" style=\"font-size:15px\"><div class=\"wp-block-group__inner-container is-layout-constrained wp-block-group-is-layout-constrained\">\n<div class=\"wp-block-group\"><div class=\"wp-block-group__inner-container is-layout-constrained wp-block-group-is-layout-constrained\">\n<p class=\"has-small-font-size\"><a href=\"http:\/\/www.cidasc.sc.gov.br\/defesasanitariaanimal\/programas\/controle-e-erradicacao-da-brucelose-e-tuberculose-bovinas\/portaria-19-2017-altera-art-8-reg-brucelose-e-tuberculose\/\" rel=\"attachment wp-att-10690\">PORTARIA SAR 19-2017 &#8211; ALTERA ART. 8\u00ba DA PORTARIA SAR n\u00ba 17\/2012<\/a><\/p>\n\n\n\n<p class=\"has-small-font-size\"><a href=\"http:\/\/www.cidasc.sc.gov.br\/defesasanitariaanimal\/files\/2019\/12\/IS-007-2018-Comercializa\u00e7\u00e3o-utiliza\u00e7\u00e3o-e-controle-da-vacina\u00e7\u00e3o-contra-brucelose-RB51.pdf\">INSTRU\u00c7\u00c3O DE SERVI\u00c7O 007-2018 &#8211; Comercializa\u00e7\u00e3o, utiliza\u00e7\u00e3o e controle da vacina\u00e7\u00e3o contra brucelose &#8211; RB51<\/a><\/p>\n\n\n\n<p class=\"has-small-font-size\"><a href=\"http:\/\/www.cidasc.sc.gov.br\/defesasanitariaanimal\/files\/2019\/12\/Anexos-Word-IS-007-2018-vacina\u00e7\u00e3o-RB51.doc\">ANEXOS EM WORD &#8211; IS 007 2018 &#8211; Cadastro de m\u00e9dicos veterin\u00e1rios para vacina\u00e7\u00e3o com RB51<\/a><\/p>\n\n\n\n<p class=\"has-small-font-size\"><a href=\"http:\/\/www.cidasc.sc.gov.br\/defesasanitariaanimal\/files\/2019\/01\/Boas-Pr\u00e1ticas-de-Manejo-Vacinacao.pdf\">BOAS PR\u00c1TICAS DE MANEJO VACINA\u00c7\u00c3O &#8211; MAPA <\/a>&nbsp;<\/p>\n\n\n\n<p class=\"has-small-font-size\"><a href=\"http:\/\/www.cidasc.sc.gov.br\/defesasanitariaanimal\/files\/2019\/11\/Passo-a-Passo-Receitu\u00e1rio-Vacina-RB51-SGPE-1.pdf\">PASSO A PASSO ULTILIZA\u00c7\u00c3O TELA RECEITU\u00c1RIO VACINA RB51 SIGEN+<\/a><\/p>\n<\/div><\/div>\n\n\n\n<p class=\"has-text-align-left\" style=\"font-size:15px\"><a href=\"https:\/\/docs.google.com\/spreadsheets\/d\/1ryJ84M0tiLT0VsHFcf0OWcVigRcUSm0LyelDj5lfR-w\/edit#gid=0\" target=\"_blank\" rel=\"noreferrer noopener\">M\u00e9dicos Veterin\u00e1rios cadastrados para vacina\u00e7\u00e3o RB51 <\/a><\/p>\n<\/div><\/div>\n","protected":false},"excerpt":{"rendered":"<p>VACINA\u00c7\u00c3O PARA BRUCELOSE COM AMOSTRA RB51 A vacina\u00e7\u00e3o \u00e9 OBRIGAT\u00d3RIA em rebanhos com foco de brucelose. \u00c9 autorizada a vacina\u00e7\u00e3o&nbsp;para brucelose de rebanhos bovinos &nbsp;em Santa Catarina, apenas utilizando a vacina com amostra RB51. A vacina\u00e7\u00e3o com a amostra B19 \u00e9 proibida no Estado. As normas para vacina\u00e7\u00e3o est\u00e3o citados na Portaria SAR n\u00b0 17\/2012,[&#8230;] <a class=\"moretag\" href=\"https:\/\/www.cidasc.sc.gov.br\/defesasanitariaanimal\/defesa-sanitaria-animal-2\/\">Leia mais&#8230;<\/a><\/p>\n","protected":false},"author":70,"featured_media":0,"parent":0,"menu_order":0,"comment_status":"closed","ping_status":"closed","template":"","meta":{"footnotes":""},"class_list":["post-27492","page","type-page","status-publish","hentry"],"_links":{"self":[{"href":"https:\/\/www.cidasc.sc.gov.br\/defesasanitariaanimal\/wp-json\/wp\/v2\/pages\/27492","targetHints":{"allow":["GET"]}}],"collection":[{"href":"https:\/\/www.cidasc.sc.gov.br\/defesasanitariaanimal\/wp-json\/wp\/v2\/pages"}],"about":[{"href":"https:\/\/www.cidasc.sc.gov.br\/defesasanitariaanimal\/wp-json\/wp\/v2\/types\/page"}],"author":[{"embeddable":true,"href":"https:\/\/www.cidasc.sc.gov.br\/defesasanitariaanimal\/wp-json\/wp\/v2\/users\/70"}],"replies":[{"embeddable":true,"href":"https:\/\/www.cidasc.sc.gov.br\/defesasanitariaanimal\/wp-json\/wp\/v2\/comments?post=27492"}],"version-history":[{"count":3,"href":"https:\/\/www.cidasc.sc.gov.br\/defesasanitariaanimal\/wp-json\/wp\/v2\/pages\/27492\/revisions"}],"predecessor-version":[{"id":27547,"href":"https:\/\/www.cidasc.sc.gov.br\/defesasanitariaanimal\/wp-json\/wp\/v2\/pages\/27492\/revisions\/27547"}],"wp:attachment":[{"href":"https:\/\/www.cidasc.sc.gov.br\/defesasanitariaanimal\/wp-json\/wp\/v2\/media?parent=27492"}],"curies":[{"name":"wp","href":"https:\/\/api.w.org\/{rel}","templated":true}]}}