{"id":27407,"date":"2023-08-23T19:40:32","date_gmt":"2023-08-23T19:40:32","guid":{"rendered":"https:\/\/www.cidasc.sc.gov.br\/defesasanitariaanimal\/?page_id=27407"},"modified":"2026-03-06T12:48:27","modified_gmt":"2026-03-06T12:48:27","slug":"javali","status":"publish","type":"page","link":"https:\/\/www.cidasc.sc.gov.br\/defesasanitariaanimal\/javali\/","title":{"rendered":"Javali"},"content":{"rendered":"\n<h1 class=\"wp-block-heading\"><a href=\"https:\/\/conecta.cidasc.sc.gov.br\/app\/private\/forms\/fill\/v2\/9eb9d037-bc84-4040-aa23-82c2104ec221\" data-type=\"URL\" target=\"_blank\" rel=\"noreferrer noopener\">&#8211; Formul\u00e1rio de colheita de amostras de javali<\/a><\/h1>\n\n\n\n<h1 class=\"wp-block-heading\"><a href=\"http:\/\/www.cidasc.sc.gov.br\/blog\/2021\/05\/31\/curso-prepara-agentes-para-monitoria-sanitaria-de-javalis\/\" data-type=\"URL\" data-id=\"http:\/\/www.cidasc.sc.gov.br\/blog\/2021\/05\/31\/curso-prepara-agentes-para-monitoria-sanitaria-de-javalis\/\" target=\"_blank\" rel=\"noreferrer noopener\">&#8211; Curso para monitoria sanit\u00e1ria de javali<\/a><\/h1>\n\n\n\n<h1 class=\"wp-block-heading\"><a href=\"https:\/\/forms.office.com\/Pages\/ResponsePage.aspx?id=jrNnk-sXWEOmZVylvfrwwjc_Uo0i8gdLkmf1toNwtN1UREtLRTcxTDNTVDBGS1gyQTlOWjBaQUUyRS4u\" data-type=\"link\" data-id=\"https:\/\/forms.office.com\/Pages\/ResponsePage.aspx?id=jrNnk-sXWEOmZVylvfrwwjc_Uo0i8gdLkmf1toNwtN1UREtLRTcxTDNTVDBGS1gyQTlOWjBaQUUyRS4u\">&#8211; Question\u00e1rio su\u00ednos asselvajados &#8211; Percep\u00e7\u00e3o de presen\u00e7a e seus impactos no Brasil (2026)<\/a> <\/h1>\n\n\n\n<h2 class=\"wp-block-heading\"><mark class=\"has-inline-color has-vivid-red-color\">Aten\u00e7\u00e3o!<\/mark><\/h2>\n\n\n\n<p>Este formul\u00e1rio deve ser preenchido exclusivamente pelo <strong>Agente de Manejo Populacional respons\u00e1vel<\/strong>, com as informa\u00e7\u00f5es referentes \u00e0s atividades realizadas.<\/p>\n\n\n\n<p><\/p>\n","protected":false},"excerpt":{"rendered":"<p>&#8211; Formul\u00e1rio de colheita de amostras de javali &#8211; Curso para monitoria sanit\u00e1ria de javali &#8211; Question\u00e1rio su\u00ednos asselvajados &#8211; Percep\u00e7\u00e3o de presen\u00e7a e seus impactos no Brasil (2026) Aten\u00e7\u00e3o! Este formul\u00e1rio deve ser preenchido exclusivamente pelo Agente de Manejo Populacional respons\u00e1vel, com as informa\u00e7\u00f5es referentes \u00e0s atividades realizadas.<\/p>\n","protected":false},"author":5,"featured_media":0,"parent":0,"menu_order":0,"comment_status":"closed","ping_status":"closed","template":"","meta":{"footnotes":""},"class_list":["post-27407","page","type-page","status-publish","hentry"],"_links":{"self":[{"href":"https:\/\/www.cidasc.sc.gov.br\/defesasanitariaanimal\/wp-json\/wp\/v2\/pages\/27407","targetHints":{"allow":["GET"]}}],"collection":[{"href":"https:\/\/www.cidasc.sc.gov.br\/defesasanitariaanimal\/wp-json\/wp\/v2\/pages"}],"about":[{"href":"https:\/\/www.cidasc.sc.gov.br\/defesasanitariaanimal\/wp-json\/wp\/v2\/types\/page"}],"author":[{"embeddable":true,"href":"https:\/\/www.cidasc.sc.gov.br\/defesasanitariaanimal\/wp-json\/wp\/v2\/users\/5"}],"replies":[{"embeddable":true,"href":"https:\/\/www.cidasc.sc.gov.br\/defesasanitariaanimal\/wp-json\/wp\/v2\/comments?post=27407"}],"version-history":[{"count":15,"href":"https:\/\/www.cidasc.sc.gov.br\/defesasanitariaanimal\/wp-json\/wp\/v2\/pages\/27407\/revisions"}],"predecessor-version":[{"id":34917,"href":"https:\/\/www.cidasc.sc.gov.br\/defesasanitariaanimal\/wp-json\/wp\/v2\/pages\/27407\/revisions\/34917"}],"wp:attachment":[{"href":"https:\/\/www.cidasc.sc.gov.br\/defesasanitariaanimal\/wp-json\/wp\/v2\/media?parent=27407"}],"curies":[{"name":"wp","href":"https:\/\/api.w.org\/{rel}","templated":true}]}}