{"id":24992,"date":"2022-11-30T21:02:27","date_gmt":"2022-11-30T21:02:27","guid":{"rendered":"https:\/\/www.cidasc.sc.gov.br\/defesasanitariaanimal\/?page_id=24992"},"modified":"2023-06-06T11:32:01","modified_gmt":"2023-06-06T11:32:01","slug":"vigilancia-epidemiologica-notificacao","status":"publish","type":"page","link":"https:\/\/www.cidasc.sc.gov.br\/defesasanitariaanimal\/vigilancia-epidemiologica-notificacao\/","title":{"rendered":"Notifica\u00e7\u00e3o de suspeita ou de ocorr\u00eancia de doen\u00e7a animal"},"content":{"rendered":"\n<p>Qualquer cidad\u00e3o ou profissional relacionado \u00e0 sa\u00fade animal que tenha conhecimento de suspeitas ou casos de doen\u00e7as t\u00eam a obriga\u00e7\u00e3o legal de comunicar aos \u00f3rg\u00e3os oficiais de defesa sanit\u00e1ria animal.<\/p>\n\n\n\n<p><mark style=\"background-color:white;color:#000000\" class=\"has-inline-color\">A Instru\u00e7\u00e3o Normativa do MAPA n\u00b0 50\/2013 define as doen\u00e7as de notifica\u00e7\u00e3o obrigat\u00f3ria ao Servi\u00e7o Veterin\u00e1rio Oficial, que devem ser comunicadas \u00e0 CIDASC atrav\u00e9s de qualquer <strong>Unidade Veterin\u00e1ria Local<\/strong>\u00a0(<\/mark><a rel=\"noreferrer noopener\" href=\"https:\/\/www.cidasc.sc.gov.br\/estrutura-organizacional\/\" target=\"_blank\"><mark style=\"background-color:white;color:#000000\" class=\"has-inline-color\"><strong>lista de endere\u00e7os e telefones<\/strong><\/mark><\/a><mark style=\"background-color:white;color:#000000\" class=\"has-inline-color\">) ou pelo\u00a0<strong>0800 643 9300<\/strong>\u00a0(telefone espec\u00edfico para notifica\u00e7\u00e3o de suspeita ou de ocorr\u00eancia de doen\u00e7a animal), ou ainda pelo<strong>\u00a0link abaixo<\/strong>.<\/mark><\/p>\n\n\n\n<p><strong><a href=\"https:\/\/sistemasweb4.agricultura.gov.br\/sisbravet\/manterNotificacao!abrirFormInternet.action\"><span style=\"color:#b22222\" class=\"has-inline-color\">Registrar uma notifica\u00e7\u00e3o<\/span><\/a><\/strong><\/p>\n\n\n\n<figure class=\"wp-block-image is-resized\"><a href=\"http:\/\/www.cidasc.sc.gov.br\/defesasanitariaanimal\/files\/2023\/05\/Sisbravet.jpg\"><img loading=\"lazy\" decoding=\"async\" src=\"http:\/\/www.cidasc.sc.gov.br\/defesasanitariaanimal\/files\/2023\/05\/Sisbravet.jpg\" alt=\"\" class=\"wp-image-26781\" width=\"228\" height=\"228\" \/><\/a><\/figure>\n\n\n\n<p>Para <strong>animais aqu\u00e1ticos<\/strong>, a Portaria MPA n\u00ba 19\/2015 define as doen\u00e7as de notifica\u00e7\u00e3o obrigat\u00f3ria ao Servi\u00e7o Veterin\u00e1rio Oficial, que devem ser comunicadas \u00e0 CIDASC atrav\u00e9s do e-mail <strong>pnsaa@cidasc.sc.gov.br<\/strong>.<\/p>\n\n\n\n<p><strong>Legisla\u00e7\u00e3o:<\/strong><\/p>\n\n\n\n<p><a href=\"https:\/\/www.gov.br\/agricultura\/pt-br\/assuntos\/sanidade-animal-e-vegetal\/saude-animal\/arquivos-sisa\/Listadedoencasanimaisdenotificaoobrigatoria.pdf\/@@download\/file\/listadedoencasanimaisdenotificaoobrigatoria.pdf\" target=\"_blank\" rel=\"noreferrer noopener\"><span style=\"color:#000000\" class=\"has-inline-color\">Instru\u00e7\u00e3o Normativa MAPA n\u00ba 50\/2013<\/span><\/a><span style=\"color:#000000\" class=\"has-inline-color\">&nbsp;\u2013 lista de doen\u00e7as de notifica\u00e7\u00e3o obrigat\u00f3ria ao Servi\u00e7o Veterin\u00e1rio Oficial.<\/span><\/p>\n\n\n\n<p><a href=\"https:\/\/www.gov.br\/agricultura\/pt-br\/assuntos\/sanidade-animal-e-vegetal\/saude-animal\/programas-de-saude-animal\/arquivos-programas-sanitarios\/PortariaMPAn19de04.02.2015Listadedoenasdenotificaoobrigatriadeanimaisaquticos.pdf\" target=\"_blank\" rel=\"noreferrer noopener\"><span style=\"color:#000000\" class=\"has-inline-color\">Portaria MPA n\u00ba 19\/2015&nbsp;<\/span><\/a>\u2013 lista de doen\u00e7as de notifica\u00e7\u00e3o obrigat\u00f3ria de&nbsp;animais aqu\u00e1ticos ao Servi\u00e7o Veterin\u00e1rio Oficial.&nbsp;<\/p>\n","protected":false},"excerpt":{"rendered":"<p>Qualquer cidad\u00e3o ou profissional relacionado \u00e0 sa\u00fade animal que tenha conhecimento de suspeitas ou casos de doen\u00e7as t\u00eam a obriga\u00e7\u00e3o legal de comunicar aos \u00f3rg\u00e3os oficiais de defesa sanit\u00e1ria animal. A Instru\u00e7\u00e3o Normativa do MAPA n\u00b0 50\/2013 define as doen\u00e7as de notifica\u00e7\u00e3o obrigat\u00f3ria ao Servi\u00e7o Veterin\u00e1rio Oficial, que devem ser comunicadas \u00e0 CIDASC atrav\u00e9s de[&#8230;] <a class=\"moretag\" href=\"https:\/\/www.cidasc.sc.gov.br\/defesasanitariaanimal\/vigilancia-epidemiologica-notificacao\/\">Leia mais&#8230;<\/a><\/p>\n","protected":false},"author":5,"featured_media":0,"parent":0,"menu_order":0,"comment_status":"closed","ping_status":"closed","template":"","meta":{"footnotes":""},"class_list":["post-24992","page","type-page","status-publish","hentry"],"_links":{"self":[{"href":"https:\/\/www.cidasc.sc.gov.br\/defesasanitariaanimal\/wp-json\/wp\/v2\/pages\/24992","targetHints":{"allow":["GET"]}}],"collection":[{"href":"https:\/\/www.cidasc.sc.gov.br\/defesasanitariaanimal\/wp-json\/wp\/v2\/pages"}],"about":[{"href":"https:\/\/www.cidasc.sc.gov.br\/defesasanitariaanimal\/wp-json\/wp\/v2\/types\/page"}],"author":[{"embeddable":true,"href":"https:\/\/www.cidasc.sc.gov.br\/defesasanitariaanimal\/wp-json\/wp\/v2\/users\/5"}],"replies":[{"embeddable":true,"href":"https:\/\/www.cidasc.sc.gov.br\/defesasanitariaanimal\/wp-json\/wp\/v2\/comments?post=24992"}],"version-history":[{"count":8,"href":"https:\/\/www.cidasc.sc.gov.br\/defesasanitariaanimal\/wp-json\/wp\/v2\/pages\/24992\/revisions"}],"predecessor-version":[{"id":26833,"href":"https:\/\/www.cidasc.sc.gov.br\/defesasanitariaanimal\/wp-json\/wp\/v2\/pages\/24992\/revisions\/26833"}],"wp:attachment":[{"href":"https:\/\/www.cidasc.sc.gov.br\/defesasanitariaanimal\/wp-json\/wp\/v2\/media?parent=24992"}],"curies":[{"name":"wp","href":"https:\/\/api.w.org\/{rel}","templated":true}]}}