{"id":2472,"date":"2014-02-05T16:03:46","date_gmt":"2014-02-05T16:03:46","guid":{"rendered":"http:\/\/www.cidasc.sc.gov.br\/defesasanitariaanimal\/?page_id=2472"},"modified":"2025-12-11T17:40:52","modified_gmt":"2025-12-11T17:40:52","slug":"vigilancia-sanitaria-e-transito-manuais-de-emissao-de-gta","status":"publish","type":"page","link":"https:\/\/www.cidasc.sc.gov.br\/defesasanitariaanimal\/programas\/vigilancia-sanitaria-animal-e-transito\/vigilancia-sanitaria-e-transito-manuais-de-emissao-de-gta\/","title":{"rendered":"Vigil\u00e2ncia Sanit\u00e1ria e Tr\u00e2nsito &#8211; Manuais de emiss\u00e3o de GTA"},"content":{"rendered":"\n<div class=\"wp-block-group is-vertical is-layout-flex wp-container-core-group-is-layout-68afab4e wp-block-group-is-layout-flex\">\n<p><a href=\"https:\/\/www.cidasc.sc.gov.br\/defesasanitariaanimal\/files\/2025\/12\/Abelhas-Bicho-da-seda-e-outros-invertebrados-terrestres-Manual-para-emissao-de-GTA-_-Manuais-da-SDA.pdf\">Abelhas, bicho-da-seda e outros invertebrados 6.1<\/a><\/p>\n<p><a href=\"https:\/\/www.cidasc.sc.gov.br\/defesasanitariaanimal\/files\/2025\/12\/Aquaticos-Manual-para-emissao-de-GTA-_-Manuais-da-SDA.pdf\">Aqu\u00e1ticos 13.1<\/a><\/p>\n<p><a href=\"https:\/\/www.cidasc.sc.gov.br\/defesasanitariaanimal\/files\/2025\/12\/EQC-Aves-Manual-de-Procedimentos-Operacionais-Padrao-para-a-utilizacao-das-Unidades-de-Quarentena-de-Aves-na-EQC.pdf\">EQC Aves 3.0<\/a><\/p>\n<p><a href=\"https:\/\/www.cidasc.sc.gov.br\/defesasanitariaanimal\/files\/2025\/12\/Aves-e-ovos-ferteis-Manual-de-procedimentos-para-o-transito-de-aves-de-producao-e-ovos-ferteis-com-finalidade-de-producao-de-carne-ovos-e-material-genetico-_-Manuais-da-SDA.pdf\">Aves e ovos f\u00e9rteis 6.1<\/a><\/p>\n<p><a href=\"https:\/\/www.cidasc.sc.gov.br\/defesasanitariaanimal\/files\/2025\/12\/Bovinos-e-bubalinos-Manual-de-Procedimentos-para-o-Transito-de-Bovinos-e-Bubalinos-_-Manuais-da-SDA.pdf\"><span style=\"color: #339966\">Bovinos e bubalinos 4.1<\/span><\/a><\/p>\n<p><a href=\"https:\/\/www.cidasc.sc.gov.br\/defesasanitariaanimal\/files\/2025\/12\/Caprinos-e-ovinos-Manual-de-Procedimentos-para-o-Transito-de-Caprinos-e-Ovinos-_-Manuais-da-SDA.pdf\">Caprinos e Ovinos 2.0<\/a><\/p>\n<p><a href=\"https:\/\/www.cidasc.sc.gov.br\/defesasanitariaanimal\/files\/2025\/12\/Equideos-Manual-de-Procedimento-para-o-Transito-de-Equideos-_-Manuais-da-SDA.pdf\">Equ\u00eddeos 2.2<\/a><\/p>\n<p><a href=\"https:\/\/www.cidasc.sc.gov.br\/defesasanitariaanimal\/files\/2025\/06\/Manual-para-emissao-de-GTA-de-Animais-Silvestres-12.1-_-Manuais-da-SDA.pdf\">Silvestres 12.1<\/a><\/p>\n<p><a href=\"https:\/\/www.cidasc.sc.gov.br\/defesasanitariaanimal\/files\/2025\/12\/Suideos-Manual-de-procedimentos-para-o-transito-de-suideos-_-Manuais-da-SDA.pdf\">Su\u00eddeos 4.1<\/a><\/p>\n<p><a href=\"https:\/\/www.cidasc.sc.gov.br\/defesasanitariaanimal\/files\/2025\/06\/EQCananeia-Suinos-4.0_Manual-de-Procedimentos-Operacionais-Padrao-para-a-utilizacao-das-Unidades-de-Quarentena-de-Suinos-na-EQC-1.pdf\">EQC Equ\u00eddeos 4.0<\/a><\/p>\n<\/div>\n","protected":false},"excerpt":{"rendered":"<p>Abelhas, bicho-da-seda e outros invertebrados 6.1 Aqu\u00e1ticos 13.1 EQC Aves 3.0 Aves e ovos f\u00e9rteis 6.1 Bovinos e bubalinos 4.1 Caprinos e Ovinos 2.0 Equ\u00eddeos 2.2 Silvestres 12.1 Su\u00eddeos 4.1 EQC Equ\u00eddeos 4.0<\/p>\n","protected":false},"author":5,"featured_media":0,"parent":39,"menu_order":0,"comment_status":"open","ping_status":"open","template":"","meta":{"footnotes":""},"class_list":["post-2472","page","type-page","status-publish","hentry"],"_links":{"self":[{"href":"https:\/\/www.cidasc.sc.gov.br\/defesasanitariaanimal\/wp-json\/wp\/v2\/pages\/2472","targetHints":{"allow":["GET"]}}],"collection":[{"href":"https:\/\/www.cidasc.sc.gov.br\/defesasanitariaanimal\/wp-json\/wp\/v2\/pages"}],"about":[{"href":"https:\/\/www.cidasc.sc.gov.br\/defesasanitariaanimal\/wp-json\/wp\/v2\/types\/page"}],"author":[{"embeddable":true,"href":"https:\/\/www.cidasc.sc.gov.br\/defesasanitariaanimal\/wp-json\/wp\/v2\/users\/5"}],"replies":[{"embeddable":true,"href":"https:\/\/www.cidasc.sc.gov.br\/defesasanitariaanimal\/wp-json\/wp\/v2\/comments?post=2472"}],"version-history":[{"count":80,"href":"https:\/\/www.cidasc.sc.gov.br\/defesasanitariaanimal\/wp-json\/wp\/v2\/pages\/2472\/revisions"}],"predecessor-version":[{"id":33928,"href":"https:\/\/www.cidasc.sc.gov.br\/defesasanitariaanimal\/wp-json\/wp\/v2\/pages\/2472\/revisions\/33928"}],"up":[{"embeddable":true,"href":"https:\/\/www.cidasc.sc.gov.br\/defesasanitariaanimal\/wp-json\/wp\/v2\/pages\/39"}],"wp:attachment":[{"href":"https:\/\/www.cidasc.sc.gov.br\/defesasanitariaanimal\/wp-json\/wp\/v2\/media?parent=2472"}],"curies":[{"name":"wp","href":"https:\/\/api.w.org\/{rel}","templated":true}]}}