{"id":24531,"date":"2022-10-03T21:08:03","date_gmt":"2022-10-03T21:08:03","guid":{"rendered":"http:\/\/www.cidasc.sc.gov.br\/defesasanitariaanimal\/?page_id=24531"},"modified":"2022-12-06T14:47:10","modified_gmt":"2022-12-06T14:47:10","slug":"monitoramento-microbiologico-de-moluscos-bivalves-em-areas-interditadas-2022-campanha10","status":"publish","type":"page","link":"https:\/\/www.cidasc.sc.gov.br\/defesasanitariaanimal\/monitoramento-microbiologico-de-moluscos-bivalves-em-areas-interditadas-2022-campanha10\/","title":{"rendered":"Monitoramento Microbiol\u00f3gico de Moluscos Bivalves em \u00c1reas Interditadas \u2013 2022"},"content":{"rendered":"\n<p><strong>CAMPANHA 10 \u2013 27\/09\/2022<\/strong><\/p>\n\n\n<p><strong>BARRA DO ARIRI\u00da<\/strong><\/p>\n<p><a href=\"https:\/\/www.cidasc.sc.gov.br\/defesasanitariaanimal\/monitoramento-microbiologico-de-moluscos-bivalves-em-areas-interditadas-2022-campanha10\/2463-0-2022-1-web-barra-do-aririu-mex-sul-1-lc\/\" rel=\"attachment wp-att-24536\">2463.0.2022.1.WEB &#8211; BARRA DO ARIRI\u00da &#8211; MEX &#8211; sul 1 &#8211; LC<\/a><\/p>\n<p><a href=\"https:\/\/www.cidasc.sc.gov.br\/defesasanitariaanimal\/monitoramento-microbiologico-de-moluscos-bivalves-em-areas-interditadas-2022-campanha10\/2464-0-2022-1-web-barra-do-aririu-mex-sul-2-lc\/\" rel=\"attachment wp-att-24535\">2464.0.2022.1.WEB &#8211; BARRA DO ARIRI\u00da &#8211; MEX &#8211; sul 2 &#8211; LC<\/a><\/p>\n<p><a href=\"https:\/\/www.cidasc.sc.gov.br\/defesasanitariaanimal\/monitoramento-microbiologico-de-moluscos-bivalves-em-areas-interditadas-2022-campanha10\/2465-0-2022-1-web-barra-do-aririu-mex-meio-lc\/\" rel=\"attachment wp-att-24534\">2465.0.2022.1.WEB &#8211; BARRA DO ARIRI\u00da &#8211; MEX &#8211; meio &#8211; LC<\/a><\/p>\n<p><a href=\"https:\/\/www.cidasc.sc.gov.br\/defesasanitariaanimal\/monitoramento-microbiologico-de-moluscos-bivalves-em-areas-interditadas-2022-campanha10\/2466-0-2022-1-web-barra-do-aririu-mex-dentro-lc\/\" rel=\"attachment wp-att-24533\">2466.0.2022.1.WEB &#8211; BARRA DO ARIRI\u00da &#8211; MEX &#8211; dentro &#8211; LC<\/a><\/p>\n<p><a href=\"https:\/\/www.cidasc.sc.gov.br\/defesasanitariaanimal\/monitoramento-microbiologico-de-moluscos-bivalves-em-areas-interditadas-2022-campanha10\/2467-0-2022-1-web-barra-do-aririu-mex-fora-lc\/\" rel=\"attachment wp-att-24532\">2467.0.2022.1.WEB &#8211; BARRA DO ARIRI\u00da &#8211; MEX &#8211; fora &#8211; LC<\/a><\/p>\n<p>\u00a0<\/p>\n<p><strong>BARRO VERMELHO<\/strong><\/p>\n<p><a href=\"http:\/\/www.cidasc.sc.gov.br\/defesasanitariaanimal\/monitoramento-microbiologico-de-moluscos-bivalves-em-areas-interditadas-2022-campanha10\/2474-2479-barro-vermelho-agua-do-mar\/\" rel=\"attachment wp-att-24585\">\u00c1gua do mar<\/a><\/p>\n<p><a href=\"https:\/\/www.cidasc.sc.gov.br\/defesasanitariaanimal\/monitoramento-microbiologico-de-moluscos-bivalves-em-areas-interditadas-2022-campanha10\/2468-0-2022-1-web-barro-vermelho-mex-canto-do-rio-lc\/\" rel=\"attachment wp-att-24542\">2468.0.2022.1.WEB &#8211; BARRO VERMELHO &#8211; MEX &#8211; canto do rio &#8211; LC<\/a><\/p>\n<p><a href=\"https:\/\/www.cidasc.sc.gov.br\/defesasanitariaanimal\/monitoramento-microbiologico-de-moluscos-bivalves-em-areas-interditadas-2022-campanha10\/2469-0-2022-1-web-barro-vermelho-mex-meio-lc\/\" rel=\"attachment wp-att-24541\">2469.0.2022.1.WEB &#8211; BARRO VERMELHO &#8211; MEX &#8211; meio &#8211; LC<\/a><\/p>\n<p><a href=\"https:\/\/www.cidasc.sc.gov.br\/defesasanitariaanimal\/monitoramento-microbiologico-de-moluscos-bivalves-em-areas-interditadas-2022-campanha10\/2470-0-2022-1-web-barro-vermelho-mex-sul-dentro-l\/\" rel=\"attachment wp-att-24540\">2470.0.2022.1.WEB &#8211; BARRO VERMELHO &#8211; MEX &#8211; sul dentro &#8211; L<\/a><\/p>\n<p><a href=\"https:\/\/www.cidasc.sc.gov.br\/defesasanitariaanimal\/monitoramento-microbiologico-de-moluscos-bivalves-em-areas-interditadas-2022-campanha10\/2471-0-2022-1-web-barro-vermelho-mex-sul-fora-lc\/\" rel=\"attachment wp-att-24539\">2471.0.2022.1.WEB &#8211; BARRO VERMELHO &#8211; MEX &#8211; sul fora &#8211; LC<\/a><\/p>\n<p><a href=\"https:\/\/www.cidasc.sc.gov.br\/defesasanitariaanimal\/monitoramento-microbiologico-de-moluscos-bivalves-em-areas-interditadas-2022-campanha10\/2472-0-2022-1-web-barro-vermelho-mex-ilha-grande-lc\/\" rel=\"attachment wp-att-24538\">2472.0.2022.1.WEB &#8211; BARRO VERMELHO &#8211; MEX &#8211; ilha grande &#8211; LC<\/a><\/p>\n<p><a href=\"https:\/\/www.cidasc.sc.gov.br\/defesasanitariaanimal\/monitoramento-microbiologico-de-moluscos-bivalves-em-areas-interditadas-2022-campanha10\/2473-0-2022-1-web-barro-vermelho-mex-ilha-pequena-l\/\" rel=\"attachment wp-att-24537\">2473.0.2022.1.WEB &#8211; BARRO VERMELHO &#8211; MEX &#8211; ilha pequena &#8211; L<\/a><\/p>\n<p>\u00a0<\/p>\n<p><strong>PONTA DE BAIXO<\/strong><\/p>\n<p><a href=\"https:\/\/www.cidasc.sc.gov.br\/defesasanitariaanimal\/monitoramento-microbiologico-de-moluscos-bivalves-em-areas-interditadas-2022-campanha10\/2453-0-2022-1-web-ponta-de-baixo-mex-ilha-1-lc\/\" rel=\"attachment wp-att-24547\">2453.0.2022.1.WEB &#8211; PONTA DE BAIXO &#8211; MEX &#8211; ilha 1 &#8211; LC<\/a><\/p>\n<p><a href=\"https:\/\/www.cidasc.sc.gov.br\/defesasanitariaanimal\/monitoramento-microbiologico-de-moluscos-bivalves-em-areas-interditadas-2022-campanha10\/2454-0-2022-1-web-ponta-de-baixo-mex-ilha-1-s\/\" rel=\"attachment wp-att-24546\">2454.0.2022.1.WEB &#8211; PONTA DE BAIXO &#8211; MEX &#8211; ilha 1 &#8211; S<\/a><\/p>\n<p><a href=\"https:\/\/www.cidasc.sc.gov.br\/defesasanitariaanimal\/monitoramento-microbiologico-de-moluscos-bivalves-em-areas-interditadas-2022-campanha10\/2455-0-2022-1-web-ponta-de-baixo-mex-centro-historico-lc\/\" rel=\"attachment wp-att-24545\">2455.0.2022.1.WEB &#8211; PONTA DE BAIXO &#8211; MEX &#8211; centro historico &#8211; LC<\/a><\/p>\n<p><a href=\"https:\/\/www.cidasc.sc.gov.br\/defesasanitariaanimal\/monitoramento-microbiologico-de-moluscos-bivalves-em-areas-interditadas-2022-campanha10\/2456-0-2022-1-web-ponta-de-baixo-mex-beira-mar-2-lc\/\" rel=\"attachment wp-att-24544\">2456.0.2022.1.WEB &#8211; PONTA DE BAIXO &#8211; MEX &#8211; beira mar 2 &#8211; LC<\/a><\/p>\n<p><a href=\"https:\/\/www.cidasc.sc.gov.br\/defesasanitariaanimal\/monitoramento-microbiologico-de-moluscos-bivalves-em-areas-interditadas-2022-campanha10\/2457-0-2022-1-web-ponta-de-baixo-mex-beira-mar-1-l\/\" rel=\"attachment wp-att-24543\">2457.0.2022.1.WEB &#8211; PONTA DE BAIXO &#8211; MEX &#8211; beira mar 1 &#8211; L<\/a><\/p>\n<p>\u00a0<\/p>\n<p><strong>SERRARIA<\/strong><\/p>\n<p><a href=\"https:\/\/www.cidasc.sc.gov.br\/defesasanitariaanimal\/monitoramento-microbiologico-de-moluscos-bivalves-em-areas-interditadas-2022-campanha10\/2458-0-2022-1-web-serraria-mex-tipitinga-1-lc\/\" rel=\"attachment wp-att-24552\">2458.0.2022.1.WEB &#8211; SERRARIA &#8211; MEX &#8211; tipitinga 1 &#8211; LC<\/a><\/p>\n<p><a href=\"https:\/\/www.cidasc.sc.gov.br\/defesasanitariaanimal\/monitoramento-microbiologico-de-moluscos-bivalves-em-areas-interditadas-2022-campanha10\/2459-0-2022-1-web-serraria-mex-tipitinga-2-lc\/\" rel=\"attachment wp-att-24551\">2459.0.2022.1.WEB &#8211; SERRARIA &#8211; MEX &#8211; tipitinga 2 &#8211; LC<\/a><\/p>\n<p><a href=\"https:\/\/www.cidasc.sc.gov.br\/defesasanitariaanimal\/monitoramento-microbiologico-de-moluscos-bivalves-em-areas-interditadas-2022-campanha10\/2460-0-2022-1-web-serraria-mex-meio-lc\/\" rel=\"attachment wp-att-24550\">2460.0.2022.1.WEB &#8211; SERRARIA &#8211; MEX &#8211; meio &#8211; LC<\/a><\/p>\n<p><a href=\"https:\/\/www.cidasc.sc.gov.br\/defesasanitariaanimal\/monitoramento-microbiologico-de-moluscos-bivalves-em-areas-interditadas-2022-campanha10\/2461-0-2022-1-web-serraria-mex-dentro-2-lc\/\" rel=\"attachment wp-att-24549\">2461.0.2022.1.WEB &#8211; SERRARIA &#8211; MEX &#8211; dentro 2 &#8211; LC<\/a><\/p>\n<p><a href=\"https:\/\/www.cidasc.sc.gov.br\/defesasanitariaanimal\/monitoramento-microbiologico-de-moluscos-bivalves-em-areas-interditadas-2022-campanha10\/2462-0-2022-1-web-serraria-mex-dentro-1-s\/\" rel=\"attachment wp-att-24548\">2462.0.2022.1.WEB &#8211; SERRARIA &#8211; MEX &#8211; dentro 1 &#8211; S<\/a><\/p>","protected":false},"excerpt":{"rendered":"<p>CAMPANHA 10 \u2013 27\/09\/2022 BARRA DO ARIRI\u00da 2463.0.2022.1.WEB &#8211; BARRA DO ARIRI\u00da &#8211; MEX &#8211; sul 1 &#8211; LC 2464.0.2022.1.WEB &#8211; BARRA DO ARIRI\u00da &#8211; MEX &#8211; sul 2 &#8211; LC 2465.0.2022.1.WEB &#8211; BARRA DO ARIRI\u00da &#8211; MEX &#8211; meio &#8211; LC 2466.0.2022.1.WEB &#8211; BARRA DO ARIRI\u00da &#8211; MEX &#8211; dentro &#8211; LC 2467.0.2022.1.WEB &#8211;[&#8230;] <a class=\"moretag\" href=\"https:\/\/www.cidasc.sc.gov.br\/defesasanitariaanimal\/monitoramento-microbiologico-de-moluscos-bivalves-em-areas-interditadas-2022-campanha10\/\">Leia mais&#8230;<\/a><\/p>\n","protected":false},"author":12,"featured_media":0,"parent":0,"menu_order":0,"comment_status":"closed","ping_status":"closed","template":"","meta":{"footnotes":""},"class_list":["post-24531","page","type-page","status-publish","hentry"],"_links":{"self":[{"href":"https:\/\/www.cidasc.sc.gov.br\/defesasanitariaanimal\/wp-json\/wp\/v2\/pages\/24531","targetHints":{"allow":["GET"]}}],"collection":[{"href":"https:\/\/www.cidasc.sc.gov.br\/defesasanitariaanimal\/wp-json\/wp\/v2\/pages"}],"about":[{"href":"https:\/\/www.cidasc.sc.gov.br\/defesasanitariaanimal\/wp-json\/wp\/v2\/types\/page"}],"author":[{"embeddable":true,"href":"https:\/\/www.cidasc.sc.gov.br\/defesasanitariaanimal\/wp-json\/wp\/v2\/users\/12"}],"replies":[{"embeddable":true,"href":"https:\/\/www.cidasc.sc.gov.br\/defesasanitariaanimal\/wp-json\/wp\/v2\/comments?post=24531"}],"version-history":[{"count":11,"href":"https:\/\/www.cidasc.sc.gov.br\/defesasanitariaanimal\/wp-json\/wp\/v2\/pages\/24531\/revisions"}],"predecessor-version":[{"id":25038,"href":"https:\/\/www.cidasc.sc.gov.br\/defesasanitariaanimal\/wp-json\/wp\/v2\/pages\/24531\/revisions\/25038"}],"wp:attachment":[{"href":"https:\/\/www.cidasc.sc.gov.br\/defesasanitariaanimal\/wp-json\/wp\/v2\/media?parent=24531"}],"curies":[{"name":"wp","href":"https:\/\/api.w.org\/{rel}","templated":true}]}}