{"id":24401,"date":"2022-09-22T20:32:00","date_gmt":"2022-09-22T20:32:00","guid":{"rendered":"http:\/\/www.cidasc.sc.gov.br\/defesasanitariaanimal\/?page_id=24401"},"modified":"2022-12-06T14:34:09","modified_gmt":"2022-12-06T14:34:09","slug":"monitoramento-microbiologico-de-moluscos-bivalves-em-areas-interditadas-2022-campanha09","status":"publish","type":"page","link":"https:\/\/www.cidasc.sc.gov.br\/defesasanitariaanimal\/monitoramento-microbiologico-de-moluscos-bivalves-em-areas-interditadas-2022-campanha09\/","title":{"rendered":"Monitoramento Microbiol\u00f3gico de Moluscos Bivalves em \u00c1reas Interditadas \u2013 2022"},"content":{"rendered":"\n<p><strong>CAMPANHA 09 \u2013 13\/09\/2022<\/strong><\/p>\n\n\n<p><strong>BARRA DO ARIRI\u00da<\/strong><\/p>\n<p><a href=\"https:\/\/www.cidasc.sc.gov.br\/defesasanitariaanimal\/monitoramento-microbiologico-de-moluscos-bivalves-em-areas-interditadas-2022-campanha09\/2326-0-2022-1-web-barra-do-aririu-mex-sul-1-lc\/\" rel=\"attachment wp-att-24402\">2326.0.2022.1.WEB &#8211; BARRA DO ARIRI\u00da &#8211; MEX &#8211; sul 1 &#8211; LC<\/a><\/p>\n<p><a href=\"https:\/\/www.cidasc.sc.gov.br\/defesasanitariaanimal\/monitoramento-microbiologico-de-moluscos-bivalves-em-areas-interditadas-2022-campanha09\/2327-0-2022-1-web-barra-do-aririu-mex-sul-2-s\/\" rel=\"attachment wp-att-24406\">2327.0.2022.1.WEB &#8211; BARRA DO ARIRI\u00da &#8211; MEX &#8211; sul 2 &#8211; S<\/a><\/p>\n<p><a href=\"https:\/\/www.cidasc.sc.gov.br\/defesasanitariaanimal\/monitoramento-microbiologico-de-moluscos-bivalves-em-areas-interditadas-2022-campanha09\/2328-0-2022-1-web-barra-do-aririu-mex-meio-s\/\" rel=\"attachment wp-att-24405\">2328.0.2022.1.WEB &#8211; BARRA DO ARIRI\u00da &#8211; MEX &#8211; meio &#8211; S<\/a><\/p>\n<p><a href=\"https:\/\/www.cidasc.sc.gov.br\/defesasanitariaanimal\/monitoramento-microbiologico-de-moluscos-bivalves-em-areas-interditadas-2022-campanha09\/2329-0-2022-1-web-barra-do-aririu-mex-dentro-lc\/\" rel=\"attachment wp-att-24404\">2329.0.2022.1.WEB &#8211; BARRA DO ARIRI\u00da &#8211; MEX &#8211; dentro &#8211; LC<\/a><\/p>\n<p><a href=\"https:\/\/www.cidasc.sc.gov.br\/defesasanitariaanimal\/monitoramento-microbiologico-de-moluscos-bivalves-em-areas-interditadas-2022-campanha09\/2330-0-2022-1-web-barra-do-aririu-mex-fora-s\/\" rel=\"attachment wp-att-24403\">2330.0.2022.1.WEB &#8211; BARRA DO ARIRI\u00da &#8211; MEX &#8211; fora &#8211; S<\/a><\/p>\n<p>\u00a0<\/p>\n<p><strong>BARRO VERMELHO<\/strong><\/p>\n<p><a href=\"http:\/\/www.cidasc.sc.gov.br\/defesasanitariaanimal\/monitoramento-microbiologico-de-moluscos-bivalves-em-areas-interditadas-2022-campanha09\/2348-2353-barro-vermelho-agua-do-mar\/\" rel=\"attachment wp-att-24457\">\u00c1GUA DO MAR<\/a><\/p>\n<p><a href=\"https:\/\/www.cidasc.sc.gov.br\/defesasanitariaanimal\/monitoramento-microbiologico-de-moluscos-bivalves-em-areas-interditadas-2022-campanha09\/2336-0-2022-1-web-barro-vermelho-mex-canto-do-rio-s\/\" rel=\"attachment wp-att-24412\">2336.0.2022.1.WEB &#8211; BARRO VERMELHO &#8211; MEX &#8211; canto do rio &#8211; S<\/a><\/p>\n<p><a href=\"https:\/\/www.cidasc.sc.gov.br\/defesasanitariaanimal\/monitoramento-microbiologico-de-moluscos-bivalves-em-areas-interditadas-2022-campanha09\/2337-0-2022-1-web-barro-vermelho-mex-meio-s\/\" rel=\"attachment wp-att-24411\">2337.0.2022.1.WEB &#8211; BARRO VERMELHO &#8211; MEX &#8211; meio &#8211; S<\/a><\/p>\n<p><a href=\"https:\/\/www.cidasc.sc.gov.br\/defesasanitariaanimal\/monitoramento-microbiologico-de-moluscos-bivalves-em-areas-interditadas-2022-campanha09\/2338-0-2022-1-web-barro-vermelho-mex-sul-dentro-s\/\" rel=\"attachment wp-att-24410\">2338.0.2022.1.WEB &#8211; BARRO VERMELHO &#8211; MEX &#8211; sul dentro &#8211; S<\/a><\/p>\n<p><a href=\"https:\/\/www.cidasc.sc.gov.br\/defesasanitariaanimal\/monitoramento-microbiologico-de-moluscos-bivalves-em-areas-interditadas-2022-campanha09\/2339-0-2022-1-web-barro-vermelho-mex-sul-fora-s\/\" rel=\"attachment wp-att-24409\">2339.0.2022.1.WEB &#8211; BARRO VERMELHO &#8211; MEX &#8211; sul fora &#8211; S<\/a><\/p>\n<p><a href=\"https:\/\/www.cidasc.sc.gov.br\/defesasanitariaanimal\/monitoramento-microbiologico-de-moluscos-bivalves-em-areas-interditadas-2022-campanha09\/2340-0-2022-1-web-barro-vermelho-mex-ilha-grande-lc\/\" rel=\"attachment wp-att-24408\">2340.0.2022.1.WEB &#8211; BARRO VERMELHO &#8211; MEX &#8211; ilha grande &#8211; LC<\/a><\/p>\n<p><a href=\"https:\/\/www.cidasc.sc.gov.br\/defesasanitariaanimal\/monitoramento-microbiologico-de-moluscos-bivalves-em-areas-interditadas-2022-campanha09\/2346-0-2022-1-web-barro-vermelho-mex-ilha-pequena-s\/\" rel=\"attachment wp-att-24407\">2346.0.2022.1.WEB &#8211; BARRO VERMELHO &#8211; MEX &#8211; ilha pequena &#8211; S<\/a><\/p>\n<p>\u00a0<\/p>\n<p><strong>PONTA DE BAIXO<\/strong><\/p>\n<p><a href=\"https:\/\/www.cidasc.sc.gov.br\/defesasanitariaanimal\/monitoramento-microbiologico-de-moluscos-bivalves-em-areas-interditadas-2022-campanha09\/2341-0-2022-1-web-ponta-de-baixo-mex-ilha-1-lc\/\" rel=\"attachment wp-att-24417\">2341.0.2022.1.WEB &#8211; PONTA DE BAIXO &#8211; MEX &#8211; ilha 1 &#8211; LC<\/a><\/p>\n<p><a href=\"https:\/\/www.cidasc.sc.gov.br\/defesasanitariaanimal\/monitoramento-microbiologico-de-moluscos-bivalves-em-areas-interditadas-2022-campanha09\/2342-0-2022-1-web-ponta-de-baixo-mex-ilha-2-lc\/\" rel=\"attachment wp-att-24416\">2342.0.2022.1.WEB &#8211; PONTA DE BAIXO &#8211; MEX &#8211; ilha 2 &#8211; LC<\/a><\/p>\n<p><a href=\"https:\/\/www.cidasc.sc.gov.br\/defesasanitariaanimal\/monitoramento-microbiologico-de-moluscos-bivalves-em-areas-interditadas-2022-campanha09\/2343-0-2022-1-web-ponta-de-baixo-mex-centro-historico-lc\/\" rel=\"attachment wp-att-24415\">2343.0.2022.1.WEB &#8211; PONTA DE BAIXO &#8211; MEX &#8211; centro hist\u00f3rico &#8211; LC<\/a><\/p>\n<p><a href=\"https:\/\/www.cidasc.sc.gov.br\/defesasanitariaanimal\/monitoramento-microbiologico-de-moluscos-bivalves-em-areas-interditadas-2022-campanha09\/2344-0-2022-1-web-ponta-de-baixo-mex-beira-mar-2-lc\/\" rel=\"attachment wp-att-24414\">2344.0.2022.1.WEB &#8211; PONTA DE BAIXO &#8211; MEX &#8211; beira mar 2 &#8211; LC<\/a><\/p>\n<p><a href=\"https:\/\/www.cidasc.sc.gov.br\/defesasanitariaanimal\/monitoramento-microbiologico-de-moluscos-bivalves-em-areas-interditadas-2022-campanha09\/2345-0-2022-1-web-ponta-de-baixo-mex-beira-mar-1-lc\/\" rel=\"attachment wp-att-24413\">2345.0.2022.1.WEB &#8211; PONTA DE BAIXO &#8211; MEX &#8211; beira mar 1 &#8211; LC<\/a><\/p>\n<p>\u00a0<\/p>\n<p><strong>SERRARIA<\/strong><\/p>\n<p><a href=\"https:\/\/www.cidasc.sc.gov.br\/defesasanitariaanimal\/monitoramento-microbiologico-de-moluscos-bivalves-em-areas-interditadas-2022-campanha09\/2331-0-2022-1-web-serraria-mex-tipitinga-1-lc\/\" rel=\"attachment wp-att-24422\">2331.0.2022.1.WEB &#8211; SERRARIA &#8211; MEX &#8211; tipitinga 1 &#8211; LC<\/a><\/p>\n<p><a href=\"https:\/\/www.cidasc.sc.gov.br\/defesasanitariaanimal\/monitoramento-microbiologico-de-moluscos-bivalves-em-areas-interditadas-2022-campanha09\/2332-0-2022-1-web-serraria-mex-tipitinga-2-lc\/\" rel=\"attachment wp-att-24421\">2332.0.2022.1.WEB &#8211; SERRARIA &#8211; MEX &#8211; tipitinga 2 &#8211; LC<\/a><\/p>\n<p><a href=\"https:\/\/www.cidasc.sc.gov.br\/defesasanitariaanimal\/monitoramento-microbiologico-de-moluscos-bivalves-em-areas-interditadas-2022-campanha09\/2333-0-2022-1-web-serraria-mex-meio-lc\/\" rel=\"attachment wp-att-24420\">2333.0.2022.1.WEB &#8211; SERRARIA &#8211; MEX &#8211; meio &#8211; LC<\/a><\/p>\n<p><a href=\"https:\/\/www.cidasc.sc.gov.br\/defesasanitariaanimal\/monitoramento-microbiologico-de-moluscos-bivalves-em-areas-interditadas-2022-campanha09\/2334-0-2022-1-web-serraria-mex-dentro-2-lc\/\" rel=\"attachment wp-att-24419\">2334.0.2022.1.WEB &#8211; SERRARIA &#8211; MEX &#8211; dentro 2 &#8211; LC<\/a><\/p>\n<p><a href=\"https:\/\/www.cidasc.sc.gov.br\/defesasanitariaanimal\/monitoramento-microbiologico-de-moluscos-bivalves-em-areas-interditadas-2022-campanha09\/2335-0-2022-1-web-serraria-mex-dentro-1-lc\/\" rel=\"attachment wp-att-24418\">2335.0.2022.1.WEB &#8211; SERRARIA &#8211; MEX &#8211; dentro 1 &#8211; LC<\/a><\/p>","protected":false},"excerpt":{"rendered":"<p>CAMPANHA 09 \u2013 13\/09\/2022 BARRA DO ARIRI\u00da 2326.0.2022.1.WEB &#8211; BARRA DO ARIRI\u00da &#8211; MEX &#8211; sul 1 &#8211; LC 2327.0.2022.1.WEB &#8211; BARRA DO ARIRI\u00da &#8211; MEX &#8211; sul 2 &#8211; S 2328.0.2022.1.WEB &#8211; BARRA DO ARIRI\u00da &#8211; MEX &#8211; meio &#8211; S 2329.0.2022.1.WEB &#8211; BARRA DO ARIRI\u00da &#8211; MEX &#8211; dentro &#8211; LC 2330.0.2022.1.WEB &#8211;[&#8230;] <a class=\"moretag\" href=\"https:\/\/www.cidasc.sc.gov.br\/defesasanitariaanimal\/monitoramento-microbiologico-de-moluscos-bivalves-em-areas-interditadas-2022-campanha09\/\">Leia mais&#8230;<\/a><\/p>\n","protected":false},"author":12,"featured_media":0,"parent":0,"menu_order":0,"comment_status":"closed","ping_status":"closed","template":"","meta":{"footnotes":""},"class_list":["post-24401","page","type-page","status-publish","hentry"],"_links":{"self":[{"href":"https:\/\/www.cidasc.sc.gov.br\/defesasanitariaanimal\/wp-json\/wp\/v2\/pages\/24401","targetHints":{"allow":["GET"]}}],"collection":[{"href":"https:\/\/www.cidasc.sc.gov.br\/defesasanitariaanimal\/wp-json\/wp\/v2\/pages"}],"about":[{"href":"https:\/\/www.cidasc.sc.gov.br\/defesasanitariaanimal\/wp-json\/wp\/v2\/types\/page"}],"author":[{"embeddable":true,"href":"https:\/\/www.cidasc.sc.gov.br\/defesasanitariaanimal\/wp-json\/wp\/v2\/users\/12"}],"replies":[{"embeddable":true,"href":"https:\/\/www.cidasc.sc.gov.br\/defesasanitariaanimal\/wp-json\/wp\/v2\/comments?post=24401"}],"version-history":[{"count":6,"href":"https:\/\/www.cidasc.sc.gov.br\/defesasanitariaanimal\/wp-json\/wp\/v2\/pages\/24401\/revisions"}],"predecessor-version":[{"id":25032,"href":"https:\/\/www.cidasc.sc.gov.br\/defesasanitariaanimal\/wp-json\/wp\/v2\/pages\/24401\/revisions\/25032"}],"wp:attachment":[{"href":"https:\/\/www.cidasc.sc.gov.br\/defesasanitariaanimal\/wp-json\/wp\/v2\/media?parent=24401"}],"curies":[{"name":"wp","href":"https:\/\/api.w.org\/{rel}","templated":true}]}}