{"id":24308,"date":"2022-09-09T14:18:55","date_gmt":"2022-09-09T14:18:55","guid":{"rendered":"http:\/\/www.cidasc.sc.gov.br\/defesasanitariaanimal\/?page_id=24308"},"modified":"2022-12-06T14:02:21","modified_gmt":"2022-12-06T14:02:21","slug":"monitoramento-microbiologico-de-moluscos-bivalves-em-areas-interditadas-2022-campanha08","status":"publish","type":"page","link":"https:\/\/www.cidasc.sc.gov.br\/defesasanitariaanimal\/monitoramento-microbiologico-de-moluscos-bivalves-em-areas-interditadas-2022-campanha08\/","title":{"rendered":"Monitoramento Microbiol\u00f3gico de Moluscos Bivalves em \u00c1reas Interditadas \u2013 2022"},"content":{"rendered":"\n<p><strong>CAMPANHA 08 \u2013 30\/08\/2022<\/strong><\/p>\n\n\n<p><strong>BARRA DO ARIRI\u00da<\/strong><\/p>\n<p><a href=\"https:\/\/www.cidasc.sc.gov.br\/defesasanitariaanimal\/monitoramento-microbiologico-de-moluscos-bivalves-em-areas-interditadas-2022-campanha08\/2198-0-2022-1-web-barra-do-aririu-mex-dentro-lc\/\" rel=\"attachment wp-att-24329\">2198.0.2022.1.WEB &#8211; BARRA DO ARIRI\u00da &#8211; MEX &#8211; dentro &#8211; LC<\/a><\/p>\n<p><a href=\"https:\/\/www.cidasc.sc.gov.br\/defesasanitariaanimal\/monitoramento-microbiologico-de-moluscos-bivalves-em-areas-interditadas-2022-campanha08\/2199-0-2022-1-web-barra-do-aririu-mex-meio-lc\/\" rel=\"attachment wp-att-24328\">2199.0.2022.1.WEB &#8211; BARRA DO ARIRI\u00da &#8211; MEX &#8211; meio &#8211; LC<\/a><\/p>\n<p><a href=\"https:\/\/www.cidasc.sc.gov.br\/defesasanitariaanimal\/monitoramento-microbiologico-de-moluscos-bivalves-em-areas-interditadas-2022-campanha08\/2200-0-2022-1-web-barra-do-aririu-mex-fora-lc\/\" rel=\"attachment wp-att-24327\">2200.0.2022.1.WEB &#8211; BARRA DO ARIRI\u00da &#8211; MEX &#8211; fora &#8211; LC<\/a><\/p>\n<p><a href=\"https:\/\/www.cidasc.sc.gov.br\/defesasanitariaanimal\/monitoramento-microbiologico-de-moluscos-bivalves-em-areas-interditadas-2022-campanha08\/2201-0-2022-1-web-barra-do-aririu-mex-sul-1-lc\/\" rel=\"attachment wp-att-24326\">2201.0.2022.1.WEB &#8211; BARRA DO ARIRI\u00da &#8211; MEX &#8211; sul 1 &#8211; LC<\/a><\/p>\n<p><a href=\"https:\/\/www.cidasc.sc.gov.br\/defesasanitariaanimal\/monitoramento-microbiologico-de-moluscos-bivalves-em-areas-interditadas-2022-campanha08\/2202-0-2022-1-web-barra-do-aririu-mex-sul-2-lc\/\" rel=\"attachment wp-att-24325\">2202.0.2022.1.WEB &#8211; BARRA DO ARIRI\u00da &#8211; MEX &#8211; sul 2 &#8211; LC<\/a><\/p>\n<p>\u00a0<\/p>\n<p><strong>BARRO VERMELHO<\/strong><\/p>\n<p><a href=\"http:\/\/www.cidasc.sc.gov.br\/defesasanitariaanimal\/monitoramento-microbiologico-de-moluscos-bivalves-em-areas-interditadas-2022-campanha08\/2182-2187-barro-vermelho-agua-do-mar\/\" rel=\"attachment wp-att-24678\">\u00c1gua do mar<\/a><\/p>\n<p><a href=\"https:\/\/www.cidasc.sc.gov.br\/defesasanitariaanimal\/monitoramento-microbiologico-de-moluscos-bivalves-em-areas-interditadas-2022-campanha08\/2176-0-2022-1-web-barro-vermelho-mex-ilha-pequena-lc\/\" rel=\"attachment wp-att-24324\">2176.0.2022.1.WEB &#8211; BARRO VERMELHO &#8211; MEX &#8211; ilha pequena &#8211; LC<\/a><\/p>\n<p><a href=\"https:\/\/www.cidasc.sc.gov.br\/defesasanitariaanimal\/monitoramento-microbiologico-de-moluscos-bivalves-em-areas-interditadas-2022-campanha08\/2177-0-2022-1-web-barro-vermelho-mex-ilha-grande-lc\/\" rel=\"attachment wp-att-24323\">2177.0.2022.1.WEB &#8211; BARRO VERMELHO &#8211; MEX &#8211; ilha grande &#8211; LC<\/a><\/p>\n<p><a href=\"https:\/\/www.cidasc.sc.gov.br\/defesasanitariaanimal\/monitoramento-microbiologico-de-moluscos-bivalves-em-areas-interditadas-2022-campanha08\/2178-0-2022-1-web-barro-vermelho-mex-sul-fora-lc\/\" rel=\"attachment wp-att-24322\">2178.0.2022.1.WEB &#8211; BARRO VERMELHO &#8211; MEX &#8211; sul fora &#8211; LC<\/a><\/p>\n<p><a href=\"https:\/\/www.cidasc.sc.gov.br\/defesasanitariaanimal\/monitoramento-microbiologico-de-moluscos-bivalves-em-areas-interditadas-2022-campanha08\/2179-0-2022-1-web-barro-vermelho-mex-sul-dentro-lc\/\" rel=\"attachment wp-att-24321\">2179.0.2022.1.WEB &#8211; BARRO VERMELHO &#8211; MEX &#8211; sul dentro &#8211; LC<\/a><\/p>\n<p><a href=\"https:\/\/www.cidasc.sc.gov.br\/defesasanitariaanimal\/monitoramento-microbiologico-de-moluscos-bivalves-em-areas-interditadas-2022-campanha08\/2180-0-2022-1-web-barro-vermelho-mex-meio-lc\/\" rel=\"attachment wp-att-24320\">2180.0.2022.1.WEB &#8211; BARRO VERMELHO &#8211; MEX &#8211; meio &#8211; LC<\/a><\/p>\n<p><a href=\"https:\/\/www.cidasc.sc.gov.br\/defesasanitariaanimal\/monitoramento-microbiologico-de-moluscos-bivalves-em-areas-interditadas-2022-campanha08\/2181-0-2022-1-web-barro-vermelho-mex-canto-do-rio-lc\/\" rel=\"attachment wp-att-24319\">2181.0.2022.1.WEB &#8211; BARRO VERMELHO &#8211; MEX &#8211; canto do rio &#8211; LC<\/a><\/p>\n<p>\u00a0<\/p>\n<p><strong>PONTA DE BAIXO<\/strong><\/p>\n<p><a href=\"https:\/\/www.cidasc.sc.gov.br\/defesasanitariaanimal\/monitoramento-microbiologico-de-moluscos-bivalves-em-areas-interditadas-2022-campanha08\/2188-0-2022-1-web-ponta-de-baixo-mex-beira-mar-1-s\/\" rel=\"attachment wp-att-24318\">2188.0.2022.1.WEB &#8211; PONTA DE BAIXO &#8211; MEX &#8211; beira mar 1 &#8211; S<\/a><\/p>\n<p><a href=\"https:\/\/www.cidasc.sc.gov.br\/defesasanitariaanimal\/monitoramento-microbiologico-de-moluscos-bivalves-em-areas-interditadas-2022-campanha08\/2189-0-2022-1-web-ponta-de-baixo-mex-beira-mar-2-lc\/\" rel=\"attachment wp-att-24317\">2189.0.2022.1.WEB &#8211; PONTA DE BAIXO &#8211; MEX &#8211; beira mar 2 &#8211; LC<\/a><\/p>\n<p><a href=\"https:\/\/www.cidasc.sc.gov.br\/defesasanitariaanimal\/monitoramento-microbiologico-de-moluscos-bivalves-em-areas-interditadas-2022-campanha08\/2190-0-2022-1-web-ponta-de-baixo-mex-centro-historico-lc\/\" rel=\"attachment wp-att-24316\">2190.0.2022.1.WEB &#8211; PONTA DE BAIXO &#8211; MEX &#8211; centro historico &#8211; LC<\/a><\/p>\n<p><a href=\"https:\/\/www.cidasc.sc.gov.br\/defesasanitariaanimal\/monitoramento-microbiologico-de-moluscos-bivalves-em-areas-interditadas-2022-campanha08\/2191-0-2022-1-web-ponta-de-baixo-mex-ilha-1-lc\/\" rel=\"attachment wp-att-24315\">2191.0.2022.1.WEB &#8211; PONTA DE BAIXO &#8211; MEX &#8211; ilha 1 &#8211; LC<\/a><\/p>\n<p><a href=\"https:\/\/www.cidasc.sc.gov.br\/defesasanitariaanimal\/monitoramento-microbiologico-de-moluscos-bivalves-em-areas-interditadas-2022-campanha08\/2192-0-2022-1-web-ponta-de-baixo-mex-ilha-2-s\/\" rel=\"attachment wp-att-24314\">2192.0.2022.1.WEB &#8211; PONTA DE BAIXO &#8211; MEX &#8211; ilha 2 &#8211; S<\/a><\/p>\n<p>\u00a0<\/p>\n<p><strong>SERRARIA<\/strong><\/p>\n<p><a href=\"https:\/\/www.cidasc.sc.gov.br\/defesasanitariaanimal\/monitoramento-microbiologico-de-moluscos-bivalves-em-areas-interditadas-2022-campanha08\/2193-0-2022-1-web-serraria-mex-dentro-1-lc\/\" rel=\"attachment wp-att-24313\">2193.0.2022.1.WEB &#8211; SERRARIA &#8211; MEX &#8211; dentro 1 &#8211; LC<\/a><\/p>\n<p><a href=\"https:\/\/www.cidasc.sc.gov.br\/defesasanitariaanimal\/monitoramento-microbiologico-de-moluscos-bivalves-em-areas-interditadas-2022-campanha08\/2194-0-2022-1-web-serraria-mex-dentro-2-lc\/\" rel=\"attachment wp-att-24312\">2194.0.2022.1.WEB &#8211; SERRARIA &#8211; MEX &#8211; dentro 2 &#8211; LC<\/a><\/p>\n<p><a href=\"https:\/\/www.cidasc.sc.gov.br\/defesasanitariaanimal\/monitoramento-microbiologico-de-moluscos-bivalves-em-areas-interditadas-2022-campanha08\/2195-0-2022-1-web-serraria-mex-meio-lc\/\" rel=\"attachment wp-att-24311\">2195.0.2022.1.WEB &#8211; SERRARIA &#8211; MEX &#8211; meio &#8211; LC<\/a><\/p>\n<p><a href=\"https:\/\/www.cidasc.sc.gov.br\/defesasanitariaanimal\/monitoramento-microbiologico-de-moluscos-bivalves-em-areas-interditadas-2022-campanha08\/2196-0-2022-1-web-serraria-mex-tipitinga-1-lc\/\" rel=\"attachment wp-att-24310\">2196.0.2022.1.WEB &#8211; SERRARIA &#8211; MEX &#8211; tipitinga 1 &#8211; LC<\/a><\/p>\n<p><a href=\"https:\/\/www.cidasc.sc.gov.br\/defesasanitariaanimal\/monitoramento-microbiologico-de-moluscos-bivalves-em-areas-interditadas-2022-campanha08\/2197-0-2022-1-web-serraria-mex-tipitinga-2-lc\/\" rel=\"attachment wp-att-24309\">2197.0.2022.1.WEB &#8211; SERRARIA &#8211; MEX &#8211; tipitinga 2 &#8211; LC<\/a><\/p>","protected":false},"excerpt":{"rendered":"<p>CAMPANHA 08 \u2013 30\/08\/2022 BARRA DO ARIRI\u00da 2198.0.2022.1.WEB &#8211; BARRA DO ARIRI\u00da &#8211; MEX &#8211; dentro &#8211; LC 2199.0.2022.1.WEB &#8211; BARRA DO ARIRI\u00da &#8211; MEX &#8211; meio &#8211; LC 2200.0.2022.1.WEB &#8211; BARRA DO ARIRI\u00da &#8211; MEX &#8211; fora &#8211; LC 2201.0.2022.1.WEB &#8211; BARRA DO ARIRI\u00da &#8211; MEX &#8211; sul 1 &#8211; LC 2202.0.2022.1.WEB &#8211; BARRA[&#8230;] <a class=\"moretag\" href=\"https:\/\/www.cidasc.sc.gov.br\/defesasanitariaanimal\/monitoramento-microbiologico-de-moluscos-bivalves-em-areas-interditadas-2022-campanha08\/\">Leia mais&#8230;<\/a><\/p>\n","protected":false},"author":12,"featured_media":0,"parent":0,"menu_order":0,"comment_status":"closed","ping_status":"closed","template":"","meta":{"footnotes":""},"class_list":["post-24308","page","type-page","status-publish","hentry"],"_links":{"self":[{"href":"https:\/\/www.cidasc.sc.gov.br\/defesasanitariaanimal\/wp-json\/wp\/v2\/pages\/24308","targetHints":{"allow":["GET"]}}],"collection":[{"href":"https:\/\/www.cidasc.sc.gov.br\/defesasanitariaanimal\/wp-json\/wp\/v2\/pages"}],"about":[{"href":"https:\/\/www.cidasc.sc.gov.br\/defesasanitariaanimal\/wp-json\/wp\/v2\/types\/page"}],"author":[{"embeddable":true,"href":"https:\/\/www.cidasc.sc.gov.br\/defesasanitariaanimal\/wp-json\/wp\/v2\/users\/12"}],"replies":[{"embeddable":true,"href":"https:\/\/www.cidasc.sc.gov.br\/defesasanitariaanimal\/wp-json\/wp\/v2\/comments?post=24308"}],"version-history":[{"count":18,"href":"https:\/\/www.cidasc.sc.gov.br\/defesasanitariaanimal\/wp-json\/wp\/v2\/pages\/24308\/revisions"}],"predecessor-version":[{"id":25026,"href":"https:\/\/www.cidasc.sc.gov.br\/defesasanitariaanimal\/wp-json\/wp\/v2\/pages\/24308\/revisions\/25026"}],"wp:attachment":[{"href":"https:\/\/www.cidasc.sc.gov.br\/defesasanitariaanimal\/wp-json\/wp\/v2\/media?parent=24308"}],"curies":[{"name":"wp","href":"https:\/\/api.w.org\/{rel}","templated":true}]}}