{"id":24209,"date":"2022-08-26T19:12:16","date_gmt":"2022-08-26T19:12:16","guid":{"rendered":"http:\/\/www.cidasc.sc.gov.br\/defesasanitariaanimal\/?page_id=24209"},"modified":"2022-08-26T19:12:16","modified_gmt":"2022-08-26T19:12:16","slug":"monitoramento-microbiologico-de-moluscos-bivalves-em-areas-interditadas-2022-campanha07","status":"publish","type":"page","link":"https:\/\/www.cidasc.sc.gov.br\/defesasanitariaanimal\/monitoramento-microbiologico-de-moluscos-bivalves-em-areas-interditadas-2022-campanha07\/","title":{"rendered":"Monitoramento  Microbiol\u00f3gico de Moluscos Bivalves em \u00c1reas Interditadas \u2013 2022"},"content":{"rendered":"\n<p><strong>CAMPANHA 07 \u2013 16\/08\/2022<\/strong><\/p>\n\n\n<p><strong>BARRA DO ARIRI\u00da<\/strong><\/p>\n<p><a href=\"http:\/\/www.cidasc.sc.gov.br\/defesasanitariaanimal\/monitoramento-microbiologico-de-moluscos-bivalves-em-areas-interditadas-2022-campanha07\/2049-0-2022-1-web-barra-do-aririu-mex-dentro-lc\/\" rel=\"attachment wp-att-24214\">2049.0.2022.1.WEB &#8211; BARRA DO ARIRI\u00da &#8211; MEX &#8211; dentro &#8211; LC<\/a><\/p>\n<p><a href=\"http:\/\/www.cidasc.sc.gov.br\/defesasanitariaanimal\/monitoramento-microbiologico-de-moluscos-bivalves-em-areas-interditadas-2022-campanha07\/2050-0-2022-1-web-barra-do-aririu-mex-meio-lc\/\" rel=\"attachment wp-att-24213\">2050.0.2022.1.WEB &#8211; BARRA DO ARIRI\u00da &#8211; MEX &#8211; meio &#8211; LC<\/a><\/p>\n<p><a href=\"http:\/\/www.cidasc.sc.gov.br\/defesasanitariaanimal\/monitoramento-microbiologico-de-moluscos-bivalves-em-areas-interditadas-2022-campanha07\/2051-0-2022-1-web-barra-do-aririu-mex-fora-lc\/\" rel=\"attachment wp-att-24212\">2051.0.2022.1.WEB &#8211; BARRA DO ARIRI\u00da &#8211; MEX &#8211; fora &#8211; LC<\/a><\/p>\n<p><a href=\"http:\/\/www.cidasc.sc.gov.br\/defesasanitariaanimal\/monitoramento-microbiologico-de-moluscos-bivalves-em-areas-interditadas-2022-campanha07\/2052-0-2022-1-web-barra-do-aririu-mex-sul-1-lc\/\" rel=\"attachment wp-att-24211\">2052.0.2022.1.WEB &#8211; BARRA DO ARIRI\u00da &#8211; MEX &#8211; sul 1 &#8211; LC<\/a><\/p>\n<p><a href=\"http:\/\/www.cidasc.sc.gov.br\/defesasanitariaanimal\/monitoramento-microbiologico-de-moluscos-bivalves-em-areas-interditadas-2022-campanha07\/2053-0-2022-1-web-barra-do-aririu-mex-sul-2-lc\/\" rel=\"attachment wp-att-24210\">2053.0.2022.1.WEB &#8211; BARRA DO ARIRI\u00da &#8211; MEX &#8211; sul 2 &#8211; LC<\/a><\/p>\n<p>\u00a0<\/p>\n<p><strong>BARRO VERMELHO<\/strong><\/p>\n<p><a href=\"http:\/\/www.cidasc.sc.gov.br\/defesasanitariaanimal\/monitoramento-microbiologico-de-moluscos-bivalves-em-areas-interditadas-2022-campanha07\/2060-2065-barro-vermelho-agua-do-mar\/\" rel=\"attachment wp-att-24217\">\u00c1gua do mar<\/a><\/p>\n<p><a href=\"http:\/\/www.cidasc.sc.gov.br\/defesasanitariaanimal\/monitoramento-microbiologico-de-moluscos-bivalves-em-areas-interditadas-2022-campanha07\/2054-0-2022-1-web-barro-vermelho-mex-ilha-pequena-l\/\" rel=\"attachment wp-att-24223\">2054.0.2022.1.WEB &#8211; BARRO VERMELHO &#8211; MEX &#8211; ilha pequena &#8211; L<\/a><\/p>\n<p><a href=\"http:\/\/www.cidasc.sc.gov.br\/defesasanitariaanimal\/monitoramento-microbiologico-de-moluscos-bivalves-em-areas-interditadas-2022-campanha07\/2055-0-2022-1-web-barro-vermelho-mex-ilha-grande-lc\/\" rel=\"attachment wp-att-24222\">2055.0.2022.1.WEB &#8211; BARRO VERMELHO &#8211; MEX &#8211; ilha grande &#8211; LC<\/a><\/p>\n<p><a href=\"http:\/\/www.cidasc.sc.gov.br\/defesasanitariaanimal\/monitoramento-microbiologico-de-moluscos-bivalves-em-areas-interditadas-2022-campanha07\/2056-0-2022-1-web-barro-vermelho-mex-sul-fora-lc\/\" rel=\"attachment wp-att-24221\">2056.0.2022.1.WEB &#8211; BARRO VERMELHO &#8211; MEX &#8211; sul fora &#8211; LC<\/a><\/p>\n<p><a href=\"http:\/\/www.cidasc.sc.gov.br\/defesasanitariaanimal\/monitoramento-microbiologico-de-moluscos-bivalves-em-areas-interditadas-2022-campanha07\/2057-0-2022-1-web-barro-vermelho-mex-sul-dentro-lc\/\" rel=\"attachment wp-att-24220\">2057.0.2022.1.WEB &#8211; BARRO VERMELHO &#8211; MEX &#8211; sul dentro &#8211; LC<\/a><\/p>\n<p><a href=\"http:\/\/www.cidasc.sc.gov.br\/defesasanitariaanimal\/monitoramento-microbiologico-de-moluscos-bivalves-em-areas-interditadas-2022-campanha07\/2058-0-2022-1-web-barro-vermelho-mex-meio-lc\/\" rel=\"attachment wp-att-24219\">2058.0.2022.1.WEB &#8211; BARRO VERMELHO &#8211; MEX &#8211; meio &#8211; LC<\/a><\/p>\n<p><a href=\"http:\/\/www.cidasc.sc.gov.br\/defesasanitariaanimal\/monitoramento-microbiologico-de-moluscos-bivalves-em-areas-interditadas-2022-campanha07\/2059-0-2022-1-web-barro-vermelho-mex-canto-do-rio-lc\/\" rel=\"attachment wp-att-24218\">2059.0.2022.1.WEB &#8211; BARRO VERMELHO &#8211; MEX &#8211; canto do rio &#8211; LC<\/a><\/p>\n<p>\u00a0<\/p>\n<p><strong>PONTA DE BAIXO<\/strong><\/p>\n<p><a href=\"http:\/\/www.cidasc.sc.gov.br\/defesasanitariaanimal\/monitoramento-microbiologico-de-moluscos-bivalves-em-areas-interditadas-2022-campanha07\/2066-0-2022-1-web-ponta-de-baixo-mex-beira-mar-1-lc\/\" rel=\"attachment wp-att-24228\">2066.0.2022.1.WEB &#8211; PONTA DE BAIXO &#8211; MEX &#8211; beira mar 1 &#8211; LC<\/a><\/p>\n<p><a href=\"http:\/\/www.cidasc.sc.gov.br\/defesasanitariaanimal\/monitoramento-microbiologico-de-moluscos-bivalves-em-areas-interditadas-2022-campanha07\/2067-0-2022-1-web-ponta-de-baixo-mex-beira-mar-2-lc\/\" rel=\"attachment wp-att-24227\">2067.0.2022.1.WEB &#8211; PONTA DE BAIXO &#8211; MEX &#8211; beira mar 2 &#8211; LC<\/a><\/p>\n<p><a href=\"http:\/\/www.cidasc.sc.gov.br\/defesasanitariaanimal\/monitoramento-microbiologico-de-moluscos-bivalves-em-areas-interditadas-2022-campanha07\/2068-0-2022-1-web-ponta-de-baixo-mex-centro-historico-lc\/\" rel=\"attachment wp-att-24226\">2068.0.2022.1.WEB &#8211; PONTA DE BAIXO &#8211; MEX &#8211; centro hist\u00f3rico &#8211; LC<\/a><\/p>\n<p><a href=\"http:\/\/www.cidasc.sc.gov.br\/defesasanitariaanimal\/monitoramento-microbiologico-de-moluscos-bivalves-em-areas-interditadas-2022-campanha07\/2069-0-2022-1-web-ponta-de-baixo-mex-ilha-1-lc\/\" rel=\"attachment wp-att-24225\">2069.0.2022.1.WEB &#8211; PONTA DE BAIXO &#8211; MEX &#8211; ilha 1 &#8211; LC<\/a><\/p>\n<p><a href=\"http:\/\/www.cidasc.sc.gov.br\/defesasanitariaanimal\/monitoramento-microbiologico-de-moluscos-bivalves-em-areas-interditadas-2022-campanha07\/2070-0-2022-1-web-ponta-de-baixo-mex-ilha-2-lc\/\" rel=\"attachment wp-att-24224\">2070.0.2022.1.WEB &#8211; PONTA DE BAIXO &#8211; MEX &#8211; ilha 2 &#8211; LC<\/a><\/p>\n<p>\u00a0<\/p>\n<p><strong>SERRARIA<\/strong><\/p>\n<p><a href=\"http:\/\/www.cidasc.sc.gov.br\/defesasanitariaanimal\/monitoramento-microbiologico-de-moluscos-bivalves-em-areas-interditadas-2022-campanha07\/2044-0-2022-1-web-serraria-mex-dentro-1-lc\/\" rel=\"attachment wp-att-24233\">2044.0.2022.1.WEB &#8211; SERRARIA &#8211; MEX &#8211; dentro 1 &#8211; LC<\/a><\/p>\n<p><a href=\"http:\/\/www.cidasc.sc.gov.br\/defesasanitariaanimal\/monitoramento-microbiologico-de-moluscos-bivalves-em-areas-interditadas-2022-campanha07\/2045-0-2022-1-web-serraria-mex-dentro-2-lc\/\" rel=\"attachment wp-att-24232\">2045.0.2022.1.WEB &#8211; SERRARIA &#8211; MEX &#8211; dentro 2 &#8211; LC<\/a><\/p>\n<p><a href=\"http:\/\/www.cidasc.sc.gov.br\/defesasanitariaanimal\/monitoramento-microbiologico-de-moluscos-bivalves-em-areas-interditadas-2022-campanha07\/2046-0-2022-1-web-serraria-mex-meio-lc\/\" rel=\"attachment wp-att-24231\">2046.0.2022.1.WEB &#8211; SERRARIA &#8211; MEX &#8211; meio &#8211; LC<\/a><\/p>\n<p><a href=\"http:\/\/www.cidasc.sc.gov.br\/defesasanitariaanimal\/monitoramento-microbiologico-de-moluscos-bivalves-em-areas-interditadas-2022-campanha07\/2047-0-2022-1-web-serraria-mex-tipitinga-1-lc\/\" rel=\"attachment wp-att-24230\">2047.0.2022.1.WEB &#8211; SERRARIA &#8211; MEX &#8211; tipitinga 1 &#8211; LC<\/a><\/p>\n<p><a href=\"http:\/\/www.cidasc.sc.gov.br\/defesasanitariaanimal\/monitoramento-microbiologico-de-moluscos-bivalves-em-areas-interditadas-2022-campanha07\/2048-0-2022-1-web-serraria-mex-tipitinga-2-lc\/\" rel=\"attachment wp-att-24229\">2048.0.2022.1.WEB &#8211; SERRARIA &#8211; MEX &#8211; tipitinga 2 &#8211; LC<\/a><\/p>","protected":false},"excerpt":{"rendered":"<p>CAMPANHA 07 \u2013 16\/08\/2022 BARRA DO ARIRI\u00da 2049.0.2022.1.WEB &#8211; BARRA DO ARIRI\u00da &#8211; MEX &#8211; dentro &#8211; LC 2050.0.2022.1.WEB &#8211; BARRA DO ARIRI\u00da &#8211; MEX &#8211; meio &#8211; LC 2051.0.2022.1.WEB &#8211; BARRA DO ARIRI\u00da &#8211; MEX &#8211; fora &#8211; LC 2052.0.2022.1.WEB &#8211; BARRA DO ARIRI\u00da &#8211; MEX &#8211; sul 1 &#8211; LC 2053.0.2022.1.WEB &#8211; BARRA[&#8230;] <a class=\"moretag\" href=\"https:\/\/www.cidasc.sc.gov.br\/defesasanitariaanimal\/monitoramento-microbiologico-de-moluscos-bivalves-em-areas-interditadas-2022-campanha07\/\">Leia mais&#8230;<\/a><\/p>\n","protected":false},"author":12,"featured_media":0,"parent":0,"menu_order":0,"comment_status":"closed","ping_status":"closed","template":"","meta":{"footnotes":""},"class_list":["post-24209","page","type-page","status-publish","hentry"],"_links":{"self":[{"href":"https:\/\/www.cidasc.sc.gov.br\/defesasanitariaanimal\/wp-json\/wp\/v2\/pages\/24209","targetHints":{"allow":["GET"]}}],"collection":[{"href":"https:\/\/www.cidasc.sc.gov.br\/defesasanitariaanimal\/wp-json\/wp\/v2\/pages"}],"about":[{"href":"https:\/\/www.cidasc.sc.gov.br\/defesasanitariaanimal\/wp-json\/wp\/v2\/types\/page"}],"author":[{"embeddable":true,"href":"https:\/\/www.cidasc.sc.gov.br\/defesasanitariaanimal\/wp-json\/wp\/v2\/users\/12"}],"replies":[{"embeddable":true,"href":"https:\/\/www.cidasc.sc.gov.br\/defesasanitariaanimal\/wp-json\/wp\/v2\/comments?post=24209"}],"version-history":[{"count":2,"href":"https:\/\/www.cidasc.sc.gov.br\/defesasanitariaanimal\/wp-json\/wp\/v2\/pages\/24209\/revisions"}],"predecessor-version":[{"id":24235,"href":"https:\/\/www.cidasc.sc.gov.br\/defesasanitariaanimal\/wp-json\/wp\/v2\/pages\/24209\/revisions\/24235"}],"wp:attachment":[{"href":"https:\/\/www.cidasc.sc.gov.br\/defesasanitariaanimal\/wp-json\/wp\/v2\/media?parent=24209"}],"curies":[{"name":"wp","href":"https:\/\/api.w.org\/{rel}","templated":true}]}}