{"id":24061,"date":"2022-08-12T18:48:06","date_gmt":"2022-08-12T18:48:06","guid":{"rendered":"http:\/\/www.cidasc.sc.gov.br\/defesasanitariaanimal\/?page_id=24061"},"modified":"2022-08-12T18:48:08","modified_gmt":"2022-08-12T18:48:08","slug":"monitoramento-microbiologico-de-moluscos-bivalves-em-areas-interditadas-2022-campanha05","status":"publish","type":"page","link":"https:\/\/www.cidasc.sc.gov.br\/defesasanitariaanimal\/monitoramento-microbiologico-de-moluscos-bivalves-em-areas-interditadas-2022-campanha05\/","title":{"rendered":"Monitoramento\u00a0 Microbiol\u00f3gico de Moluscos Bivalves em \u00c1reas Interditadas &#8211; 2022"},"content":{"rendered":"\n<p><strong>CAMPANHA 05 &#8211; 19\/07\/2022<\/strong><\/p>\n\n\n<p><strong>BARRA DO ARIRI\u00da<\/strong><\/p>\n<p><a href=\"http:\/\/www.cidasc.sc.gov.br\/defesasanitariaanimal\/monitoramento-microbiologico-cidasc-epagri-sar\/1751-0-2022-1-web-barra-do-aririu-mex-dentro-lc\/\" rel=\"attachment wp-att-23891\">1751.0.2022.1.WEB &#8211; BARRA DO ARIRI\u00da &#8211; MEX &#8211; dentro &#8211; LC<\/a><\/p>\n<p><a href=\"http:\/\/www.cidasc.sc.gov.br\/defesasanitariaanimal\/monitoramento-microbiologico-cidasc-epagri-sar\/1752-0-2022-1-web-barra-do-aririu-mex-meio-lc\/\" rel=\"attachment wp-att-23890\">1752.0.2022.1.WEB &#8211; BARRA DO ARIRI\u00da &#8211; MEX &#8211; meio &#8211; LC<\/a><\/p>\n<p><a href=\"http:\/\/www.cidasc.sc.gov.br\/defesasanitariaanimal\/monitoramento-microbiologico-cidasc-epagri-sar\/1753-0-2022-1-web-barra-do-aririu-mex-fora-lc\/\" rel=\"attachment wp-att-23889\">1753.0.2022.1.WEB &#8211; BARRA DO ARIRI\u00da &#8211; MEX &#8211; fora &#8211; LC<\/a><\/p>\n<p><a href=\"http:\/\/www.cidasc.sc.gov.br\/defesasanitariaanimal\/monitoramento-microbiologico-cidasc-epagri-sar\/1754-0-2022-1-web-barra-do-aririu-mex-sul-1-lc\/\" rel=\"attachment wp-att-23888\">1754.0.2022.1.WEB &#8211; BARRA DO ARIRI\u00da &#8211; MEX &#8211; sul 1 &#8211; LC<\/a><\/p>\n<p><a href=\"http:\/\/www.cidasc.sc.gov.br\/defesasanitariaanimal\/monitoramento-microbiologico-cidasc-epagri-sar\/1755-0-2022-1-web-barra-do-aririu-mex-sul-2-lc\/\" rel=\"attachment wp-att-23887\">1755.0.2022.1.WEB &#8211; BARRA DO ARIRI\u00da &#8211; MEX &#8211; sul 2 &#8211; LC<\/a><\/p>\n<p>\u00a0<\/p>\n<p><strong>BARRO VERMELHO<\/strong><\/p>\n<p><a href=\"http:\/\/www.cidasc.sc.gov.br\/defesasanitariaanimal\/monitoramento-microbiologico-cidasc-epagri-sar\/1768-1773-barro-vermelho-agua-do-mar\/\">\u00c1gua do mar<\/a><\/p>\n<p><a href=\"http:\/\/www.cidasc.sc.gov.br\/defesasanitariaanimal\/monitoramento-microbiologico-cidasc-epagri-sar\/1762-0-2022-1-web-barro-vermelho-mex-ilha-pequena-lc\/\" rel=\"attachment wp-att-23880\">1762.0.2022.1.WEB &#8211; BARRO VERMELHO &#8211; MEX &#8211; ilha pequena &#8211; LC<\/a><\/p>\n<p><a href=\"http:\/\/www.cidasc.sc.gov.br\/defesasanitariaanimal\/monitoramento-microbiologico-cidasc-epagri-sar\/1763-0-2022-1-web-barro-vermelho-mex-ilha-grande-lc\/\" rel=\"attachment wp-att-23879\">1763.0.2022.1.WEB &#8211; BARRO VERMELHO &#8211; MEX &#8211; ilha grande &#8211; LC<\/a><\/p>\n<p><a href=\"http:\/\/www.cidasc.sc.gov.br\/defesasanitariaanimal\/monitoramento-microbiologico-cidasc-epagri-sar\/1764-0-2022-1-web-barro-vermelho-mex-sul-fora-l\/\" rel=\"attachment wp-att-23878\">1764.0.2022.1.WEB &#8211; BARRO VERMELHO &#8211; MEX &#8211; sul fora &#8211; L<\/a><\/p>\n<p><a href=\"http:\/\/www.cidasc.sc.gov.br\/defesasanitariaanimal\/monitoramento-microbiologico-cidasc-epagri-sar\/1765-0-2022-1-web-barro-vermelho-mex-sul-dentro-lc\/\" rel=\"attachment wp-att-23877\">1765.0.2022.1.WEB &#8211; BARRO VERMELHO &#8211; MEX &#8211; sul dentro &#8211; LC<\/a><\/p>\n<p><a href=\"http:\/\/www.cidasc.sc.gov.br\/defesasanitariaanimal\/monitoramento-microbiologico-cidasc-epagri-sar\/1766-0-2022-1-web-barro-vermelho-mex-meio-lc\/\" rel=\"attachment wp-att-23876\">1766.0.2022.1.WEB &#8211; BARRO VERMELHO &#8211; MEX &#8211; meio &#8211; LC<\/a><\/p>\n<p><a href=\"http:\/\/www.cidasc.sc.gov.br\/defesasanitariaanimal\/monitoramento-microbiologico-cidasc-epagri-sar\/1767-0-2022-1-web-barro-vermelho-mex-canto-do-rio-lc\/\" rel=\"attachment wp-att-23875\">1767.0.2022.1.WEB &#8211; BARRO VERMELHO &#8211; MEX &#8211; canto do rio &#8211; LC<\/a><\/p>\n<p>\u00a0<\/p>\n<p><strong>PONTA DE BAIXO<\/strong><\/p>\n<p><a href=\"http:\/\/www.cidasc.sc.gov.br\/defesasanitariaanimal\/monitoramento-microbiologico-cidasc-epagri-sar\/1746-0-2022-1-web-ponta-de-baixo-mex-beira-mar-1-lc\/\" rel=\"attachment wp-att-23896\">1746.0.2022.1.WEB &#8211; PONTA DE BAIXO &#8211; MEX &#8211; beira mar 1 &#8211; LC<\/a><\/p>\n<p><a href=\"http:\/\/www.cidasc.sc.gov.br\/defesasanitariaanimal\/monitoramento-microbiologico-cidasc-epagri-sar\/1747-0-2022-1-web-ponta-de-baixo-mex-beira-mar-2-lc\/\" rel=\"attachment wp-att-23895\">1747.0.2022.1.WEB &#8211; PONTA DE BAIXO &#8211; MEX &#8211; beira mar 2 &#8211; LC<\/a><\/p>\n<p><a href=\"http:\/\/www.cidasc.sc.gov.br\/defesasanitariaanimal\/monitoramento-microbiologico-cidasc-epagri-sar\/1748-0-2022-1-web-ponta-de-baixo-mex-centro-historico-lc\/\" rel=\"attachment wp-att-23894\">1748.0.2022.1.WEB &#8211; PONTA DE BAIXO &#8211; MEX &#8211; centro hist\u00f3rico &#8211; LC<\/a><\/p>\n<p><a href=\"http:\/\/www.cidasc.sc.gov.br\/defesasanitariaanimal\/monitoramento-microbiologico-cidasc-epagri-sar\/1749-0-2022-1-web-ponta-de-baixo-mex-ilha-1-lc\/\" rel=\"attachment wp-att-23893\">1749.0.2022.1.WEB &#8211; PONTA DE BAIXO &#8211; MEX &#8211; ilha 1 &#8211; LC<\/a><\/p>\n<p><a href=\"http:\/\/www.cidasc.sc.gov.br\/defesasanitariaanimal\/monitoramento-microbiologico-cidasc-epagri-sar\/1750-0-2022-1-web-ponta-de-baixo-mex-ilha-2-s\/\" rel=\"attachment wp-att-23892\">1750.0.2022.1.WEB &#8211; PONTA DE BAIXO &#8211; MEX &#8211; ilha 2 &#8211; S<\/a><\/p>\n<p>\u00a0<\/p>\n<p><strong>SERRARIA<\/strong><\/p>\n<p><a href=\"http:\/\/www.cidasc.sc.gov.br\/defesasanitariaanimal\/monitoramento-microbiologico-cidasc-epagri-sar\/1757-0-2022-1-web-serraria-mex-dentro-1-lc\/\" rel=\"attachment wp-att-23886\">1757.0.2022.1.WEB &#8211; SERRARIA &#8211; MEX &#8211; dentro 1 &#8211; LC<\/a><\/p>\n<p><a href=\"http:\/\/www.cidasc.sc.gov.br\/defesasanitariaanimal\/monitoramento-microbiologico-cidasc-epagri-sar\/1758-0-2022-1-web-serraria-mex-dentro-2-lc\/\" rel=\"attachment wp-att-23885\">1758.0.2022.1.WEB &#8211; SERRARIA &#8211; MEX &#8211; dentro 2 &#8211; LC<\/a><\/p>\n<p><a href=\"http:\/\/www.cidasc.sc.gov.br\/defesasanitariaanimal\/monitoramento-microbiologico-cidasc-epagri-sar\/1759-0-2022-1-web-serraria-mex-meio-lc\/\" rel=\"attachment wp-att-23883\">1759.0.2022.1.WEB &#8211; SERRARIA &#8211; MEX &#8211; meio &#8211; LC<\/a><\/p>\n<p><a href=\"http:\/\/www.cidasc.sc.gov.br\/defesasanitariaanimal\/monitoramento-microbiologico-cidasc-epagri-sar\/1760-0-2022-1-web-serraria-mex-tipitinga-1-lc\/\" rel=\"attachment wp-att-23882\">1760.0.2022.1.WEB &#8211; SERRARIA &#8211; MEX &#8211; tipitinga 1 &#8211; LC<\/a><\/p>\n<p><a href=\"http:\/\/www.cidasc.sc.gov.br\/defesasanitariaanimal\/monitoramento-microbiologico-cidasc-epagri-sar\/1761-0-2022-1-web-serraria-mex-tipitinga-2-lc\/\" rel=\"attachment wp-att-23881\">1761.0.2022.1.WEB &#8211; SERRARIA &#8211; MEX &#8211; tipitinga 2 &#8211; LC<\/a><\/p>","protected":false},"excerpt":{"rendered":"<p>CAMPANHA 05 &#8211; 19\/07\/2022 BARRA DO ARIRI\u00da 1751.0.2022.1.WEB &#8211; BARRA DO ARIRI\u00da &#8211; MEX &#8211; dentro &#8211; LC 1752.0.2022.1.WEB &#8211; BARRA DO ARIRI\u00da &#8211; MEX &#8211; meio &#8211; LC 1753.0.2022.1.WEB &#8211; BARRA DO ARIRI\u00da &#8211; MEX &#8211; fora &#8211; LC 1754.0.2022.1.WEB &#8211; BARRA DO ARIRI\u00da &#8211; MEX &#8211; sul 1 &#8211; LC 1755.0.2022.1.WEB &#8211; BARRA[&#8230;] <a class=\"moretag\" href=\"https:\/\/www.cidasc.sc.gov.br\/defesasanitariaanimal\/monitoramento-microbiologico-de-moluscos-bivalves-em-areas-interditadas-2022-campanha05\/\">Leia mais&#8230;<\/a><\/p>\n","protected":false},"author":12,"featured_media":0,"parent":0,"menu_order":0,"comment_status":"closed","ping_status":"closed","template":"","meta":{"footnotes":""},"class_list":["post-24061","page","type-page","status-publish","hentry"],"_links":{"self":[{"href":"https:\/\/www.cidasc.sc.gov.br\/defesasanitariaanimal\/wp-json\/wp\/v2\/pages\/24061","targetHints":{"allow":["GET"]}}],"collection":[{"href":"https:\/\/www.cidasc.sc.gov.br\/defesasanitariaanimal\/wp-json\/wp\/v2\/pages"}],"about":[{"href":"https:\/\/www.cidasc.sc.gov.br\/defesasanitariaanimal\/wp-json\/wp\/v2\/types\/page"}],"author":[{"embeddable":true,"href":"https:\/\/www.cidasc.sc.gov.br\/defesasanitariaanimal\/wp-json\/wp\/v2\/users\/12"}],"replies":[{"embeddable":true,"href":"https:\/\/www.cidasc.sc.gov.br\/defesasanitariaanimal\/wp-json\/wp\/v2\/comments?post=24061"}],"version-history":[{"count":1,"href":"https:\/\/www.cidasc.sc.gov.br\/defesasanitariaanimal\/wp-json\/wp\/v2\/pages\/24061\/revisions"}],"predecessor-version":[{"id":24062,"href":"https:\/\/www.cidasc.sc.gov.br\/defesasanitariaanimal\/wp-json\/wp\/v2\/pages\/24061\/revisions\/24062"}],"wp:attachment":[{"href":"https:\/\/www.cidasc.sc.gov.br\/defesasanitariaanimal\/wp-json\/wp\/v2\/media?parent=24061"}],"curies":[{"name":"wp","href":"https:\/\/api.w.org\/{rel}","templated":true}]}}