{"id":24033,"date":"2022-08-12T13:26:56","date_gmt":"2022-08-12T13:26:56","guid":{"rendered":"http:\/\/www.cidasc.sc.gov.br\/defesasanitariaanimal\/?page_id=24033"},"modified":"2022-08-12T14:18:08","modified_gmt":"2022-08-12T14:18:08","slug":"monitoramento-microbiologico-de-moluscos-bivalves-em-areas-interditadas-2022-campanha01","status":"publish","type":"page","link":"https:\/\/www.cidasc.sc.gov.br\/defesasanitariaanimal\/monitoramento-microbiologico-de-moluscos-bivalves-em-areas-interditadas-2022-campanha01\/","title":{"rendered":"Monitoramento\u00a0 Microbiol\u00f3gico de Moluscos Bivalves em \u00c1reas Interditadas &#8211; 2022"},"content":{"rendered":"\n<p><strong>CAMPANHA 01 &#8211; 23\/05\/2022<\/strong><\/p>\n\n\n<p><a href=\"http:\/\/www.cidasc.sc.gov.br\/defesasanitariaanimal\/monitoramento-microbiologico-cidasc-epagri-sar\/campanha-1_23-05-2022-2\/\">\u00c1reas de Monitoramento &#8211; Campanha 01<\/a><\/p>\n<p><strong>BARRA DO ARIRI\u00da<\/strong><\/p>\n<p><a href=\"http:\/\/www.cidasc.sc.gov.br\/defesasanitariaanimal\/monitoramento-microbiologico-cidasc-epagri-sar\/1243-0-2022-1-web-barra-do-aririu-fora-mex-lc\/\" rel=\"attachment wp-att-23536\">1243.0.2022.1.WEB &#8211; BARRA DO ARIRI\u00da &#8211; fora &#8211; MEX &#8211; LC<\/a><\/p>\n<p><a href=\"http:\/\/www.cidasc.sc.gov.br\/defesasanitariaanimal\/monitoramento-microbiologico-cidasc-epagri-sar\/1244-0-2022-1-web-barra-do-aririu-meio-mex-lc\/\" rel=\"attachment wp-att-23535\">1244.0.2022.1.WEB &#8211; BARRA DO ARIRI\u00da &#8211; meio &#8211; MEX &#8211; LC<\/a><\/p>\n<p><a href=\"http:\/\/www.cidasc.sc.gov.br\/defesasanitariaanimal\/monitoramento-microbiologico-cidasc-epagri-sar\/1245-0-2022-1-web-barra-do-aririu-dentro-mex-lc\/\" rel=\"attachment wp-att-23534\">1245.0.2022.1.WEB &#8211; BARRA DO ARIRI\u00da &#8211; dentro &#8211; MEX &#8211; LC<\/a><\/p>\n<p><a href=\"http:\/\/www.cidasc.sc.gov.br\/defesasanitariaanimal\/monitoramento-microbiologico-cidasc-epagri-sar\/1246-0-2022-1-web-barra-do-aririu-sul-mex-lc\/\" rel=\"attachment wp-att-23533\">1246.0.2022.1.WEB &#8211; BARRA DO ARIRI\u00da &#8211; sul &#8211; MEX &#8211; LC<\/a><\/p>\n<p><a href=\"http:\/\/www.cidasc.sc.gov.br\/defesasanitariaanimal\/monitoramento-microbiologico-cidasc-epagri-sar\/1247-0-2022-1-web-barra-do-aririu-sul-mex-lc\/\" rel=\"attachment wp-att-23532\">1247.0.2022.1.WEB &#8211; BARRA DO ARIRI\u00da &#8211; sul &#8211; MEX &#8211; LC<\/a><\/p>\n<p><\/p>\n<p><strong>BARRO VERMELHO<\/strong><\/p>\n<p><a href=\"http:\/\/www.cidasc.sc.gov.br\/defesasanitariaanimal\/monitoramento-microbiologico-cidasc-epagri-sar\/1232-0-2022-1-web-barro-vermelho-ilha-pequena-mex-l\/\" rel=\"attachment wp-att-23531\">1232.0.2022.1.WEB &#8211; BARRO VERMELHO &#8211; ilha pequena &#8211; MEX &#8211; L<\/a><\/p>\n<p><a href=\"http:\/\/www.cidasc.sc.gov.br\/defesasanitariaanimal\/monitoramento-microbiologico-cidasc-epagri-sar\/1233-0-2022-1-web-barro-vermelho-ilha-grande-mex-l\/\" rel=\"attachment wp-att-23530\">1233.0.2022.1.WEB &#8211; BARRO VERMELHO &#8211; ilha grande- MEX &#8211; L<\/a><\/p>\n<p><a href=\"http:\/\/www.cidasc.sc.gov.br\/defesasanitariaanimal\/monitoramento-microbiologico-cidasc-epagri-sar\/1234-0-2022-1-web-barro-vermelho-sul-fora-mex-l\/\" rel=\"attachment wp-att-23529\">1234.0.2022.1.WEB &#8211; BARRO VERMELHO &#8211; sul fora &#8211; MEX &#8211; L<\/a><\/p>\n<p><a href=\"http:\/\/www.cidasc.sc.gov.br\/defesasanitariaanimal\/monitoramento-microbiologico-cidasc-epagri-sar\/1235-0-2022-1-web-barro-vermelho-sul-dentro-mex-lc\/\" rel=\"attachment wp-att-23528\">1235.0.2022.1.WEB &#8211; BARRO VERMELHO &#8211; sul dentro- MEX &#8211; LC<\/a><\/p>\n<p><a href=\"http:\/\/www.cidasc.sc.gov.br\/defesasanitariaanimal\/monitoramento-microbiologico-cidasc-epagri-sar\/1236-0-2022-1-web-barro-vermelho-meio-mex-lc\/\" rel=\"attachment wp-att-23527\">1236.0.2022.1.WEB &#8211; BARRO VERMELHO &#8211; meio &#8211; MEX &#8211; LC<\/a><\/p>\n<p><a href=\"http:\/\/www.cidasc.sc.gov.br\/defesasanitariaanimal\/monitoramento-microbiologico-cidasc-epagri-sar\/1237-0-2022-1-web-barro-vermelho-canto-do-rio-mex-lc\/\" rel=\"attachment wp-att-23526\">1237.0.2022.1.WEB &#8211; BARRO VERMELHO &#8211; canto do rio &#8211; MEX &#8211; LC<\/a><\/p>\n<p><\/p>\n<p><strong>PONTA DE BAIXO<\/strong><\/p>\n<p><a href=\"http:\/\/www.cidasc.sc.gov.br\/defesasanitariaanimal\/monitoramento-microbiologico-cidasc-epagri-sar\/1227-0-2022-1-web-ponta-de-baixo-beira-mar-mex-lc\/\" rel=\"attachment wp-att-23525\">1227.0.2022.1.WEB &#8211; PONTA DE BAIXO &#8211; beira mar &#8211; MEX &#8211; LC<\/a><\/p>\n<p><a href=\"http:\/\/www.cidasc.sc.gov.br\/defesasanitariaanimal\/monitoramento-microbiologico-cidasc-epagri-sar\/1228-0-2022-1-web-ponta-de-baixo-beira-mar-mex-lc\/\" rel=\"attachment wp-att-23524\">1228.0.2022.1.WEB &#8211; PONTA DE BAIXO &#8211; beira mar &#8211; MEX &#8211; LC<\/a><\/p>\n<p><a href=\"http:\/\/www.cidasc.sc.gov.br\/defesasanitariaanimal\/monitoramento-microbiologico-cidasc-epagri-sar\/1229-0-2022-1-web-ponta-de-baixo-centro-historico-mex-lc\/\" rel=\"attachment wp-att-23523\">1229.0.2022.1.WEB &#8211; PONTA DE BAIXO &#8211; centro historico &#8211; MEX &#8211; LC<\/a><\/p>\n<p><a href=\"http:\/\/www.cidasc.sc.gov.br\/defesasanitariaanimal\/monitoramento-microbiologico-cidasc-epagri-sar\/1230-0-2022-1-web-ponta-de-baixo-ilha-mex-s\/\" rel=\"attachment wp-att-23522\">1230.0.2022.1.WEB &#8211; PONTA DE BAIXO &#8211; ilha &#8211; MEX &#8211; S<\/a><\/p>\n<p><a href=\"http:\/\/www.cidasc.sc.gov.br\/defesasanitariaanimal\/monitoramento-microbiologico-cidasc-epagri-sar\/1231-0-2022-1-web-ponta-de-baixo-ilha-mex-s\/\" rel=\"attachment wp-att-23521\">1231.0.2022.1.WEB &#8211; PONTA DE BAIXO &#8211; ilha &#8211; MEX &#8211; S<\/a><\/p>\n<p><\/p>\n<p><strong>SERRARIA<\/strong><\/p>\n<p><a href=\"http:\/\/www.cidasc.sc.gov.br\/defesasanitariaanimal\/monitoramento-microbiologico-cidasc-epagri-sar\/1238-0-2022-1-web-serraria-dentro-mex-s\/\" rel=\"attachment wp-att-23520\">1238.0.2022.1.WEB &#8211; SERRARIA &#8211; dentro &#8211; MEX &#8211; S<\/a><\/p>\n<p><a href=\"http:\/\/www.cidasc.sc.gov.br\/defesasanitariaanimal\/monitoramento-microbiologico-cidasc-epagri-sar\/1239-0-2022-1-web-serraria-dentro-mex-lc\/\" rel=\"attachment wp-att-23519\">1239.0.2022.1.WEB &#8211; SERRARIA &#8211; dentro &#8211; MEX &#8211; LC<\/a><\/p>\n<p><a href=\"http:\/\/www.cidasc.sc.gov.br\/defesasanitariaanimal\/monitoramento-microbiologico-cidasc-epagri-sar\/1240-0-2022-1-web-serraria-meio-mex-lc\/\" rel=\"attachment wp-att-23518\">1240.0.2022.1.WEB &#8211; SERRARIA &#8211; meio &#8211; MEX &#8211; LC<\/a><\/p>\n<p><a href=\"http:\/\/www.cidasc.sc.gov.br\/defesasanitariaanimal\/monitoramento-microbiologico-cidasc-epagri-sar\/1241-0-2022-1-web-serraria-tipitinga-mex-lc\/\" rel=\"attachment wp-att-23517\">1241.0.2022.1.WEB &#8211; SERRARIA &#8211; tipitinga &#8211; MEX &#8211; LC<\/a><\/p>\n<p><a href=\"http:\/\/www.cidasc.sc.gov.br\/defesasanitariaanimal\/monitoramento-microbiologico-cidasc-epagri-sar\/1242-0-2022-1-web-serraria-tipitinga-mex-lc\/\" rel=\"attachment wp-att-23516\">1242.0.2022.1.WEB &#8211; SERRARIA &#8211; tipitinga &#8211; MEX &#8211; LC<\/a><\/p>","protected":false},"excerpt":{"rendered":"<p>CAMPANHA 01 &#8211; 23\/05\/2022 \u00c1reas de Monitoramento &#8211; Campanha 01 BARRA DO ARIRI\u00da 1243.0.2022.1.WEB &#8211; BARRA DO ARIRI\u00da &#8211; fora &#8211; MEX &#8211; LC 1244.0.2022.1.WEB &#8211; BARRA DO ARIRI\u00da &#8211; meio &#8211; MEX &#8211; LC 1245.0.2022.1.WEB &#8211; BARRA DO ARIRI\u00da &#8211; dentro &#8211; MEX &#8211; LC 1246.0.2022.1.WEB &#8211; BARRA DO ARIRI\u00da &#8211; sul &#8211; MEX[&#8230;] <a class=\"moretag\" href=\"https:\/\/www.cidasc.sc.gov.br\/defesasanitariaanimal\/monitoramento-microbiologico-de-moluscos-bivalves-em-areas-interditadas-2022-campanha01\/\">Leia mais&#8230;<\/a><\/p>\n","protected":false},"author":12,"featured_media":0,"parent":0,"menu_order":0,"comment_status":"closed","ping_status":"closed","template":"","meta":{"footnotes":""},"class_list":["post-24033","page","type-page","status-publish","hentry"],"_links":{"self":[{"href":"https:\/\/www.cidasc.sc.gov.br\/defesasanitariaanimal\/wp-json\/wp\/v2\/pages\/24033","targetHints":{"allow":["GET"]}}],"collection":[{"href":"https:\/\/www.cidasc.sc.gov.br\/defesasanitariaanimal\/wp-json\/wp\/v2\/pages"}],"about":[{"href":"https:\/\/www.cidasc.sc.gov.br\/defesasanitariaanimal\/wp-json\/wp\/v2\/types\/page"}],"author":[{"embeddable":true,"href":"https:\/\/www.cidasc.sc.gov.br\/defesasanitariaanimal\/wp-json\/wp\/v2\/users\/12"}],"replies":[{"embeddable":true,"href":"https:\/\/www.cidasc.sc.gov.br\/defesasanitariaanimal\/wp-json\/wp\/v2\/comments?post=24033"}],"version-history":[{"count":6,"href":"https:\/\/www.cidasc.sc.gov.br\/defesasanitariaanimal\/wp-json\/wp\/v2\/pages\/24033\/revisions"}],"predecessor-version":[{"id":24044,"href":"https:\/\/www.cidasc.sc.gov.br\/defesasanitariaanimal\/wp-json\/wp\/v2\/pages\/24033\/revisions\/24044"}],"wp:attachment":[{"href":"https:\/\/www.cidasc.sc.gov.br\/defesasanitariaanimal\/wp-json\/wp\/v2\/media?parent=24033"}],"curies":[{"name":"wp","href":"https:\/\/api.w.org\/{rel}","templated":true}]}}