{"id":144,"date":"2012-09-03T20:48:59","date_gmt":"2012-09-03T20:48:59","guid":{"rendered":"http:\/\/tableEstadual,\u00a0Descri\u00e7\u00e3o"},"modified":"2026-04-10T18:30:45","modified_gmt":"2026-04-10T18:30:45","slug":"legislacao","status":"publish","type":"page","link":"https:\/\/www.cidasc.sc.gov.br\/defesasanitariaanimal\/programas\/sanidade-dos-animais-aquaticos\/legislacao\/","title":{"rendered":"Sanidade dos Animais Aqu\u00e1ticos &#8211; Legisla\u00e7\u00e3o"},"content":{"rendered":"<p><strong>Legisla\u00e7\u00e3o <\/strong><strong>Estadual<\/strong>:<\/p>\n<p><a href=\"https:\/\/www.cidasc.sc.gov.br\/defesasanitariaanimal\/files\/2026\/04\/PORTARIA-INTERMINISTERIAL-MAPA-No-54-DE-9-DE-ABRIL-DE-2026.pdf\">PORTARIA INTERMINISTERIAL MAPA N\u00ba 54 DE 9 DE ABRIL DE 2026<\/a> &#8211; Estabelece a Nota Fiscal do pescado como documento comprobat\u00f3rio de origem do pescado proveniente da pesca e da aquicultura, para fins de rastreabilidade da mat\u00e9ria-prima destinada a estabelecimentos sob Servi\u00e7o de Inspe\u00e7\u00e3o Oficial, e d\u00e1 outras provid\u00eancias.<\/p>\n<p>Manual do Programa Nacional De Moluscos Bivalves Seguros &#8211; MOLUBIS &#8211;\u00a0\u00a0<a href=\"https:\/\/www.cidasc.sc.gov.br\/defesasanitariaanimal\/files\/2025\/10\/Manual-do-Programa-Nacional-de-Moluscos-Bivalves-Seguros-MOLUBIS-.docx-4-1.pdf\">Manual do Programa Nacional de Moluscos Bivalves Seguros &#8211; MOLUBIS <\/a><\/p>\n<p>Nota T\u00e9cnica DEDSA\/DEINP n\u00ba 01\/2021 Disp\u00f5e sobre os procedimentos adotados pela CIDASC em rela\u00e7\u00e3o a publica\u00e7\u00e3o da lei estadual 18.188.<a href=\"http:\/\/www.cidasc.sc.gov.br\/defesasanitariaanimal\/programas\/sanidade-dos-animais-aquaticos\/legislacao\/nota-tecnica-dedsa-deinp-n-001-2021\/\" rel=\"attachment wp-att-21283\">Nota t\u00e9cnica DEDSA DEINP n\u00b0 001 2021<\/a><\/p>\n<p><strong>Nota T\u00e9cnica<\/strong> Coleta de Amostras de Outras Esp\u00e9cies de Moluscos que n\u00e3o Esp\u00e9cie de Elei\u00e7\u00e3o: <a href=\"http:\/\/www.cidasc.sc.gov.br\/defesasanitariaanimal\/programas\/sanidade-dos-animais-aquaticos\/legislacao\/nota-tecnica-002-monitoramento-microbiologico-moluscos-bivalves\/\" rel=\"attachment wp-att-19832\">Nota T\u00e9cnica 002 Monitoramento microbiol\u00f3gico Moluscos Bivalves<\/a><\/p>\n<p><a href=\"http:\/\/www.cidasc.sc.gov.br\/defesasanitariaanimal\/files\/2024\/04\/PORTARIA-SDA_MAPA-No-884-DE-6-DE-SETEMBRO-DE-2023-PORTARIA-SDA_MAPA-No-884-DE-6-DE-SETEMBRO-DE-2023-DOU-Imprensa-Nacional-2.pdf\">PORTARIA SDA_MAPA N\u00ba 884, DE 6 DE SETEMBRO DE 2023 &#8211; PORTARIA SDA_MAPA N\u00ba 884, DE 6 DE SETEMBRO DE 2023 &#8211; DOU &#8211; Imprensa Nacional <\/a>: Aprova o Programa Nacional de Moluscos Bivalves Seguros &#8211; MoluBiS, que estabelece o controle higi\u00eanico-sanit\u00e1rio dos moluscos bivalves destinados ao consumo humano ou animal, o seu monitoramento e sua fiscaliza\u00e7\u00e3o.<\/p>\n<p><a href=\"https:\/\/www.cidasc.sc.gov.br\/defesasanitariaanimal\/files\/2025\/12\/Portaria-SAQ-no-010_2025-de-17_12_2025.pdf\">Portaria SAQ n\u00ba 010_2025, de 17_12_2025<\/a> &#8211; Proibi\u00e7\u00e3o da entrada de til\u00e1pia em Santa Catarina oriunda do Vietn\u00e3.<\/p>\n<p><a href=\"http:\/\/www.cidasc.sc.gov.br\/defesasanitariaanimal\/files\/2020\/03\/Lei-n\u00ba-16538_2014-Altera\u00e7ao-Taxa-Vigil\u00e2ncia-Sanit\u00e1ria-Animal-1.pdf\">Lei n\u00ba 16538_2014 Altera\u00e7ao Taxa Vigil\u00e2ncia Sanit\u00e1ria Animal<\/a><\/p>\n<p><a href=\"http:\/\/www.cidasc.sc.gov.br\/defesasanitariaanimal\/files\/2025\/02\/Cronograma-de-Coletas-2025.pdf\">Cronograma-de-Coletas-2025<\/a><\/p>\n<p><a href=\"http:\/\/www.cidasc.sc.gov.br\/defesasanitariaanimal\/files\/2023\/06\/AREAS-DE-MONITORAMENTO-1.xlsx\" rel=\"attachment wp-att-20270\">\u00c1REAS-DE-MONITORAMENTO<\/a><\/p>\n<p><a href=\"https:\/\/www.cidasc.sc.gov.br\/defesasanitariaanimal\/files\/2025\/05\/areas-de-monitoramento-Salvo-automaticamente.pdf\">Pontos e \u00e1reas de monitoramento<\/a> &#8211; Imagem A\u00e9rea das \u00e1reas de Monitoramento.<\/p>\n<p><a href=\"http:\/\/www.cidasc.sc.gov.br\/defesasanitariaanimal\/files\/2012\/09\/CI-765-2016-Normatiza-o-ingresso-de-produtos-de-origem-animal-com-viajantes-internacionais-conforme-consta-na-IN-11-de-2016-1.pdf\">CI 765 2016 Normatiza o ingresso de produtos de origem animal com viajantes internacionais conforme consta na IN 11 de 2016<\/a><\/p>\n<p><a href=\"http:\/\/www.cidasc.sc.gov.br\/defesasanitariaanimal\/files\/2012\/09\/CI-251-Controle-do-Tr\u00e2nsito-em-Feiras-de-Peixes-espor\u00e1dicas.pdf\">CI 251 Controle do Tr\u00e2nsito em Feiras de Peixes espor\u00e1dicas<\/a><\/p>\n<p><a href=\"\/defesasanitariaanimal\/files\/2012\/09\/Portaria-SAR-n-24-2010-de-21-de-dezembro-de-2010-Que-institui-o-comit-Estadual-de-Controle-Higinico-Sanitrio-de-Moluscos-Bivalves-CECMB.-1.pdf\">Portaria SAR n\u00ba 24 de 21 de dezembro de 2010<\/a>\u00a0 &#8211; Art. 1\u00ba INSTITUIR o Comit\u00ea Estadual de Controle Higi\u00eanico-Sanit\u00e1rio de Moluscos Bivalves.<\/p>\n<p><a href=\"https:\/\/www.cidasc.sc.gov.br\/defesasanitariaanimal\/files\/2025\/10\/LEI-No-17.622-DE-17-DE-DEZEMBRO-DE-2018.pdf\">LEI N\u00ba 17.622, DE 17 DE DEZEMBRO DE 2018<\/a>&#8211; Normas gerais da pol\u00edtica estadual de desenvolvimento sustent\u00e1vel da Psicultura.<\/p>\n<p><a href=\"http:\/\/www.cidasc.sc.gov.br\/defesasanitariaanimal\/files\/2012\/09\/CI-251-Feiras-de-Peixes.pdf\">CI 251 Feiras de Peixes<\/a>\u00a0&#8211; Discorre sobre os procedimentos que o servi\u00e7o veterin\u00e1rio oficial dever\u00e1 adotar com rela\u00e7\u00e3o as Feiras de Peixes.<\/p>\n<p><strong>Legisla\u00e7\u00e3o Federal:<\/strong><\/p>\n<p><a href=\"http:\/\/www.cidasc.sc.gov.br\/defesasanitariaanimal\/files\/2023\/08\/Portaria-MPA-n19-de-04.02.2015-Lista-de-doencas-de-notificao-obrigatria-de-animais-aquticos.pdf\">Portaria &#8211; MPA &#8211; n19 de 04.02.2015 &#8211; Lista de doen\u00e7as de notifica\u00e7\u00e3o obrigat\u00f3ria de animais aqu\u00e1ticos<\/a><\/p>\n<p><a href=\"http:\/\/www.cidasc.sc.gov.br\/defesasanitariaanimal\/programas\/sanidade-dos-animais-aquaticos\/legislacao\/checklist-peixes-coleta-preparo-acondicionamento-e-remessa-de-amostras_jan2021\/\" rel=\"attachment wp-att-19427\">Checklist peixes &#8211; Coleta preparo, acondicionamento e remessa de amostras &#8211; 2021<\/a><\/p>\n<p><a href=\"http:\/\/www.cidasc.sc.gov.br\/defesasanitariaanimal\/files\/2020\/12\/Manual_12957196_CAQ_OESAs_Final.pdf\" rel=\"attachment wp-att-19019\">Aquicultura com Sanidade &#8211; Manual orientado aos \u00d3rg\u00e3os Executores de Sanidade Agropecu\u00e1ria<\/a><\/p>\n<p><a href=\"http:\/\/www.cidasc.sc.gov.br\/defesasanitariaanimal\/files\/2020\/12\/Manual_12957123_CAQ_Produtores_FINAL.pdf\" rel=\"attachment wp-att-19017\">Aquicultura com Sanidade &#8211; Manual orientado aos Produtores<\/a><\/p>\n<p><a href=\"http:\/\/www.cidasc.sc.gov.br\/defesasanitariaanimal\/files\/2020\/12\/Panfleto_12959430_Panfleto___Guia_para_a_notificacao_ao_SVO_de_doencas_de_animais_aquaticos_out_5-1.pdf\" rel=\"attachment wp-att-19015\">Guia_para_a_notificacao_ao_SVO_de_doencas_de_animais_aquaticos<\/a><\/p>\n<p><a href=\"http:\/\/www.cidasc.sc.gov.br\/defesasanitariaanimal\/programas\/sanidade-dos-animais-aquaticos\/legislacao\/plano_12755221_plano_de_investigacao__prevencao_e_controle_de_infeccao_por_isknv\/\" rel=\"attachment wp-att-18946\">Plano_de_investigacao, prevencao_e_controle_de_infeccao_por_ISKNV<\/a><\/p>\n<p><a href=\"http:\/\/www.cidasc.sc.gov.br\/defesasanitariaanimal\/files\/2020\/08\/INSTRU%C3%87%C3%83O-NORMATIVA-N%C2%BA-10-DE-17-DE-ABRIL-DE-2020-INSTRU%C3%87%C3%83O-NORMATIVA-N%C2%BA-10-DE-17-DE-ABRIL-DE-2020-DOU-Imprensa-Nacional.pdf\" rel=\"attachment wp-att-18149\">INSTRU\u00c7\u00c3O NORMATIVA N\u00ba 10, DE 17 DE ABRIL DE 2020<\/a><\/p>\n<p><a href=\"http:\/\/www.cidasc.sc.gov.br\/defesasanitariaanimal\/files\/2020\/02\/IN-N\u00ba-4_Aquicultura-com-Sanidade_-28_02_19.pdf\">IN N\u00ba 4_Aquicultura com Sanidade de 2019<\/a><\/p>\n<p><a href=\"http:\/\/www.cidasc.sc.gov.br\/defesasanitariaanimal\/files\/2020\/12\/INSTRU%C3%87%C3%83O-NORMATIVA-N%C2%BA-2-DE-27-DE-SETEMBRO-DE-2018-Imprensa-Nacional.pdf\" rel=\"attachment wp-att-19026\">INSTRU\u00c7\u00c3O NORMATIVA N\u00ba 2, DE 27 DE SETEMBRO DE 2018 <\/a>&#8211; Disp\u00f5e sobre an\u00e1lise de risco de importa\u00e7\u00e3o de organismos aqu\u00e1ticos e seus derivados.<\/p>\n<p><a href=\"http:\/\/www.cidasc.sc.gov.br\/defesasanitariaanimal\/files\/2020\/02\/IN-n\u00ba-04-de-fevereiro-de-2015-Aquicultura-com-Sanidade.pdf\">IN n\u00ba 04 de fevereiro de 2015 &#8211; Aquicultura com Sanidade<\/a><\/p>\n<ul>\n<li class=\"TYR86d wXCUfe zfr3Q\">\n<p class=\"CDt4Ke zfr3Q\" dir=\"ltr\"><span class=\" aw5Odc\"><a class=\"XqQF9c\" href=\"https:\/\/docs.google.com\/document\/d\/1PdURMxiUKv6CI1NfU_j3usdNjYuJlHEC\/edit?usp=sharing&amp;ouid=100408274769556476495&amp;rtpof=true&amp;sd=true\" target=\"_blank\" rel=\"noopener noreferrer\">Formul\u00e1rio de Investiga\u00e7\u00e3o Inicial (Form-In)<\/a><\/span><\/p>\n<\/li>\n<li class=\"TYR86d wXCUfe zfr3Q\">\n<p class=\"CDt4Ke zfr3Q\" dir=\"ltr\"><span class=\" aw5Odc\"><a class=\"XqQF9c\" href=\"https:\/\/docs.google.com\/document\/d\/1U0557jvsS6YYPmH1U1iIvBiNvNx-zjob\/edit?usp=sharing&amp;ouid=100408274769556476495&amp;rtpof=true&amp;sd=true\" target=\"_blank\" rel=\"noopener noreferrer\">Formul\u00e1rio Complementar (Form-Com)<\/a><\/span><\/p>\n<\/li>\n<li class=\"TYR86d wXCUfe zfr3Q\">\n<p class=\"CDt4Ke zfr3Q\" dir=\"ltr\"><span class=\" aw5Odc\"><a class=\"XqQF9c\" href=\"https:\/\/docs.google.com\/document\/d\/173RI55gqIefMuJwgRQ1CkR3XBsHrQRyI\/edit?usp=sharing&amp;ouid=100408274769556476495&amp;rtpof=true&amp;sd=true\" target=\"_blank\" rel=\"noopener noreferrer\">Formul\u00e1rio de V\u00ednculo (Form-Vin)<\/a><\/span><\/p>\n<\/li>\n<li class=\"TYR86d wXCUfe zfr3Q\">\n<p class=\"CDt4Ke zfr3Q\" dir=\"ltr\"><span class=\" aw5Odc\"><a class=\"XqQF9c\" href=\"https:\/\/docs.google.com\/document\/d\/1GeuIGBiySO5KEQxU8eJ6NM8CFDX0qaCC\/edit?usp=sharing&amp;ouid=100408274769556476495&amp;rtpof=true&amp;sd=true\" target=\"_blank\" rel=\"noopener noreferrer\">Formul\u00e1rio de Cadastro Estabelecimento de Aquicultura<\/a><\/span><\/p>\n<\/li>\n<\/ul>\n<p><a href=\"http:\/\/www.cidasc.sc.gov.br\/defesasanitariaanimal\/files\/2019\/09\/Portaria_MPA_20_2015-institui\u00e7\u00f5es-capacita\u00e7\u00e3o-1.pdf\">Portaria_MPA_20_2015 &#8211; institui\u00e7\u00f5es capacita\u00e7\u00e3o<\/a><\/p>\n<p><a href=\"http:\/\/www.cidasc.sc.gov.br\/defesasanitariaanimal\/files\/2012\/09\/Decreto-n\u00b0-9004-de-13-de-Mar\u00e7o-de-2017.pdf\">Decreto n\u00b0 9004 de 13 de Mar\u00e7o de 2017<\/a> &#8211; Que\u00a0\u00a0transfere para o Minist\u00e9rio da Ind\u00fastria,Com\u00e9rcio Exterior e Servi\u00e7os a Secretaria de Aquicultura e Pesca e o Conselho Nacional de Aquicultura e Pesca do Minist\u00e9rio da Agricultura, Pecu\u00e1ria e Abastecimento.<\/p>\n<p><a href=\"http:\/\/www.cidasc.sc.gov.br\/defesasanitariaanimal\/files\/2012\/09\/REQUISITOS-ZOOSSANIT\u00c1RIOS-DO-BRASIL-PARA-A-IMPORTA\u00c7\u00c3O-DE-CRUST\u00c1CEOS-N\u00c3O-VI\u00c1VEIS-E-DERIVADOS-ORIGIN\u00c1RIOS-DE-PESCA-EXTRATIVA-OU-AQUICULTURA.pdf\">REQUISITOS ZOOSSANIT\u00c1RIOS DO BRASIL PARA A IMPORTA\u00c7\u00c3O DE CRUST\u00c1CEOS N\u00c3O VI\u00c1VEIS E DERIVADOS ORIGIN\u00c1RIOS DE PESCA EXTRATIVA OU AQUICULTURA<\/a><\/p>\n<p><a href=\"http:\/\/www.cidasc.sc.gov.br\/defesasanitariaanimal\/files\/2012\/09\/PORTARIA-n\u00b0-48-de-24-05-16-MAPA.pdf\">PORTARIA n\u00b0 48 de 24 05 16 &#8211; MAPA<\/a> &#8211; Altera o artigo 2\u00b0 da Portaria MPA n\u00b0 204, de 28 de junho de 2012.<\/p>\n<p><a href=\"http:\/\/www.cidasc.sc.gov.br\/defesasanitariaanimal\/files\/2020\/08\/lei-no-11-959-de-29-06-2009.pdf\">Lei n\u00b0 11.959, de 29 de Junho de 2009<\/a> &#8211; Disp\u00f5e sobre a Pol\u00edtica Nacional de Desenvolvimento Sustent\u00e1vel da Aquicultura e da Pesca<\/p>\n<p><a href=\"http:\/\/www.cidasc.sc.gov.br\/defesasanitariaanimal\/files\/2012\/09\/INSTRU\u00c7\u00c3O-NORMATIVA-No-11-DE-10-DE-MAIO-DE-2016.pdf\">INSTRU\u00c7\u00c3O NORMATIVA No- 11, DE 10 DE MAIO DE 2016<\/a> &#8211; Autoriza o ingresso em territ\u00f3rio nacional dos produtos de origem animal destinados ao uso e ao consumo humano ou animal classificados como n\u00e3o presum\u00edveis veiculadores de doen\u00e7as contagiosas.<\/p>\n<p><a href=\"http:\/\/www.cidasc.sc.gov.br\/defesasanitariaanimal\/files\/2012\/09\/Instru\u00e7\u00e3o-normativa-interministerial-MAPA-MPA-4-2014.pdf\">Instru\u00e7\u00e3o Normativa interministerial n\u00b04 de 30 de maio de 2014 <\/a>\u00a0&#8211; Instru\u00e7\u00e3o normativa interministerial MAPA\/MPA \u00a04\/2014.<\/p>\n<p><a href=\"http:\/\/www.cidasc.sc.gov.br\/defesasanitariaanimal\/files\/2012\/09\/PORTARIA-N\u00b0-175-DE-15-DE-MAIO-DE-2013.pdf\">PORTARIA N\u00b0 175 DE 15 DE MAIO DE 2013<\/a>\u00a0&#8211; Define os par\u00e2metros microbiol\u00f3gicos e de ficotoxinas para retirada de moluscos bivalves de \u00e1reas de extra\u00e7\u00e3o.<\/p>\n<p><a class=\"internal-link\" title=\"\" href=\"https:\/\/www.gov.br\/agricultura\/pt-br\/assuntos\/sanidade-animal-e-vegetal\/saude-animal\/programas-de-saude-animal\/arquivos-programas-sanitarios\/INMAPAn11de28.05.2015RevogaIN532003eIN182008.pdf\" target=\"_self\" rel=\"noopener noreferrer\">Instru\u00e7\u00e3o Normativa MAPA n\u00ba 11, de 28 de maio de 2015 <\/a>&#8211;\u00a0Revoga as Instru\u00e7\u00f5es Normativas SDA\/MAPA n\u00ba 53 e n\u00ba 18, de 2 de julho de 2003, e de 13 de maio de 2008, respectivamente, tendo em vista a Instru\u00e7\u00e3o Normativa MPA n\u00ba 4, de 4 de fevereiro de 2015<\/p>\n<p><a href=\"http:\/\/www.cidasc.sc.gov.br\/defesasanitariaanimal\/files\/2012\/09\/Instru\u00e7\u00e3o-Normativa-n\u00b0-10-de-24-de-Setembro-de-2015-que-altera-a-IN-n\u00b0-4-MPA-2015.pdf\">Instru\u00e7\u00e3o Normativa n\u00b0 10, de 24 de Setembro de 2015<\/a> &#8211; Que altera a IN n\u00b0 4 MPA 2015.<\/p>\n<p><a href=\"http:\/\/www.cidasc.sc.gov.br\/defesasanitariaanimal\/files\/2012\/09\/Instru\u00e7\u00e3o-Normativa-n\u00b09-de-25-de-agosto-de-2015-e-retifica\u00e7\u00e3o.pdf\">Instru\u00e7\u00e3o Normativa n\u00b0 9, de 25 de agosto de 2015 e retifica\u00e7\u00e3o<\/a>.<\/p>\n<p><a href=\"http:\/\/www.cidasc.sc.gov.br\/defesasanitariaanimal\/files\/2012\/09\/Portaria-MPA-n\u00b0-444.pdf\">Portaria MPA n\u00b0 444, de 30 de dezembro de 2014<\/a> &#8211; Que estabelece escopo e as metodologias a serem aplicadas em peixes no Programa de Monitoramento de Resist\u00eancia a Antimicrobianos em Recursos Pesqueiros, publicada na p\u00e1gina 83 do Di\u00e1rio Oficial da Uni\u00e3o de 02 de janeiro de 2015.<\/p>\n<p><a href=\"http:\/\/www.cidasc.sc.gov.br\/defesasanitariaanimal\/files\/2012\/09\/Portaria-19-2015-MPA.pdf\">Portaria 19-2015-MPA<\/a> &#8211; Portaria MPA n\u00ba 19, de 4 de fevereiro de 2015, que define a lista de doen\u00e7as de notifica\u00e7\u00e3o obrigat\u00f3ria de animais aqu\u00e1ticos ao Servi\u00e7o Veterin\u00e1rio Oficial (SVO), publicada na p\u00e1gina 54 do Di\u00e1rio Oficial da Uni\u00e3o de 09 de fevereiro de 2015.<\/p>\n<p><a href=\"http:\/\/www.cidasc.sc.gov.br\/defesasanitariaanimal\/files\/2012\/09\/Instru\u00e7\u00e3o-Normativa-n\u00b0-4-MPA.pdf\">Instru\u00e7\u00e3o Normativa n\u00b0 4 &#8211; MPA<\/a> &#8211; Instru\u00e7\u00e3o Normativa MPA n\u00ba 04, de 04 de fevereiro de 2015, que institui o Programa Nacional de Sanidade de Animais Aqu\u00e1ticos de Cultivo &#8211; &#8220;Aquicultura com Sanidade&#8221;, publicada nas p\u00e1ginas 47 a 54 do Di\u00e1rio Oficial da Uni\u00e3o de 09 de Fevereiro de 2015.<\/p>\n<p><a href=\"http:\/\/www.cidasc.sc.gov.br\/defesasanitariaanimal\/files\/2020\/08\/in_mpa_30_2014_institui_programa_monitoramento_antimicrobianos_recursos_pesqueiros-1.pdf\">Instru\u00e7\u00e3o Normativa n\u00ba 30 &#8211; MPA de 30 de dezembro de 2014<\/a> &#8211; Que institui o Programa Nacional de Monitoramento e Resist\u00eancia a Antimicrobianos, publicada nas p\u00e1ginas 82 e 83 do Di\u00e1rio Oficial da Uni\u00e3o de 02 de janeiro de 2015.<\/p>\n<p><a href=\"http:\/\/www.cidasc.sc.gov.br\/defesasanitariaanimal\/files\/2020\/08\/IN2211092014Planoformajovemsegura.pdf\">Instru\u00e7\u00e3o normativa N\u00b022<\/a> &#8211; Institui o plano nacional de certifica\u00e7\u00e3o Sanit\u00e1ria de estabelecimentos de aquicultura produtores de forma jovens de animais aqu\u00e1ticos Plano forma jovem segura.<\/p>\n<p><a href=\"http:\/\/www.cidasc.sc.gov.br\/defesasanitariaanimal\/files\/2019\/06\/IN_n_26_2014_MPA_Habilitacao_coleta_amostras_oficiais.pdf\">Instru\u00e7\u00e3o Normativa n\u00ba 26 &#8211; MPA<\/a> &#8211; Instru\u00e7\u00e3o Normativa n\u00ba 26, de 12 de Novembro de 2014, que estabelece normas para habilita\u00e7\u00e3o de profissionais privados para a realiza\u00e7\u00e3o de coleta e remessa de amostras oficiais para laborat\u00f3rios.<\/p>\n<p><a href=\"http:\/\/www.cidasc.sc.gov.br\/defesasanitariaanimal\/files\/2012\/09\/345558546-Intru\u00e7a\u00f5-Normativa-n\u00ba21-Estabelece-a-Nota-Fiscal-Eletr\u00f4nica-como-comprobat\u00f3rio-de-origem-tr\u00e2nsito-e-destino-Publicado-em-12-09-2014.pdf\">Instru\u00e7a\u00f5 Normativa n\u00ba21 <\/a>\u00a0&#8211; Estabelece a Nota Fiscal Eletr\u00f4nica como comprobat\u00f3rio de origem tr\u00e2nsito e destino Publicado em 12-09-2014.<\/p>\n<p><a href=\"http:\/\/www.cidasc.sc.gov.br\/defesasanitariaanimal\/files\/2012\/09\/Manual-de-Coleta-e-Remessa1.pdf\">Manual de Coleta e Remessa<\/a>\u00a0&#8211; Manual de Coleta e Remessa de Amostras para Diagn\u00f3stico de Enfermidades de Animais Aqu\u00e1ticos na Rede Nacional de Laborat\u00f3rios do Minist\u00e9rio da Pesca e Aquicultura &#8211; RENAQUA.<\/p>\n<p><a href=\"http:\/\/www.cidasc.sc.gov.br\/defesasanitariaanimal\/files\/2020\/08\/1313_GED-1.pdf\">Instru\u00e7\u00e3o Normativa n\u00b0 18 de 13 de maio de 2008<\/a>\u00a0&#8211; Estabelece os procedimentos para importa\u00e7\u00e3o de animais aqu\u00e1ticos para fins ornamentais e destinados \u00e0 comercializa\u00e7\u00e3o.<\/p>\n<p><a href=\"\/defesasanitariaanimal\/files\/2012\/09\/Instru\u00e7\u00e3o-Normativa-N\u00ba-39-DE-04-DE-NOVEMBRO-DE-1999.htm\">Instru\u00e7\u00e3o Normativa n\u00b0 39 de 04 de novembro de 1999<\/a>\u00a0&#8211; Suspende &#8211; temporariamente &#8211; a entrada no territ\u00f3rio nacional de todas as esp\u00e9cies de crust\u00e1ceos &#8211; quer de \u00e1gua doce ou salgada &#8211; em qualquer etapa do seu ciclo biol\u00f3gico &#8211; inclusive seus produtos frescos e congelados &#8211; assim como os cozidos &#8211; quando inteiro em suas carapa\u00e7as ou partes delas\/ de qualquer proced\u00eancia.<\/p>\n<p><a href=\"http:\/\/www.cidasc.sc.gov.br\/defesasanitariaanimal\/files\/2012\/09\/Instru\u00e7\u00e3o_Normativa_53_Animais_Aqu\u00e1ticos1.pdf\">Instru\u00e7\u00e3o Normativa MAPA N\u00b0 53 de 2 de Julho de 2003<\/a>\u00a0&#8211; Aprova o Regulamento T\u00e9cnico do Programa Nacional de Sanidade de Animais Aqu\u00e1ticos.<\/p>\n<p><a href=\"http:\/\/www.cidasc.sc.gov.br\/defesasanitariaanimal\/files\/2012\/09\/Portaria-n\u00b0-204-DE-28-DE-JUNHO-DE-2012.pdf\">Portaria n\u00b0 204 de 28 de junho de 2012<\/a>\u00a0&#8211; Estabelece os procedimentos para coleta de amostras para realiza\u00e7\u00e3o de an\u00e1lises de micro-organismos contaminantes e de toxinas em moluscos bivalves e de an\u00e1lises para o monitoramento de esp\u00e9cies de microalgas potencialmente produtoras de toxinas.<\/p>\n<p><a class=\"internal-link\" title=\"\" href=\"https:\/\/www.gov.br\/agricultura\/pt-br\/assuntos\/sanidade-animal-e-vegetal\/saude-animal\/programas-de-saude-animal\/arquivos-programas-sanitarios\/INN3DE13042012.pdf\" target=\"_self\" rel=\"noopener noreferrer\">Instru\u00e7\u00e3o Normativa MPA n\u00ba 3, de\u00a013 de abril de 2012<\/a> &#8211;\u00a0\u00a0Institui a Rede Nacional de Laborat\u00f3rios do Minist\u00e9rio da Pesca e Aquicultura \u2013 RENAQUA, respons\u00e1vel pela realiza\u00e7\u00e3o de diagn\u00f3sticos e an\u00e1lises oficiais, bem como o desenvolvimento cont\u00ednuo de novas metodologias anal\u00edticas. (www.renaqua.gov.br)<\/p>\n<p><a class=\"internal-link\" title=\"\" href=\"https:\/\/www.gov.br\/agricultura\/pt-br\/assuntos\/sanidade-animal-e-vegetal\/saude-animal\/programas-de-saude-animal\/arquivos-programas-sanitarios\/in_inter_mpa_mma_01_2012_.pdf\" target=\"_self\" rel=\"noopener noreferrer\">Instru\u00e7\u00e3o Normativa Interministerial MPA\/MMA n\u00ba 1, de 3 de janeiro de 2012<\/a>\u00a0&#8211;\u00a0Estabelece normas, crit\u00e9rios e padr\u00f5es para a explota\u00e7\u00e3o de peixes nativos ou ex\u00f3ticos de \u00e1guas continentais com finalidade ornamental ou de aquariofilia.<\/p>\n<p><a href=\"http:\/\/www.cidasc.sc.gov.br\/defesasanitariaanimal\/programas\/sanidade-dos-animais-aquaticos\/legislacao\/rdc-no-42-de-29-de-agosto-de-2013\/\" rel=\"attachment wp-att-20996\">RDC n\u00ba 42 de 29 de agosto de 2013<\/a><\/p>\n<p><strong>Outros Documentos:<\/strong><\/p>\n<p><a href=\"http:\/\/www.cidasc.sc.gov.br\/defesasanitariaanimal\/files\/2024\/12\/POP-1.25-PNCMB-1.pdf\">POP 1.25 MOLUBIS<\/a><\/p>\n<p><a href=\"http:\/\/www.cidasc.sc.gov.br\/defesasanitariaanimal\/programas\/sanidade-dos-animais-aquaticos\/legislacao\/manual_para_emissao_de_gta_de_animais_aquaticos__manuais_da_sda_12-0\/\" rel=\"attachment wp-att-22344\">Manual_para_emissao_de_GTA_de_Animais_Aquaticos_- V_12.0<\/a><\/p>\n<p><a href=\"http:\/\/www.cidasc.sc.gov.br\/defesasanitariaanimal\/programas\/sanidade-dos-animais-aquaticos\/legislacao\/pop-1-23-registro-e-atendimento-notificacao-doencas-em-aquaticos\/\" rel=\"attachment wp-att-21994\">POP 1.23 &#8211; Registro e Atendimento Notifica\u00e7\u00e3o Doen\u00e7as em Aqu\u00e1ticos<\/a><\/p>\n<p><a href=\"http:\/\/www.cidasc.sc.gov.br\/defesasanitariaanimal\/files\/2024\/09\/Manual-do-Programa-Nacional-Moluscos-Bivalves-Seguros-\u2013-MoluBiS-_-Manuais-da-SDA.pdf\">Manual do Programa Nacional Moluscos Bivalves Seguros \u2013 MoluBiS _ Manuais da SDA<\/a><\/p>\n<p><a href=\"http:\/\/www.cidasc.sc.gov.br\/defesasanitariaanimal\/files\/2022\/02\/1-20057902_Instrucao_Amostras_oficiais___Crustaceos.pdf\" rel=\"attachment wp-att-22442\">Coleta e envio de amostras de Crust\u00e1ceos<\/a><\/p>\n<p><a href=\"http:\/\/www.cidasc.sc.gov.br\/defesasanitariaanimal\/files\/2022\/02\/2-20057960_Instrucao_Amostras_oficiais___Moluscos.pdf\" rel=\"attachment wp-att-22441\">Coleta e envio de amostras de Moluscos<\/a><\/p>\n<p><a href=\"http:\/\/www.cidasc.sc.gov.br\/defesasanitariaanimal\/files\/2022\/02\/3-20058019_Instrucao_Amostras_oficiais___Anfibios.pdf\" rel=\"attachment wp-att-22440\">Coleta e envio de amostras de Anf\u00edbios<\/a><\/p>\n<p><a href=\"http:\/\/www.cidasc.sc.gov.br\/defesasanitariaanimal\/files\/2022\/02\/4-20058084_Instrucao_Amostras_oficiais___Peixes.pdf\" rel=\"attachment wp-att-22439\">Coleta e envio de amostras de Peixes<\/a><\/p>\n","protected":false},"excerpt":{"rendered":"<p>Legisla\u00e7\u00e3o Estadual: PORTARIA INTERMINISTERIAL MAPA N\u00ba 54 DE 9 DE ABRIL DE 2026 &#8211; Estabelece a Nota Fiscal do pescado como documento comprobat\u00f3rio de origem do pescado proveniente da pesca e da aquicultura, para fins de rastreabilidade da mat\u00e9ria-prima destinada a estabelecimentos sob Servi\u00e7o de Inspe\u00e7\u00e3o Oficial, e d\u00e1 outras provid\u00eancias. Manual do Programa Nacional[&#8230;] <a class=\"moretag\" href=\"https:\/\/www.cidasc.sc.gov.br\/defesasanitariaanimal\/programas\/sanidade-dos-animais-aquaticos\/legislacao\/\">Leia mais&#8230;<\/a><\/p>\n","protected":false},"author":12,"featured_media":0,"parent":63,"menu_order":0,"comment_status":"open","ping_status":"open","template":"","meta":{"footnotes":""},"class_list":["post-144","page","type-page","status-publish","hentry"],"_links":{"self":[{"href":"https:\/\/www.cidasc.sc.gov.br\/defesasanitariaanimal\/wp-json\/wp\/v2\/pages\/144","targetHints":{"allow":["GET"]}}],"collection":[{"href":"https:\/\/www.cidasc.sc.gov.br\/defesasanitariaanimal\/wp-json\/wp\/v2\/pages"}],"about":[{"href":"https:\/\/www.cidasc.sc.gov.br\/defesasanitariaanimal\/wp-json\/wp\/v2\/types\/page"}],"author":[{"embeddable":true,"href":"https:\/\/www.cidasc.sc.gov.br\/defesasanitariaanimal\/wp-json\/wp\/v2\/users\/12"}],"replies":[{"embeddable":true,"href":"https:\/\/www.cidasc.sc.gov.br\/defesasanitariaanimal\/wp-json\/wp\/v2\/comments?post=144"}],"version-history":[{"count":174,"href":"https:\/\/www.cidasc.sc.gov.br\/defesasanitariaanimal\/wp-json\/wp\/v2\/pages\/144\/revisions"}],"predecessor-version":[{"id":35126,"href":"https:\/\/www.cidasc.sc.gov.br\/defesasanitariaanimal\/wp-json\/wp\/v2\/pages\/144\/revisions\/35126"}],"up":[{"embeddable":true,"href":"https:\/\/www.cidasc.sc.gov.br\/defesasanitariaanimal\/wp-json\/wp\/v2\/pages\/63"}],"wp:attachment":[{"href":"https:\/\/www.cidasc.sc.gov.br\/defesasanitariaanimal\/wp-json\/wp\/v2\/media?parent=144"}],"curies":[{"name":"wp","href":"https:\/\/api.w.org\/{rel}","templated":true}]}}