{"id":137,"date":"2012-09-03T20:38:42","date_gmt":"2012-09-03T20:38:42","guid":{"rendered":"http:\/\/MANUAISManualdeProcedimentosOperacionaisdoProgramaNacionaldeSanidadeSu\u00eddeaparaasUnidadesLocais"},"modified":"2022-11-30T11:21:25","modified_gmt":"2022-11-30T11:21:25","slug":"documentos-e-formularios","status":"publish","type":"page","link":"https:\/\/www.cidasc.sc.gov.br\/defesasanitariaanimal\/programas\/sanidade-suidea\/documentos-e-formularios\/","title":{"rendered":"Sanidade Su\u00eddea &#8211; Documentos e Formul\u00e1rios"},"content":{"rendered":"<p><strong>FORMUL\u00c1RIOS<\/strong><\/p>\n<div><\/div>\n<div>Granjas de Reprodutores Su\u00eddeos Certificada:<\/div>\n<ul>\n<li><a href=\"http:\/\/www.cidasc.sc.gov.br\/defesasanitariaanimal\/files\/2020\/02\/Anexo-I-Declara\u00e7\u00e3o-de-realiza\u00e7\u00e3o-de-exames-e-atendimento-a-IN-19.02-Vers\u00e3o-4.0-1.doc\">Declara\u00e7\u00e3o de realiza\u00e7\u00e3o de exames e atendimento a IN 19.02 &#8211; Vers\u00e3o 4.0<\/a><\/li>\n<li><a href=\"http:\/\/www.cidasc.sc.gov.br\/defesasanitariaanimal\/files\/2020\/02\/Anexo-II-Declara\u00e7\u00e3o-de-atendimento-a-IN-19.02-Granja-S\u00edtio-II-Creche-Vers\u00e3o-2.0.doc\">Declara\u00e7\u00e3o de atendimento a IN 19.02 &#8211; Granja S\u00edtio II &#8211; Creche &#8211; Vers\u00e3o 2.0<\/a><\/li>\n<li><a href=\"http:\/\/www.cidasc.sc.gov.br\/defesasanitariaanimal\/files\/2020\/02\/Anexo-III-Ficha-de-tuberculiniza\u00e7\u00e3o-comparada-em-su\u00ednos.xlsx\">Ficha de tuberculiniza\u00e7\u00e3o comparada em su\u00ednos<\/a><\/li>\n<li><a href=\"https:\/\/drive.google.com\/file\/d\/1YgRiPKjbGJ4eXenVjQq_QbZiTHNVwMW0\/view\">Atestado de vacina\u00e7\u00e3o de leptospirose &#8211; S\u00edtio II, III e IV<\/a><\/li>\n<li><a href=\"https:\/\/drive.google.com\/file\/d\/1YgoT9IqSp_B6pSaXd3S4ajrIyJwIENRa\/view\">Atestado de vacina\u00e7\u00e3o de leptospirose &#8211; CC, S\u00edtio I e CCPS<\/a><\/li>\n<li><a href=\"http:\/\/www.cidasc.sc.gov.br\/defesasanitariaanimal\/files\/2020\/02\/Anexo-VI-Relat\u00f3rio-de-Supervis\u00e3o-GRSC-Vers\u00e3o-2.0.doc\">Relat\u00f3rio de Supervis\u00e3o GRSC &#8211; Vers\u00e3o 2.0<\/a><\/li>\n<\/ul>\n<p>Procedimentos Operacionais Padronizados &#8211; POPs<\/p>\n<ul>\n<li><a href=\"http:\/\/www.cidasc.sc.gov.br\/defesasanitariaanimal\/files\/2020\/06\/POP-1.1-ROTEIRO-FISCALIZA\u00c7\u00c3O-Su\u00ednos-Vers\u00e3o-2-1-1.pdf\">POP 1.1 &#8211; ROTEIRO FISCALIZA\u00c7\u00c3O &#8211; Su\u00ednos Vers\u00e3o 2<\/a><\/li>\n<li><a href=\"http:\/\/www.cidasc.sc.gov.br\/defesasanitariaanimal\/files\/2020\/02\/POP-1.8-Primeira-certifica\u00e7\u00e3o-GRSC-Vers\u00e3o-02-1.pdf\">POP 1.8- Primeira certifica\u00e7\u00e3o GRSC &#8211; Vers\u00e3o 02<\/a><\/li>\n<li><a href=\"http:\/\/www.cidasc.sc.gov.br\/defesasanitariaanimal\/files\/2020\/02\/POP-1.9-Renova\u00e7\u00e3o-GRSC-V.2.0.pdf\">POP 1.9 &#8211; Renova\u00e7\u00e3o GRSC V.2.0<\/a><\/li>\n<li><a href=\"http:\/\/www.cidasc.sc.gov.br\/defesasanitariaanimal\/files\/2019\/10\/POP-7.1-Propriedades-de-alojamento-tempor\u00e1rio-de-su\u00ednos-GRSC-1.pdf\">POP 7.1 &#8211; Propriedades de alojamento tempor\u00e1rio de su\u00ednos GRSC<\/a><\/li>\n<li><a href=\"http:\/\/www.cidasc.sc.gov.br\/defesasanitariaanimal\/files\/2020\/02\/POP-8.3-Registro-de-v\u00ednculos.pdf\">POP 8.3 &#8211; Registro de v\u00ednculos<\/a><\/li>\n<li><a href=\"http:\/\/www.cidasc.sc.gov.br\/defesasanitariaanimal\/files\/2020\/02\/POP-8.4-Registro-de-atendimento-SV-Suspeita-fundamentada-SISBRAVET.pdf\">POP 8.4 &#8211; Registro de atendimento SV &#8211; Suspeita fundamentada &#8211; SISBRAVET<\/a><\/li>\n<li><a href=\"http:\/\/www.cidasc.sc.gov.br\/defesasanitariaanimal\/files\/2020\/02\/POP-8.5-Registro-de-atendimento-SV-n\u00e3o-fundamentada-SISBRAVET.pdf\">POP 8.5 &#8211; Registro de atendimento SV n\u00e3o fundamentada &#8211; SISBRAVET<\/a><\/li>\n<li><a href=\"http:\/\/www.cidasc.sc.gov.br\/defesasanitariaanimal\/files\/2020\/06\/POP-8.7-Registro-de-atendimento-SH-Suspeita-fundamentada-SISBRAVET.pdf\">POP 8.7 &#8211; Registro de atendimento SH &#8211; Suspeita fundamentada &#8211; SISBRAVET<\/a><\/li>\n<li><a href=\"http:\/\/www.cidasc.sc.gov.br\/defesasanitariaanimal\/files\/2020\/06\/POP-8.8-Registro-de-atendimento-SH-Suspeita-descartada-SISBRAVET.pdf\">POP 8.8 &#8211; Registro de atendimento SH &#8211; Suspeita descartada &#8211; SISBRAVET<\/a><\/li>\n<\/ul>\n<p>Outros Formul\u00e1rios:<\/p>\n<ul>\n<li><a href=\"https:\/\/forms.gle\/QSPrRiDUGg9C2eyW7\" rel=\"\">FORMUL\u00c1RIO DE COLHEITA DE AMOSTRAS DE JAVALIS<\/a><\/li>\n<li><a href=\"http:\/\/www.cidasc.sc.gov.br\/defesasanitariaanimal\/files\/2012\/09\/FICHA-DE-CADASTRO-DE-PROPRIEDADE-COM-SU\u00cdDEOS-1.doc\" rel=\"\">FICHA DE CADASTRO DE PROPRIEDADE COM SU\u00cdDEOS<\/a><\/li>\n<li><a href=\"http:\/\/www.cidasc.sc.gov.br\/defesasanitariaanimal\/files\/2012\/09\/CADASTRO-DE-TRANSPORTADOR-DE-ANIMAIS-1.doc\" rel=\"\">CADASTRO DE TRANSPORTADOR DE ANIMAIS<\/a><\/li>\n<li><a href=\"https:\/\/drive.google.com\/file\/d\/1VN2tc5mLk1l3ZxE8WgAKXQEAX6TGDp63\/view?usp=sharing\">Guia CESUI &#8211; Orienta\u00e7\u00f5es importantes para os Agentes de Manejo Populacional<\/a><\/li>\n<\/ul>\n","protected":false},"excerpt":{"rendered":"<p>FORMUL\u00c1RIOS Granjas de Reprodutores Su\u00eddeos Certificada: Declara\u00e7\u00e3o de realiza\u00e7\u00e3o de exames e atendimento a IN 19.02 &#8211; Vers\u00e3o 4.0 Declara\u00e7\u00e3o de atendimento a IN 19.02 &#8211; Granja S\u00edtio II &#8211; Creche &#8211; Vers\u00e3o 2.0 Ficha de tuberculiniza\u00e7\u00e3o comparada em su\u00ednos Atestado de vacina\u00e7\u00e3o de leptospirose &#8211; S\u00edtio II, III e IV Atestado de vacina\u00e7\u00e3o de[&#8230;] <a class=\"moretag\" href=\"https:\/\/www.cidasc.sc.gov.br\/defesasanitariaanimal\/programas\/sanidade-suidea\/documentos-e-formularios\/\">Leia mais&#8230;<\/a><\/p>\n","protected":false},"author":12,"featured_media":0,"parent":57,"menu_order":0,"comment_status":"open","ping_status":"open","template":"","meta":{"footnotes":""},"class_list":["post-137","page","type-page","status-publish","hentry"],"_links":{"self":[{"href":"https:\/\/www.cidasc.sc.gov.br\/defesasanitariaanimal\/wp-json\/wp\/v2\/pages\/137","targetHints":{"allow":["GET"]}}],"collection":[{"href":"https:\/\/www.cidasc.sc.gov.br\/defesasanitariaanimal\/wp-json\/wp\/v2\/pages"}],"about":[{"href":"https:\/\/www.cidasc.sc.gov.br\/defesasanitariaanimal\/wp-json\/wp\/v2\/types\/page"}],"author":[{"embeddable":true,"href":"https:\/\/www.cidasc.sc.gov.br\/defesasanitariaanimal\/wp-json\/wp\/v2\/users\/12"}],"replies":[{"embeddable":true,"href":"https:\/\/www.cidasc.sc.gov.br\/defesasanitariaanimal\/wp-json\/wp\/v2\/comments?post=137"}],"version-history":[{"count":154,"href":"https:\/\/www.cidasc.sc.gov.br\/defesasanitariaanimal\/wp-json\/wp\/v2\/pages\/137\/revisions"}],"predecessor-version":[{"id":33176,"href":"https:\/\/www.cidasc.sc.gov.br\/defesasanitariaanimal\/wp-json\/wp\/v2\/pages\/137\/revisions\/33176"}],"up":[{"embeddable":true,"href":"https:\/\/www.cidasc.sc.gov.br\/defesasanitariaanimal\/wp-json\/wp\/v2\/pages\/57"}],"wp:attachment":[{"href":"https:\/\/www.cidasc.sc.gov.br\/defesasanitariaanimal\/wp-json\/wp\/v2\/media?parent=137"}],"curies":[{"name":"wp","href":"https:\/\/api.w.org\/{rel}","templated":true}]}}