{"id":12512,"date":"2022-02-17T00:00:00","date_gmt":"2022-02-17T00:00:00","guid":{"rendered":"http:\/\/www.cidasc.sc.gov.br\/defesasanitariaanimal\/?page_id=12512"},"modified":"2025-01-16T11:40:16","modified_gmt":"2025-01-16T11:40:16","slug":"consulta-de-estabelecimentos-avicolas-registrados-no-sve","status":"publish","type":"page","link":"https:\/\/www.cidasc.sc.gov.br\/defesasanitariaanimal\/consulta-de-estabelecimentos-avicolas-registrados-no-sve\/","title":{"rendered":"Consulta de estabelecimentos av\u00edcolas registrados no SVE"},"content":{"rendered":"<p>Para consulta de estabelecimentos av\u00edcolas registrados, acesse o site <a href=\"https:\/\/sigen.cidasc.sc.gov.br\">https:\/\/sigen.cidasc.sc.gov.br<\/a> e clique no link\u00a0 &#8220;Validar Homologa\u00e7\u00e3o&#8221;.<\/p>\n<p><strong>** A consulta retornar\u00e1 com a c\u00f3pia do certificado ativo, constando a data em que foi emitido, dos estabelecimentos devidamente registrados pelo SVE. Para estabelecimentos n\u00e3o registrados ou irregulares, o sistema n\u00e3o fornecer\u00e1 informa\u00e7\u00f5es.<\/strong><strong>\u00a0<\/strong><\/p>\n<p><a href=\"https:\/\/sigen.cidasc.sc.gov.br\"><img loading=\"lazy\" decoding=\"async\" class=\"alignnone wp-image-19867 \" src=\"http:\/\/www.cidasc.sc.gov.br\/defesasanitariaanimal\/files\/2021\/04\/Captura-de-tela-2021-04-09-133702-300x192.png\" alt=\"\" width=\"633\" height=\"405\" srcset=\"https:\/\/www.cidasc.sc.gov.br\/defesasanitariaanimal\/files\/2021\/04\/Captura-de-tela-2021-04-09-133702-300x192.png 300w, https:\/\/www.cidasc.sc.gov.br\/defesasanitariaanimal\/files\/2021\/04\/Captura-de-tela-2021-04-09-133702-1024x655.png 1024w, https:\/\/www.cidasc.sc.gov.br\/defesasanitariaanimal\/files\/2021\/04\/Captura-de-tela-2021-04-09-133702-768x491.png 768w, https:\/\/www.cidasc.sc.gov.br\/defesasanitariaanimal\/files\/2021\/04\/Captura-de-tela-2021-04-09-133702-222x142.png 222w, https:\/\/www.cidasc.sc.gov.br\/defesasanitariaanimal\/files\/2021\/04\/Captura-de-tela-2021-04-09-133702-100x64.png 100w, https:\/\/www.cidasc.sc.gov.br\/defesasanitariaanimal\/files\/2021\/04\/Captura-de-tela-2021-04-09-133702.png 1352w\" sizes=\"auto, (max-width: 633px) 100vw, 633px\" \/><\/a><\/p>\n<p><a href=\"https:\/\/drive.google.com\/file\/d\/1jxA3PMHs7mvMPzWZNPmdT2g3fGzcdynA\/view?usp=drive_link\">Passo a passo &#8211; PDF\u00a0<\/a><\/p>\n<p>V\u00eddeo tutorial:<\/p>\n<p><iframe loading=\"lazy\" title=\"Procedimento para pesquisa de estabelecimentos av\u00edcolas de Santa Catarina\" width=\"500\" height=\"281\" src=\"https:\/\/www.youtube.com\/embed\/3cQw6RwujCM?feature=oembed\" frameborder=\"0\" allow=\"accelerometer; autoplay; clipboard-write; encrypted-media; gyroscope; picture-in-picture; web-share\" referrerpolicy=\"strict-origin-when-cross-origin\" allowfullscreen><\/iframe><\/p>\n","protected":false},"excerpt":{"rendered":"<p>Para consulta de estabelecimentos av\u00edcolas registrados, acesse o site https:\/\/sigen.cidasc.sc.gov.br e clique no link\u00a0 &#8220;Validar Homologa\u00e7\u00e3o&#8221;. ** A consulta retornar\u00e1 com a c\u00f3pia do certificado ativo, constando a data em que foi emitido, dos estabelecimentos devidamente registrados pelo SVE. Para estabelecimentos n\u00e3o registrados ou irregulares, o sistema n\u00e3o fornecer\u00e1 informa\u00e7\u00f5es.\u00a0 Passo a passo &#8211; PDF\u00a0[&#8230;] <a class=\"moretag\" href=\"https:\/\/www.cidasc.sc.gov.br\/defesasanitariaanimal\/consulta-de-estabelecimentos-avicolas-registrados-no-sve\/\">Leia mais&#8230;<\/a><\/p>\n","protected":false},"author":12,"featured_media":0,"parent":0,"menu_order":0,"comment_status":"closed","ping_status":"closed","template":"","meta":{"footnotes":""},"class_list":["post-12512","page","type-page","status-publish","hentry"],"_links":{"self":[{"href":"https:\/\/www.cidasc.sc.gov.br\/defesasanitariaanimal\/wp-json\/wp\/v2\/pages\/12512","targetHints":{"allow":["GET"]}}],"collection":[{"href":"https:\/\/www.cidasc.sc.gov.br\/defesasanitariaanimal\/wp-json\/wp\/v2\/pages"}],"about":[{"href":"https:\/\/www.cidasc.sc.gov.br\/defesasanitariaanimal\/wp-json\/wp\/v2\/types\/page"}],"author":[{"embeddable":true,"href":"https:\/\/www.cidasc.sc.gov.br\/defesasanitariaanimal\/wp-json\/wp\/v2\/users\/12"}],"replies":[{"embeddable":true,"href":"https:\/\/www.cidasc.sc.gov.br\/defesasanitariaanimal\/wp-json\/wp\/v2\/comments?post=12512"}],"version-history":[{"count":11,"href":"https:\/\/www.cidasc.sc.gov.br\/defesasanitariaanimal\/wp-json\/wp\/v2\/pages\/12512\/revisions"}],"predecessor-version":[{"id":31463,"href":"https:\/\/www.cidasc.sc.gov.br\/defesasanitariaanimal\/wp-json\/wp\/v2\/pages\/12512\/revisions\/31463"}],"wp:attachment":[{"href":"https:\/\/www.cidasc.sc.gov.br\/defesasanitariaanimal\/wp-json\/wp\/v2\/media?parent=12512"}],"curies":[{"name":"wp","href":"https:\/\/api.w.org\/{rel}","templated":true}]}}