{"id":116,"date":"2012-09-03T20:22:06","date_gmt":"2012-09-03T20:22:06","guid":{"rendered":"http:\/\/tablePublica\u00e7\u00e3o,Descri\u00e7\u00e3oDecreton\u00ba24.548de3julho1934,AprovaoRegulamentodoServi\u00e7odeDefesa"},"modified":"2026-04-27T12:28:32","modified_gmt":"2026-04-27T12:28:32","slug":"legislacao","status":"publish","type":"page","link":"https:\/\/www.cidasc.sc.gov.br\/defesasanitariaanimal\/programas\/sanidade-avicola\/legislacao\/","title":{"rendered":"Sanidade Av\u00edcola &#8211; Legisla\u00e7\u00e3o e Documenta\u00e7\u00e3o complementar"},"content":{"rendered":"<figure class=\"wp-block-table is-style-regular\">\n<h3><\/h3>\n<h3><\/h3>\n<h3><strong><span style=\"color: black\"><mark style=\"background-color: #ffffff\">COMPILADO PNSA LEGISLA\u00c7\u00d5ES E DOCUMENTA\u00c7\u00d5ES COMPLEMENTARES<\/mark><\/span><\/strong><\/h3>\n<h3><strong>GERAL &#8211; DEFESA SANIT\u00c1RIA ANIMAL<\/strong><\/h3>\n<p><a href=\"http:\/\/www.cidasc.sc.gov.br\/defesasanitariaanimal\/files\/2012\/09\/MANUAL-DE-PROCEDIMENTOS-EM-SANIDADE-ANIMAL.doc\">Lei n\u00ba 10.366 de 24 de janeiro de 1997 <\/a><br \/>\nDisp\u00f5e sobre a fixa\u00e7\u00e3o da pol\u00edtica de defesa sanit\u00e1ria animal e adota outras provid\u00eancias.<\/p>\n<p><a href=\"http:\/\/www.cidasc.sc.gov.br\/defesasanitariaanimal\/files\/2012\/09\/decreto-2919-de-1-junho-1998-alterado-decreto-35271.pdf\">Decreto n\u00ba 2.919 alterado pelo Decreto n\u00ba 3527 de 15 de dezembro de 1998 \u2013 de 01 de junho de 1998. <\/a><br \/>\nAprova o Regulamento da Pol\u00edtica de Defesa Sanit\u00e1ria Animal no Estado de Santa Catarina institu\u00edda pela Lei 10.366 de 24 de janeiro de 1997.<\/figure>\n<figure class=\"wp-block-table is-style-regular\">\n<h3><strong>GERAL &#8211; PNSA<\/strong><\/h3>\n<p><a href=\"http:\/\/www.cidasc.sc.gov.br\/defesasanitariaanimal\/files\/2012\/09\/PORTARIA-SAR-07.2006-26.04.06_CESAVI.pdf\">Portaria SAR n\u00ba 07 de 26 de abril de 2006. <\/a>\u00a0&#8211; CESAVI (coesa)<\/p>\n<p><a href=\"http:\/\/www.cidasc.sc.gov.br\/defesasanitariaanimal\/files\/2012\/09\/6.-PORTARIA-SAR-N.-34_2006-de-01.11.2006-Formaliza-a-adeso-do-Estado-de-Santa-Catarina-ao-PNS1.pdf\">Portaria SAR n\u00ba 034\/2006 de 1 de novembro de 2006 <\/a><br \/>\nFormaliza a inten\u00e7\u00e3o do Estado de Santa Catarina de participar do Plano Nacional de Preven\u00e7\u00e3o da Influenza Avi\u00e1ria e de Controle e Preven\u00e7\u00e3o da Doen\u00e7a de Newcastle<\/p>\n<h3><strong>VIGIL\u00c2NCIA &#8211; INFLUENZA AVI\u00c1RIA E DOEN\u00c7A DE NEWCASTLE<\/strong><\/h3>\n<p><a href=\"http:\/\/www.cidasc.sc.gov.br\/defesasanitariaanimal\/files\/2012\/09\/IN-32-2002.pdf\">Instru\u00e7\u00e3o Normativa n\u00ba 32 de 13 de maio de 2002<\/a><br \/>\nAprova as Normas T\u00e9cnicas de Vigil\u00e2ncia para doen\u00e7a de Newcastle e Influenza Avi\u00e1ria e de controle e erradica\u00e7\u00e3o para a doen\u00e7a de Newcastle<\/p>\n<p><a href=\"http:\/\/www.cidasc.sc.gov.br\/defesasanitariaanimal\/files\/2022\/08\/Cesav_IN17_2006.pdf\">Instru\u00e7\u00e3o Normativa n\u00ba 17 de 7 de Abril de 2006<\/a>\u00a0<strong>Consolidada<\/strong><br \/>\nAprovar no \u00e2mbito do Programa Nacional de Sanidade Av\u00edcola o Plano Nacional de Preven\u00e7\u00e3o da Influenza Avi\u00e1ria e de Controle e Preven\u00e7\u00e3o da Doen\u00e7a de Newcastle<\/p>\n<p><a href=\"https:\/\/www.cidasc.sc.gov.br\/defesasanitariaanimal\/files\/2022\/11\/Plano_22604374_Plano_de_vigilancia_IA_DNC_06_07_2022-1.pdf\">Plano de Vigil\u00e2ncia de Influenza Avi\u00e1ria e Doen\u00e7a de Newcastle<\/a><br \/>\nPlano nacional de vigil\u00e2ncia de Influenza Avi\u00e1ria e Doen\u00e7a de Newcastle<\/p>\n<p><a href=\"http:\/\/www.cidasc.sc.gov.br\/defesasanitariaanimal\/files\/2023\/09\/Plano_de_contingencia_29416668_Plano_Contingencia_Emergencias_Zoossanitarias___Parte_Especifica___IA_e_DNC___versao_1.0___27_6_2023.pdf\">Plano de Conting\u00eancia para Emerg\u00eancias Zoossanit\u00e1rias &#8211; Parte Geral\u00a0<\/a><br \/>\nPlano Federal de Conting\u00eancia para Influenza e Newcastle<\/p>\n<p><a href=\"http:\/\/www.cidasc.sc.gov.br\/defesasanitariaanimal\/files\/2023\/09\/Plano_de_contingencia_29416610_Plano_Contingencia_Emergencias_Zoossanitarias___Parte_Geral___versao_1.0___27_6_2023.pdf\">Plano de Conting\u00eancia para Emerg\u00eancias Zoossanit\u00e1rias &#8211; Parte Espec\u00edfica<\/a><br \/>\nPlano Federal de Conting\u00eancia para Influenza e Newcastle<\/p>\n<p class=\"zfr3Q CDt4Ke \" dir=\"ltr\" role=\"presentation\"><a href=\"https:\/\/drive.google.com\/file\/d\/1skY5JZpCy-xGpDuzenLo1_O8OMEVphe3\/view?usp=drive_link\"><span class=\"C9DxTc \">Procedimento operacional padr\u00e3o para postos fixos e equipes volantes em emerg\u00eancia zoosanit\u00e1ria<\/span><\/a><\/p>\n<p dir=\"ltr\" role=\"presentation\"><a href=\"https:\/\/drive.google.com\/file\/d\/1lq9yCUxHswQ84lp4-sOUnkNXDUOHmGit\/view?usp=drive_link\">M\u00e9todos de depopula\u00e7\u00e3o de aves em foco de IAAP<\/a><\/p>\n<p><a href=\"https:\/\/drive.google.com\/file\/d\/1M45ajSzQysVB-ltoVmxvUoxJiSeB2Jg6\/view?usp=sharing\">Manual de colheita, acondicionamento e encaminhamento de amostras<\/a><br \/>\nOrienta o Servi\u00e7o Veterin\u00e1rio Oficial na colheita, armazenamento e encaminhamento de amostras destinadas ao diagn\u00f3stico das doen\u00e7as contempladas no Programa Nacional de Sanidade Av\u00edcola- PNSA, origin\u00e1rias dos atendimentos de vigil\u00e2ncia ativa e passiva<\/p>\n<p><a href=\"https:\/\/drive.google.com\/file\/d\/1wsCENcWA-XTx6q56BOCXkji1IHTmjNaT\/view?usp=sharing\"> Ficha T\u00e9cnica &#8211; Influenza Avi\u00e1ria (2025)<\/a><br \/>\nMaterial t\u00e9cnico sobre Influenza Avi\u00e1ria (Mapa &#8211; e-Sisbravet)<\/p>\n<p><a href=\"https:\/\/drive.google.com\/file\/d\/1wsCENcWA-XTx6q56BOCXkji1IHTmjNaT\/view?usp=sharing\"> Ficha T\u00e9cnica &#8211; Doen\u00e7a de Newcastle (2025)<\/a><br \/>\nMaterial t\u00e9cnico sobre Doen\u00e7a de Newcastle (Mapa &#8211; e-Sisbravet)<\/p>\n<p><a href=\"http:\/\/www.cidasc.sc.gov.br\/defesasanitariaanimal\/files\/2021\/05\/SEI_MAPA-15035292-Of\u00edcio-Circular-Conjunto-03.pdf\">Of\u00edcio-Circular Conjunto 3\/2021\/DSA\/DIPOA\/SDA\/MAPA<\/a><br \/>\n<a href=\"http:\/\/www.cidasc.sc.gov.br\/defesasanitariaanimal\/files\/2021\/05\/Anexo_15035290_Fluxo_SRN_abatedouro_mar_2021.pdf\">Anexo &#8211; Fluxo de a\u00e7\u00f5es;<\/a><br \/>\nProcedimentos de vigil\u00e2ncia de S\u00edndrome Respirat\u00f3ria e Nervosa das aves (SRN) em abatedouros frigor\u00edficos<\/p>\n<p><a href=\"http:\/\/www.cidasc.sc.gov.br\/defesasanitariaanimal\/files\/2024\/10\/IS-12_2022.pdf\">Instru\u00e7\u00e3o de Servi\u00e7o n\u00b0012_de 2022<\/a><br \/>\nPadroniza os procedimentos de vigil\u00e2ncia ativa e passiva para Influenza Avi\u00e1ria (IA) e Doen\u00e7a de Newcastle (DNC) a serem adotados pelos profissionais atuantes em Defesa Sanit\u00e1ria Animal e Inspe\u00e7\u00e3o de Produtos de Origem Animal em Santa Catarina<\/p>\n<h3><strong>VIGIL\u00c2NCIA &#8211; LARINGOTRAQUE\u00cdTE<\/strong><\/h3>\n<p><a href=\"http:\/\/www.cidasc.sc.gov.br\/defesasanitariaanimal\/files\/2021\/11\/SEI_MAPA-18506951-Of\u00edcio-Circular-100-LTI.pdf\">Of\u00edcio-Circular n\u00ba 100\/2021 de 13 de novembro de 2021<\/a><br \/>\nProcedimentos para autoriza\u00e7\u00e3o de uso da vacina viva TCO para LTI.<\/p>\n<p><a href=\"http:\/\/www.cidasc.sc.gov.br\/defesasanitariaanimal\/files\/2021\/04\/ficha-tecnica-LTI-nov2020.pdf\">Ficha T\u00e9cnica \u2013 Laringotraque\u00edte (Novembro\/2020)<\/a><br \/>\nMaterial t\u00e9cnico sobre Laringotraque\u00edte (Mapa \u2013 e-Sisbravet)<\/p>\n<h3><strong>ESTABELECIMENTOS AV\u00cdCOLAS DE REPRODU\u00c7\u00c3O<\/strong><\/h3>\n<p><a href=\"http:\/\/www.cidasc.sc.gov.br\/defesasanitariaanimal\/files\/2012\/09\/IN-44.pdf\">Instru\u00e7\u00e3o Normativa n\u00ba 44 de 23 de agosto de 2001<\/a><br \/>\nAprova as Normas T\u00e9cnicas para o controle e certifica\u00e7\u00e3o de n\u00facleos e estabelecimentos av\u00edcolas para micoplasmose avi\u00e1ria (Mycoplasma gallisepticum synoviae e melleagridis)<\/p>\n<p><a href=\"http:\/\/www.cidasc.sc.gov.br\/defesasanitariaanimal\/files\/2019\/07\/in-78-2003-consolidada.pdf\">Instru\u00e7\u00e3o Normativa n\u00ba 78 de 03 de novembro de 2003<\/a>\u00a0\u00a0<strong>Consolidada<\/strong><br \/>\nAprova as Normas T\u00e9cnicas para Controle e Certifica\u00e7\u00e3o de N\u00facleos e Estabelecimentos Av\u00edcolas como livres de Salmonella Gallinarum e de Salmonella Pullorum e Livres ou Controlados para Salmonella Enteritidis e para Salmonella Typhimurium<\/p>\n<p><a href=\"http:\/\/www.cidasc.sc.gov.br\/defesasanitariaanimal\/files\/2012\/09\/CI-2635_Encaminha-Portaria-SAR-e-IS-Salmonella-Gallinarum_Anexo-I.pdf\">Portaria SAR n\u00ba 65 de 18 de dezembro de 2014<\/a><br \/>\nDisciplina sobre o abate antecipado de lotes de aves de reprodu\u00e7\u00e3o e comercial<\/p>\n<p><a href=\"http:\/\/www.cidasc.sc.gov.br\/defesasanitariaanimal\/files\/2017\/12\/Memorando-circular-44-de-2017.pdf\">Memorando Circular n\u00ba 44 2017 DSA MAPA SDA MAPA <\/a><br \/>\nCertifica\u00e7\u00e3o de Estabelecimentos Av\u00edcolas de Reprodu\u00e7\u00e3o<\/p>\n<p><a href=\"http:\/\/www.cidasc.sc.gov.br\/defesasanitariaanimal\/files\/2024\/07\/20240308_POP-16.5-ESTAB-REPRODUCAO-RTs-2-1.pdf\">POP 16.5 &#8211; Estabelecimento Reprodu\u00e7\u00e3o &#8211; RTs (2)<\/a>\u00a0 \u00a0 \u00a0 \u00a0 \u00a0 \u00a0 \u00a0 \u00a0 \u00a0 \u00a0 \u00a0 \u00a0 \u00a0 \u00a0 \u00a0 \u00a0 \u00a0 \u00a0 \u00a0 \u00a0 \u00a0 \u00a0 \u00a0 \u00a0 \u00a0 \u00a0 \u00a0 \u00a0 \u00a0 \u00a0 \u00a0 \u00a0 \u00a0 \u00a0 \u00a0 \u00a0 \u00a0 \u00a0 \u00a0 \u00a0 \u00a0 \u00a0 \u00a0 \u00a0 \u00a0 \u00a0 Define os procedimentos a serem adotados pelos RTs dos estabelecimentos av\u00edcolas de reprodu\u00e7\u00e3o \u00a0 <a href=\"http:\/\/www.cidasc.sc.gov.br\/defesasanitariaanimal\/files\/2021\/06\/Anexo-II-Formul\u00e1rio-acompanhamento-de-vacina\u00e7\u00f5es-N\u00facleo-X-1.pdf\">Anexo &#8211; Formul\u00e1rio para acompanhamento de vacina\u00e7\u00f5es;<\/a><br \/>\n<a href=\"http:\/\/www.cidasc.sc.gov.br\/defesasanitariaanimal\/files\/2021\/06\/Anexo-II-Formul\u00e1rio-acompanhamento-de-vacina\u00e7\u00f5es-1.xlsx\">Anexo &#8211; Formul\u00e1rio para acompanhamento de vacina\u00e7\u00f5es (edit\u00e1vel);<\/a><br \/>\n<a href=\"http:\/\/www.cidasc.sc.gov.br\/defesasanitariaanimal\/files\/2021\/03\/Anexo-III-DECLARA\u00c7\u00c3O-SITUA\u00c7\u00c3O-SANIT\u00c1RIA-DOS-N\u00daCLEOS-PARA-EMISS\u00c3O-DE-CERTIFICADO-2.pdf\">Anexo &#8211; Declara\u00e7\u00e3o de situa\u00e7\u00e3o sanit\u00e1ria dos n\u00facleos para emiss\u00e3o de certificado;<\/a><br \/>\n<a href=\"http:\/\/www.cidasc.sc.gov.br\/defesasanitariaanimal\/files\/2021\/03\/Anexo-III_DECLARA\u00c7\u00c3O-SITUA\u00c7\u00c3O-SANIT\u00c1RIA-DOS-N\u00daCLEOS-PARA-EMISS\u00c3O-DE-CERTIFICADO.docx\">Anexo &#8211; Declara\u00e7\u00e3o de situa\u00e7\u00e3o sanit\u00e1ria dos n\u00facleos para emiss\u00e3o de certificado (edit\u00e1vel);<\/a><br \/>\n<a href=\"https:\/\/drive.google.com\/file\/d\/18xpBKUxhkhZFClpBMNvo9xvgb_8_wqOT\/view\">Anexo &#8211; Fluxograma para refor\u00e7o de a\u00e7\u00f5es a serem executadas no Sigen+<\/a><br \/>\n<a href=\"https:\/\/youtu.be\/beXnmaCMp4s\">V\u00eddeo I &#8211; Programa\u00e7\u00e3o colheita aves;<\/a><br \/>\n<a href=\"https:\/\/youtu.be\/fvo3DCCbS9I\">V\u00eddeo II &#8211; Procedimento para renova\u00e7\u00e3o de certificado, via ERL<\/a><\/p>\n<p><a href=\"http:\/\/www.cidasc.sc.gov.br\/defesasanitariaanimal\/files\/2020\/04\/Formul\u00e1rio-de-Colheita-Instrutivo-de-preenchimento.pdf\">Instrutivo preenchimento &#8211; <\/a><a href=\"http:\/\/www.cidasc.sc.gov.br\/defesasanitariaanimal\/files\/2020\/04\/Formul\u00e1rio-de-Colheita-Instrutivo-de-preenchimento.pdf\">Formul\u00e1rio de Colheita<\/a><br \/>\n<a href=\"http:\/\/www.cidasc.sc.gov.br\/defesasanitariaanimal\/files\/2020\/04\/Formul\u00e1rio-Colheita.pdf\">Formul\u00e1rio de Colheita &#8211; PDF<\/a>\u00a0 \u00a0 \u00a0 \u00a0 \u00a0 \u00a0 \u00a0 \u00a0 \u00a0 \u00a0 \u00a0 \u00a0 \u00a0 \u00a0 \u00a0 \u00a0 \u00a0 \u00a0 \u00a0 \u00a0 \u00a0 \u00a0 \u00a0 \u00a0 \u00a0 \u00a0 \u00a0 \u00a0 \u00a0 \u00a0 \u00a0 \u00a0 \u00a0 \u00a0 \u00a0 \u00a0 \u00a0 \u00a0 \u00a0 \u00a0 \u00a0 \u00a0 \u00a0 \u00a0 \u00a0 \u00a0 \u00a0 \u00a0 \u00a0 \u00a0 \u00a0 \u00a0 \u00a0 \u00a0 \u00a0 \u00a0 \u00a0 \u00a0 \u00a0 \u00a0 <a href=\"http:\/\/www.cidasc.sc.gov.br\/defesasanitariaanimal\/files\/2020\/04\/Formul\u00e1rio-Colheita.doc\">Formul\u00e1rio de Colheita &#8211; DOC<\/a><\/figure>\n<figure class=\"wp-block-table is-style-regular\"><a href=\"http:\/\/www.cidasc.sc.gov.br\/defesasanitariaanimal\/files\/2012\/09\/INC-02-20032.pdf\">Instru\u00e7\u00e3o Normativa Conjunta n \u00ba 02 de 21 de fevereiro de 2003<\/a><br \/>\nAprova o Regulamento T\u00e9cnico para Registro \u2013 Fiscaliza\u00e7\u00e3o e Controle Sanit\u00e1rio dos Estabelecimentos de Incuba\u00e7\u00e3o\/ de Cria\u00e7\u00e3o e Alojamento de Ratitas<\/figure>\n<figure class=\"wp-block-table is-style-regular\">\n<h3><strong>ESTABELECIMENTOS AV\u00cdCOLAS COMERCIAIS (REGISTRO)<\/strong><\/h3>\n<p><a href=\"http:\/\/www.cidasc.sc.gov.br\/defesasanitariaanimal\/files\/2019\/07\/CESAV_IN-56-2007-MAPA-CONSOLIDADA-REGISTRO-ESTAB-AVICOLAS.pdf\">Instru\u00e7\u00e3o Normativa n\u00ba 56 de 4 de dezembro de 2007 <\/a>\u00a0<strong> Consolidada<\/strong><br \/>\nEstabelece os Procedimentos para Registro \u2013 Fiscaliza\u00e7\u00e3o \u2013 Controle de Estabelecimentos Av\u00edcolas de Reprodu\u00e7\u00e3o e Comerciais na forma dos anexos desta Instru\u00e7\u00e3o Normativa<\/p>\n<p><a href=\"http:\/\/www.cidasc.sc.gov.br\/defesasanitariaanimal\/files\/2022\/03\/IS-16-22_02_2022-CESAV.pdf\">Instru\u00e7\u00e3o de Servi\u00e7o n\u00ba 16 de 22 de fevereiro de 2022<\/a><br \/>\nDisp\u00f5e sobre os procedimentos para o cadastro, o registro, a fiscaliza\u00e7\u00e3o e os demais controles sanit\u00e1rios realizados nos estabelecimentos av\u00edcolas de Santa<br \/>\nCatarina.<\/p>\n<p><a href=\"http:\/\/www.cidasc.sc.gov.br\/defesasanitariaanimal\/files\/2023\/10\/20231023_POP-16.2-Registro-Cadastro-e-Fiscalizacao-de-Estabelecimentos-Avicolas-.docx.pdf\">POP 16.2 &#8211; Procedimento de cadastro, registro e fiscaliza\u00e7\u00e3o de estabelecimentos av\u00edcolas comerciais (IN56 &#8211; RT&#8217;s)<\/a>\u00a0 \u00a0 \u00a0 \u00a0 \u00a0 \u00a0 \u00a0 \u00a0 \u00a0 \u00a0 \u00a0 \u00a0 \u00a0 \u00a0 \u00a0 \u00a0 \u00a0 \u00a0 \u00a0 \u00a0 \u00a0 \u00a0 \u00a0 \u00a0 \u00a0 \u00a0 \u00a0 \u00a0 \u00a0 \u00a0 \u00a0 \u00a0 \u00a0 \u00a0 \u00a0 \u00a0 \u00a0 \u00a0 \u00a0 \u00a0 \u00a0 \u00a0 \u00a0 \u00a0 \u00a0 \u00a0 \u00a0 \u00a0 \u00a0 \u00a0 \u00a0 \u00a0 \u00a0 \u00a0 \u00a0 \u00a0 \u00a0 \u00a0 \u00a0 \u00a0 \u00a0 \u00a0 \u00a0 \u00a0 \u00a0 \u00a0 \u00a0 \u00a0 \u00a0 \u00a0 \u00a0 \u00a0 \u00a0 \u00a0 \u00a0 \u00a0 \u00a0 \u00a0 \u00a0 Define os procedimentos para o registro a fiscaliza\u00e7\u00e3o e o controle sanit\u00e1rio dos Estabelecimentos Av\u00edcolas Comerciais e de Ensino ou Pesquisa com exce\u00e7\u00e3o \u00e0 cria\u00e7\u00e3o de ratitas<\/p>\n<p><a href=\"http:\/\/www.cidasc.sc.gov.br\/defesasanitariaanimal\/files\/2020\/08\/Anexo-I-Dados-para-cadastro.pdf\">Anexo I &#8211; Dados para cadastro;<\/a><br \/>\n<a href=\"http:\/\/www.cidasc.sc.gov.br\/defesasanitariaanimal\/files\/2020\/11\/Cesav_Anexo-II-Requerimento-e-ficha-de-registro.docx\">Anexo II &#8211; Requerimento e ficha de registro;<\/a><br \/>\n<a href=\"http:\/\/www.cidasc.sc.gov.br\/defesasanitariaanimal\/files\/2020\/08\/Anexo-III-Declara\u00e7\u00e3o-do-m\u00e9dico-veterin\u00e1rio-1.docx\">Anexo III &#8211; Declara\u00e7\u00e3o do m\u00e9dico veterin\u00e1rio;<\/a><br \/>\n<a href=\"https:\/\/drive.google.com\/file\/d\/1asxM7lGPzGTV5KSOH-ozxLFM8VDuQO4P\/view?usp=drive_link\">Anexo IV &#8211; Checklist de registro e manutencao;<\/a><br \/>\n<a href=\"http:\/\/www.cidasc.sc.gov.br\/defesasanitariaanimal\/files\/2020\/08\/Anexo-V-Declara\u00e7\u00e3o-de-ci\u00eancia-de-risco-sanit\u00e1rio-1.docx\">Anexo V &#8211; Declara\u00e7\u00e3o de ci\u00eancia de risco sanit\u00e1rio;<\/a><br \/>\n<a href=\"http:\/\/www.cidasc.sc.gov.br\/defesasanitariaanimal\/files\/2020\/08\/Anexo-VI-Avalia\u00e7\u00e3o-de-risco-novos-estabelecimentos-1.xlsx\">Anexo VI &#8211; Avalia\u00e7\u00e3o de risco novos estabelecimentos;<\/a><br \/>\n<a href=\"http:\/\/www.cidasc.sc.gov.br\/defesasanitariaanimal\/files\/2022\/03\/Anexo-VII-Modelo-abertura-ERL.pdf\">Anexo VII &#8211; Modelo de abertura ERL *04\/03\/2022;<\/a><br \/>\n<a href=\"https:\/\/youtu.be\/zK4iUaXtDcU\">V\u00eddeo 1 &#8211; Tramita\u00e7\u00f5es via E-relacionamento;<\/a><br \/>\n<a href=\"https:\/\/youtu.be\/Nt0t8EKGdJY\">V\u00eddeo 2 &#8211; Tramita\u00e7\u00f5es via E-relacionamento.<\/a><\/p>\n<p><a href=\"http:\/\/www.cidasc.sc.gov.br\/defesasanitariaanimal\/files\/2019\/12\/NOTA-T\u00c9CNICA-01-2019-CIDASC-CONDI\u00c7\u00d5ES-E-PRAZOS-PARA-PRODUTORES-E-ESTAB-OVOS.pdf\">Nota T\u00e9cnica Conjunta DEINP DEDSA n\u00ba 01 2019 Condi\u00e7\u00f5es e prazos para produtores e estabelecimentos de ovos <\/a><br \/>\nCondi\u00e7\u00f5es e prazos para postura comercial<\/p>\n<p><a href=\"https:\/\/drive.google.com\/file\/d\/1h-hjbGeIpZa1zZYw225DnaiELv-OnuDv\/view?usp=sharing\">Portaria SAR n\u00b0 9\/2022, de 04\/02\/2022<\/a><br \/>\nEstabelecer medidas complementares de defesa sanit\u00e1ria animal para os estabelecimentos que produzam, comercializam aves destinadas a postura comercial no estado de Santa Catarina<\/p>\n<p><a href=\"http:\/\/www.cidasc.sc.gov.br\/defesasanitariaanimal\/files\/2022\/01\/Portaria-3-2022-5.pdf\">Portaria SAR n\u00ba 03, de 19 de janeiro de 2022<\/a><br \/>\nEstabelecer a obrigatoriedade do cadastro, registro e monitoramento sanit\u00e1rio dos estabelecimentos av\u00edcolas de pequena escala em Santa Catarina.<\/p>\n<p dir=\"ltr\" role=\"presentation\"><a href=\"https:\/\/drive.google.com\/file\/d\/1jOHMxMor-xzfpsKKPXqLu9cFrkGNItkN\/view?usp=drive_link\">Portaria SAR n\u00b0 19.2024<\/a> Fica prorrogado o prazo previsto no caput do art.20 da Portaria SAR n\u00ba 03, de 2022, por 24 (vinte e quatro) meses a contar de 27 de janeiro de 2024.<\/p>\n<p><a href=\"https:\/\/drive.google.com\/file\/d\/1I2Up2SZn2DzYPhg20r5gUp4umbsGMsJS\/view?usp=drive_link\">POP 16.6 &#8211; Cadastro e fiscaliza\u00e7\u00e3o estab. av\u00edcolas de pequena escala<\/a><br \/>\nEstabelece procedimentos para cadastro, registro e fiscaliza\u00e7\u00e3o dos estabelecimentos av\u00edcolas de pequena escala.<\/p>\n<p><a href=\"http:\/\/www.cidasc.sc.gov.br\/defesasanitariaanimal\/files\/2022\/03\/POP-16.6-Anexo-I-Dados-para-cadastro.pdf\">Anexo I -Dados para Cadastro<\/a><br \/>\n<a href=\"https:\/\/drive.google.com\/file\/d\/10MPEqGRs4WmcqOot7hd7SaDhhm77byxP\/view?usp=drive_link\">Anexo II -Requerimento para cadastro e\/ou registro<\/a><br \/>\n<a href=\"https:\/\/drive.google.com\/file\/d\/16x2b5W7ZsDZcBPllYxD_85prBYCE2NjX\/view?usp=drive_link\">Anexo III &#8211; Check list;<\/a><br \/>\n<a href=\"https:\/\/drive.google.com\/file\/d\/1-UqpRt-PksqNVcxJa7q4h-G06HrDnlbM\/view?usp=drive_link\">Anexo IV &#8211; Declara\u00e7\u00e3o de ci\u00eancia de risco sanit\u00e1rio;<\/a><\/figure>\n<figure class=\"wp-block-table is-style-regular\">\n<h3><strong>COMPARTIMENTA\u00c7\u00c3O AV\u00cdCOLA<\/strong><\/h3>\n<p><a href=\"http:\/\/www.cidasc.sc.gov.br\/defesasanitariaanimal\/files\/2020\/04\/IN-21-2007-MAPA-CONSOLIDADA-COMPARTIMENTO-AV\u00cdCOLA.pdf\">Instru\u00e7\u00e3o Normativa n\u00ba 21 de outubro de 2014 <\/a>\u00a0<strong> Consolidada<\/strong><br \/>\nEstabelece as normas t\u00e9cnicas de Certifica\u00e7\u00e3o Sanit\u00e1ria da Compartimenta\u00e7\u00e3o da Cadeia Produtiva Av\u00edcola<\/p>\n<p><a href=\"http:\/\/www.cidasc.sc.gov.br\/defesasanitariaanimal\/files\/2021\/07\/NOTA-TECNICA-03-21-COMPARTIMENTO.pdf\">Nota T\u00e9cnica n\u00ba03\/2021\/DISAV\/CAT\/CGSA\/DSA\/SDA\/MAPA <\/a><br \/>\nPadroniza o programa de vigil\u00e2ncia peri\u00f3dica amostral para compartimento de IA e DNC<\/p>\n<h3><strong>CONTROLE SALMONELAS &#8211; ESTABELECIMENTOS AV\u00cdCOLAS COMERCIAIS<\/strong><\/h3>\n<p><a href=\"http:\/\/www.cidasc.sc.gov.br\/defesasanitariaanimal\/files\/2019\/07\/IN-10-2013-MAPA-CONSOLIDADA-SALMONELA-ESTAB-DE-MAIOR-RISCO.pdf\">Instru\u00e7\u00e3o Normativa n\u00ba 10 de 11 de abril de 2013<\/a>\u00a0<strong> Consolidada<\/strong><br \/>\nDefine o programa de gest\u00e3o de risco diferenciado baseado em vigil\u00e2ncia epidemiol\u00f3gica e ado\u00e7\u00e3o de vacinas para os estabelecimentos av\u00edcolas considerados de maior susceptibilidade \u00e0 introdu\u00e7\u00e3o e dissemina\u00e7\u00e3o de agentes patog\u00eanicos no plantel av\u00edcola nacional e para estabelecimentos av\u00edcolas que exer\u00e7am atividades que necessitam de maior rigor sanit\u00e1rio<\/p>\n<p><a href=\"http:\/\/www.cidasc.sc.gov.br\/defesasanitariaanimal\/files\/2012\/09\/IN-20-2016_CONTROLE-DE-SALMONELAS-EM-SIF.pdf\">Instru\u00e7\u00e3o Normativa n\u00ba 20 de 21 de outubro de 2016 <\/a><br \/>\nEstabelece o controle e o monitoramento de Salmonella spp. nos estabelecimentos av\u00edcolas comerciais de frangos e perus de corte e nos estabelecimentos de abate frangos galinhas perus de corte e reprodu\u00e7\u00e3o registrados no Servi\u00e7o de Inspe\u00e7\u00e3o Federal (SIF) com objetivo de reduzir a preval\u00eancia desse agente e estabelecer um n\u00edvel adequado de prote\u00e7\u00e3o ao consumidor.<\/p>\n<p><a href=\"https:\/\/www.cidasc.sc.gov.br\/defesasanitariaanimal\/files\/2022\/12\/20221229_POP-16.7-Procedimentos-para-cumprimento-da-IN-20_16_Externos.pdf\">POP 16.7 &#8211; Procedimentos para cumprimento da IN 20_16_Externos<\/a><br \/>\nProcedimentos para Controle e Monitoramento de Salmonela SPP nos Estabelecimentos Av\u00edcolas Comerciais de Frangos e Perus de Corte Abatidos em SIF &#8211; Externos.* ATUALIZADO 29\/12\/2022<\/p>\n<h3><strong>TR\u00c2NSITO<\/strong><\/h3>\n<p><a href=\"http:\/\/www.cidasc.sc.gov.br\/defesasanitariaanimal\/files\/2020\/08\/Portaria-SAR-06-2018.pdf\">Portaria SAR n\u00ba 06\/2018 de 02 de mar\u00e7o de 2018<\/a><br \/>\nDisciplinar o tr\u00e2nsito de aves vivas \u2013 camas de avi\u00e1rio \u2013 e demais subprodutos de aves no Estado de Santa Catarina<\/p>\n<p><a href=\"http:\/\/www.cidasc.sc.gov.br\/defesasanitariaanimal\/files\/2022\/02\/Portaria-SAR-n\u00ba-11.2022-Dispensa-atestado-sanit\u00e1rio-para-aves-silvestres-ex\u00f3ticas.pdf\">Portaria SAR n\u00ba 11 de 07 de fevereiro de 2022 <\/a><br \/>\nDispensa atestado sanit\u00e1rio para aves silvestres\/ex\u00f3ticas para tr\u00e2nsito intraestadual e altera artigos da Portaria 06\/2018.<\/p>\n<p><a href=\"http:\/\/www.cidasc.sc.gov.br\/defesasanitariaanimal\/files\/2020\/04\/Modelo-Declara\u00e7\u00e3o-de-Abate-de-Aves-de-Descarte.doc\">Declara\u00e7\u00e3o de Abate de Aves de Descarte(.doc)<\/a><br \/>\nModelo de declara\u00e7\u00e3o de abate de aves de descarte &#8211; SC<\/p>\n<h3><strong>EVENTOS DE PASSERIFORMES<\/strong><\/h3>\n<p><a href=\"http:\/\/www.cidasc.sc.gov.br\/defesasanitariaanimal\/files\/2024\/06\/Portaria-SAR-n\u00b0-16.2024.pdf\">Portaria SAR 16.2024<\/a> &#8211; <strong>NOVO<\/strong><\/p>\n<p><a href=\"https:\/\/drive.google.com\/file\/d\/1e5FAQPAOMX11AtF_HXcJHKwEbAClRSvm\/view?usp=drive_link\">Orienta\u00e7\u00f5es para os eventos com passeriformes<\/a><\/p>\n<h3><strong>DOCUMENTA\u00c7\u00c3O INFORMATIVA ADICIONAL<\/strong><\/h3>\n<p><a href=\"http:\/\/www.cidasc.sc.gov.br\/defesasanitariaanimal\/files\/2018\/08\/1-Manual-Colheita-Material-IB.pdf\">Manual-Colheita-Material-IB<\/a><br \/>\nManual colheita de amostras<\/p>\n<p><a href=\"http:\/\/www.cidasc.sc.gov.br\/defesasanitariaanimal\/files\/2017\/12\/Manual-para-preveno-e-o-controle-da-gripe-aviria-na-avicu1-1.pdf\">Manual para preven\u00e7\u00e3o e o controle da gripe avi\u00e1ria<\/a><br \/>\nManual gripe avi\u00e1ria<\/p>\n<p><a href=\"http:\/\/www.cidasc.sc.gov.br\/defesasanitariaanimal\/files\/2017\/12\/Folder-Sanidade-Avicola-Viajantes.pdf\">Folder-Sanidade-Avicola-Viajantes <\/a><br \/>\nInforma\u00e7\u00f5es Influenza e Newcastle<\/p>\n<p><a href=\"http:\/\/www.cidasc.sc.gov.br\/defesasanitariaanimal\/files\/2017\/12\/Folder-Sanidade-Avicola-Produtor.pdf\">Folder-Sanidade-Avicola-Produtor <\/a><br \/>\nInforma\u00e7\u00f5es Influenza e Newcastle<\/p>\n<p><a href=\"https:\/\/drive.google.com\/file\/d\/1FoHQXtR63MyfVwYUql-DiCX_um7usQDk\/view?usp=drive_link\">Folder IAAP aves de produ\u00e7\u00e3o<\/a><!--more--><\/figure>\n<p><!--more--><\/p>\n","protected":false},"excerpt":{"rendered":"<p>COMPILADO PNSA LEGISLA\u00c7\u00d5ES E DOCUMENTA\u00c7\u00d5ES COMPLEMENTARES GERAL &#8211; DEFESA SANIT\u00c1RIA ANIMAL Lei n\u00ba 10.366 de 24 de janeiro de 1997 Disp\u00f5e sobre a fixa\u00e7\u00e3o da pol\u00edtica de defesa sanit\u00e1ria animal e adota outras provid\u00eancias. Decreto n\u00ba 2.919 alterado pelo Decreto n\u00ba 3527 de 15 de dezembro de 1998 \u2013 de 01 de junho de 1998.[&#8230;] <a class=\"moretag\" href=\"https:\/\/www.cidasc.sc.gov.br\/defesasanitariaanimal\/programas\/sanidade-avicola\/legislacao\/\">Leia mais&#8230;<\/a><\/p>\n","protected":false},"author":12,"featured_media":0,"parent":59,"menu_order":0,"comment_status":"open","ping_status":"open","template":"","meta":{"footnotes":""},"class_list":["post-116","page","type-page","status-publish","hentry"],"_links":{"self":[{"href":"https:\/\/www.cidasc.sc.gov.br\/defesasanitariaanimal\/wp-json\/wp\/v2\/pages\/116","targetHints":{"allow":["GET"]}}],"collection":[{"href":"https:\/\/www.cidasc.sc.gov.br\/defesasanitariaanimal\/wp-json\/wp\/v2\/pages"}],"about":[{"href":"https:\/\/www.cidasc.sc.gov.br\/defesasanitariaanimal\/wp-json\/wp\/v2\/types\/page"}],"author":[{"embeddable":true,"href":"https:\/\/www.cidasc.sc.gov.br\/defesasanitariaanimal\/wp-json\/wp\/v2\/users\/12"}],"replies":[{"embeddable":true,"href":"https:\/\/www.cidasc.sc.gov.br\/defesasanitariaanimal\/wp-json\/wp\/v2\/comments?post=116"}],"version-history":[{"count":586,"href":"https:\/\/www.cidasc.sc.gov.br\/defesasanitariaanimal\/wp-json\/wp\/v2\/pages\/116\/revisions"}],"predecessor-version":[{"id":35188,"href":"https:\/\/www.cidasc.sc.gov.br\/defesasanitariaanimal\/wp-json\/wp\/v2\/pages\/116\/revisions\/35188"}],"up":[{"embeddable":true,"href":"https:\/\/www.cidasc.sc.gov.br\/defesasanitariaanimal\/wp-json\/wp\/v2\/pages\/59"}],"wp:attachment":[{"href":"https:\/\/www.cidasc.sc.gov.br\/defesasanitariaanimal\/wp-json\/wp\/v2\/media?parent=116"}],"curies":[{"name":"wp","href":"https:\/\/api.w.org\/{rel}","templated":true}]}}