{"id":1002,"date":"2013-03-04T17:05:23","date_gmt":"2013-03-04T17:05:23","guid":{"rendered":"http:\/\/www.cidasc.sc.gov.br\/defesasanitariaanimal\/?page_id=1002"},"modified":"2026-02-09T14:42:47","modified_gmt":"2026-02-09T14:42:47","slug":"sanidade-apicola-legislacao","status":"publish","type":"page","link":"https:\/\/www.cidasc.sc.gov.br\/defesasanitariaanimal\/programas\/sanidade-apicola\/sanidade-apicola-legislacao\/","title":{"rendered":"Sanidade das Abelhas &#8211; Legisla\u00e7\u00e3o"},"content":{"rendered":"<p><strong>Legisla\u00e7\u00e3o Estadual<\/strong><\/p>\n<p><a href=\"http:\/\/www.cidasc.sc.gov.br\/defesasanitariaanimal\/files\/2020\/03\/Lei-n\u00ba-16538_2014-Altera\u00e7ao-Taxa-Vigil\u00e2ncia-Sanit\u00e1ria-Animal.pdf\">Lei n\u00ba 16538_2014 &#8211; Altera\u00e7\u00e3o da Taxa de Vigil\u00e2ncia Sanit\u00e1ria Animal<\/a><\/p>\n<p><a href=\"http:\/\/www.cidasc.sc.gov.br\/defesasanitariaanimal\/files\/2024\/11\/IS-No034-2024-Padronizacoes-das-acoes-de-Sanidade-das-Abelhas.pdf\">IS N\u00ba034-2024 &#8211; Padroniza\u00e7\u00f5es das a\u00e7\u00f5es de Sanidade das Abelhas<\/a><\/p>\n<p><a href=\"http:\/\/www.cidasc.sc.gov.br\/defesasanitariaanimal\/programas\/sanidade-apicola\/sanidade-apicola-legislacao\/formulario-de-coleta-de-abelhas\/\" rel=\"attachment wp-att-21844\">Formul\u00e1rio de Coleta de Abelhas<\/a><\/p>\n<p><a href=\"http:\/\/www.cidasc.sc.gov.br\/defesasanitariaanimal\/programas\/sanidade-apicola\/sanidade-apicola-legislacao\/declaracao-de-isencao-de-risco-biologico-2\/\" rel=\"attachment wp-att-21845\">Declara\u00e7\u00e3o de Isen\u00e7\u00e3o de Risco Biol\u00f3gico<\/a><\/p>\n<p><a href=\"https:\/\/docs.google.com\/spreadsheets\/d\/1J41wvXAjQOOPHRYsbfMgNSkNtGVpUtErJy8jnIb9Mvc\/edit#gid=64622474\">Pondera\u00e7\u00e3o para visita em campo e coleta de amostras pela CIDASC<\/a><\/p>\n<p><a href=\"https:\/\/www.cidasc.sc.gov.br\/defesasanitariaanimal\/files\/2026\/02\/INSTRUCAO-DE-SERVICO-CONJUNTA-021-DEDSA-DEDEV-2-4-2.pdf\">INSTRU\u00c7\u00c3O DE SERVI\u00c7O CONJUNTA 021 DEDSA DEDEV<\/a><a href=\"https:\/\/www.cidasc.sc.gov.br\/defesasanitariaanimal\/files\/2026\/02\/INSTRUCAO-DE-SERVICO-CONJUNTA-021-DEDSA-DEDEV-2-4-2.pdf\"> &#8211; Disp\u00f5e sobre os procedimentos para a investiga\u00e7\u00e3o, a coleta e envio de amostras, a fiscaliza\u00e7\u00e3o e os demais controles sanit\u00e1rios realizados nos estabelecimentos ap\u00edcolas de Santa Catarina quando houver suspeita de contamina\u00e7\u00e3o dos api\u00e1rios por agrot\u00f3xicos.\u00a0<\/a><\/p>\n<p><a href=\"http:\/\/www.cidasc.sc.gov.br\/defesasanitariaanimal\/programas\/sanidade-apicola\/sanidade-apicola-legislacao\/modelo-de-declaracao-de-isencao-de-risco-biologico\/\" rel=\"attachment wp-att-20152\">Modelo de declara\u00e7\u00e3o de isen\u00e7\u00e3o de risco biologico<\/a><\/p>\n<p><strong>Legisla\u00e7\u00e3o Federal<\/strong><\/p>\n<p><a href=\"https:\/\/www.cidasc.sc.gov.br\/defesasanitariaanimal\/programas\/sanidade-apicola\/sanidade-apicola-legislacao\/nota-tecnica-no-9-2019-sda-mapa-infestacao-de-colmeia-pelo-aethina-tumida\/\" rel=\"attachment wp-att-25220\">Nota T\u00e9cnica n\u00ba 9-2019-SDA-MAPA &#8211; Infesta\u00e7\u00e3o de colmeia pelo Aethina tumida<\/a><\/p>\n<p><a href=\"http:\/\/www.cidasc.sc.gov.br\/defesasanitariaanimal\/files\/2013\/03\/Manual-GTA-Abelhas-e-outros-invertebrados-4_0.pdf\">Manual GTA Abelhas e outros invertebrados 4_0<\/a><\/p>\n<p><a href=\"http:\/\/www.cidasc.sc.gov.br\/defesasanitariaanimal\/files\/2013\/03\/IN-21-2013-abelhas-e-produtos-ap\u00edcolas.pdf\">IN 21 2013 abelhas e produtos ap\u00edcolas<\/a><\/p>\n<p><a href=\"http:\/\/www.cidasc.sc.gov.br\/defesasanitariaanimal\/files\/2020\/08\/IN-16-2008-INSTITUI-O-PNSAp.pdf\" rel=\"attachment wp-att-18134\">Instru\u00e7\u00e3o Normativa n\u00b0 16, de 08 de maio de 2008<\/a><\/p>\n<p><a href=\"http:\/\/extranet.agricultura.gov.br\/sislegis-consulta\/consultarLegislacao.do?operacao=visualizar&amp;id=18558\">Instru\u00e7\u00e3o Normativa n\u00ba 18, de 08 de abril de 2008<\/a><\/p>\n<p><a href=\"http:\/\/extranet.agricultura.gov.br\/sislegis-consulta\/consultarLegislacao.do?operacao=visualizar&amp;id=17402\">Portaria n\u00ba 293 , de 01 de dezembro de 2006<\/a><\/p>\n<p><a href=\"http:\/\/www.cidasc.sc.gov.br\/defesasanitariaanimal\/files\/2020\/08\/PORTARIA-N%C2%BA-9-INSTITUI-O-COMIT%C3%8A-CIENTIFICO-CONSULTIVO-EM-SANIDADE-AP%C3%8DCOLA-CCCSA.pdf\" rel=\"attachment wp-att-18137\">Portaria n\u00b0 9, de 18 de fevereiro de 2003<\/a><\/p>\n<p><a href=\"http:\/\/www.cidasc.sc.gov.br\/defesasanitariaanimal\/files\/2020\/08\/PORTARIA-N%C2%BA-248-1998-LOQUE-AMERICANA.pdf\" rel=\"attachment wp-att-18139\">Portaria n\u00b0 248, de 30 de dezembro de 1998<\/a><\/p>\n<p><a href=\"http:\/\/www.cidasc.sc.gov.br\/defesasanitariaanimal\/files\/2013\/03\/CONAMA-346-20041.pdf\">Resolu\u00e7\u00e3o CONAMA 346 de 16 de agosto de 2004 disciplina a utiliza\u00e7\u00e3o das abelhas silvestres nativas, bem como a implanta\u00e7\u00e3o de melipon\u00e1rios<\/a><\/p>\n<p><a href=\"http:\/\/www.cidasc.sc.gov.br\/defesasanitariaanimal\/files\/2013\/03\/IN_n_169_manejo_ex_situ1.pdf\">IN IBAMA n\u00ba 169 de 20 de fevereiro de 2008 Instituir e normatizar as categorias de uso e manejo da fauna silvestre em territ\u00f3rio brasileiro &#8230;<\/a><\/p>\n<p><strong>Outros Documentos<\/strong><\/p>\n<p><a href=\"http:\/\/www.cidasc.sc.gov.br\/defesasanitariaanimal\/files\/2023\/08\/Manual-de-Doencas-das-Abelhas.pdf\">Manual de Doen\u00e7as das Abelhas<\/a><\/p>\n<p><a href=\"http:\/\/www.cidasc.sc.gov.br\/defesasanitariaanimal\/files\/2023\/10\/pnsap-manual-de-colheita-e-envio-de-amostras-de-abelhas.pdf\">Manual de colheita e envio de amostras de abelhas<\/a><\/p>\n<p><a href=\"http:\/\/www.cidasc.sc.gov.br\/defesasanitariaanimal\/programas\/sanidade-apicola\/sanidade-apicola-legislacao\/orientacao-sobre-a-distancia-segura-na-criacao-de-abelhas\/\" rel=\"attachment wp-att-22002\">Orienta\u00e7\u00e3o sobre a dist\u00e2ncia segura na cria\u00e7\u00e3o de abelhas<\/a><\/p>\n<p><a href=\"http:\/\/www.cidasc.sc.gov.br\/defesasanitariaanimal\/programas\/sanidade-apicola\/sanidade-apicola-legislacao\/pop-1-24-registro-e-atendimento-doencas-de-abelhas\/\" rel=\"attachment wp-att-21992\">POP 1.24 &#8211; Registro e Atendimento Doen\u00e7as de Abelhas<\/a><\/p>\n<p><a href=\"http:\/\/www.cidasc.sc.gov.br\/defesasanitariaanimal\/files\/2024\/12\/Pop-1.19-Cadastramento-de-Propriedades-com-Abelhas.pdf\">Pop 1.19 &#8211; Cadastramento de Propriedades com Abelhas<\/a><\/p>\n<p><a href=\"http:\/\/www.cidasc.sc.gov.br\/defesasanitariaanimal\/files\/2013\/03\/Associa_347_365es-de-apicultores-SC.xls.pdf\">Associa\u00e7\u00e3o de Apicultores do Estado de Santa Catarina<\/a><\/p>\n<p class=\"CDt4Ke zfr3Q\" dir=\"ltr\"><span class=\" aw5Odc\"><a class=\"XqQF9c\" href=\"https:\/\/drive.google.com\/file\/d\/1wX1tJdH86Bx-XyEYrZsWOTs2vMTSyvuE\/view\" target=\"_blank\" rel=\"noopener noreferrer\">Atendimento de Ocorr\u00eancia \u00c1rea Vegetal.<\/a><\/span><\/p>\n","protected":false},"excerpt":{"rendered":"<p>Legisla\u00e7\u00e3o Estadual Lei n\u00ba 16538_2014 &#8211; Altera\u00e7\u00e3o da Taxa de Vigil\u00e2ncia Sanit\u00e1ria Animal IS N\u00ba034-2024 &#8211; Padroniza\u00e7\u00f5es das a\u00e7\u00f5es de Sanidade das Abelhas Formul\u00e1rio de Coleta de Abelhas Declara\u00e7\u00e3o de Isen\u00e7\u00e3o de Risco Biol\u00f3gico Pondera\u00e7\u00e3o para visita em campo e coleta de amostras pela CIDASC INSTRU\u00c7\u00c3O DE SERVI\u00c7O CONJUNTA 021 DEDSA DEDEV &#8211; Disp\u00f5e sobre[&#8230;] <a class=\"moretag\" href=\"https:\/\/www.cidasc.sc.gov.br\/defesasanitariaanimal\/programas\/sanidade-apicola\/sanidade-apicola-legislacao\/\">Leia mais&#8230;<\/a><\/p>\n","protected":false},"author":12,"featured_media":0,"parent":67,"menu_order":0,"comment_status":"open","ping_status":"open","template":"","meta":{"footnotes":""},"class_list":["post-1002","page","type-page","status-publish","hentry"],"_links":{"self":[{"href":"https:\/\/www.cidasc.sc.gov.br\/defesasanitariaanimal\/wp-json\/wp\/v2\/pages\/1002","targetHints":{"allow":["GET"]}}],"collection":[{"href":"https:\/\/www.cidasc.sc.gov.br\/defesasanitariaanimal\/wp-json\/wp\/v2\/pages"}],"about":[{"href":"https:\/\/www.cidasc.sc.gov.br\/defesasanitariaanimal\/wp-json\/wp\/v2\/types\/page"}],"author":[{"embeddable":true,"href":"https:\/\/www.cidasc.sc.gov.br\/defesasanitariaanimal\/wp-json\/wp\/v2\/users\/12"}],"replies":[{"embeddable":true,"href":"https:\/\/www.cidasc.sc.gov.br\/defesasanitariaanimal\/wp-json\/wp\/v2\/comments?post=1002"}],"version-history":[{"count":44,"href":"https:\/\/www.cidasc.sc.gov.br\/defesasanitariaanimal\/wp-json\/wp\/v2\/pages\/1002\/revisions"}],"predecessor-version":[{"id":34743,"href":"https:\/\/www.cidasc.sc.gov.br\/defesasanitariaanimal\/wp-json\/wp\/v2\/pages\/1002\/revisions\/34743"}],"up":[{"embeddable":true,"href":"https:\/\/www.cidasc.sc.gov.br\/defesasanitariaanimal\/wp-json\/wp\/v2\/pages\/67"}],"wp:attachment":[{"href":"https:\/\/www.cidasc.sc.gov.br\/defesasanitariaanimal\/wp-json\/wp\/v2\/media?parent=1002"}],"curies":[{"name":"wp","href":"https:\/\/api.w.org\/{rel}","templated":true}]}}