{"id":16,"date":"2012-08-14T03:22:33","date_gmt":"2012-08-14T03:22:33","guid":{"rendered":""},"modified":"2022-08-19T17:27:05","modified_gmt":"2022-08-19T17:27:05","slug":"contato-classificacao-vegetal","status":"publish","type":"page","link":"https:\/\/www.cidasc.sc.gov.br\/classificacao\/contato-classificacao-vegetal\/","title":{"rendered":"Contato Classifica\u00e7\u00e3o Vegetal"},"content":{"rendered":"<p><strong>Divis\u00e3o de\u00a0Classifica\u00e7\u00e3o Vegetal<\/strong><\/p>\n<p>CIDASC Florian\u00f3polis\/ SC<br \/>\nFone: (48)\u00a03665-7081<br \/>\nE-mail: dicla@cidasc.sc.gov.br<\/p>\n<p><span style=\"color: #008000\"><strong><a title=\"Postos de Classifica\u00e7\u00e3o\" href=\"http:\/\/www.cidasc.sc.gov.br\/classificacao\/postos-de-classificacao\/\"><span style=\"color: #008000\">Postos de Classifica\u00e7\u00e3o<\/span><\/a><\/strong><\/span><\/p>\n","protected":false},"excerpt":{"rendered":"<p>Divis\u00e3o de\u00a0Classifica\u00e7\u00e3o Vegetal CIDASC Florian\u00f3polis\/ SC Fone: (48)\u00a03665-7081 E-mail: dicla@cidasc.sc.gov.br Postos de Classifica\u00e7\u00e3o<\/p>\n","protected":false},"author":1,"featured_media":0,"parent":0,"menu_order":0,"comment_status":"open","ping_status":"closed","template":"","meta":{"footnotes":""},"class_list":["post-16","page","type-page","status-publish","hentry"],"_links":{"self":[{"href":"https:\/\/www.cidasc.sc.gov.br\/classificacao\/wp-json\/wp\/v2\/pages\/16","targetHints":{"allow":["GET"]}}],"collection":[{"href":"https:\/\/www.cidasc.sc.gov.br\/classificacao\/wp-json\/wp\/v2\/pages"}],"about":[{"href":"https:\/\/www.cidasc.sc.gov.br\/classificacao\/wp-json\/wp\/v2\/types\/page"}],"author":[{"embeddable":true,"href":"https:\/\/www.cidasc.sc.gov.br\/classificacao\/wp-json\/wp\/v2\/users\/1"}],"replies":[{"embeddable":true,"href":"https:\/\/www.cidasc.sc.gov.br\/classificacao\/wp-json\/wp\/v2\/comments?post=16"}],"version-history":[{"count":16,"href":"https:\/\/www.cidasc.sc.gov.br\/classificacao\/wp-json\/wp\/v2\/pages\/16\/revisions"}],"predecessor-version":[{"id":674,"href":"https:\/\/www.cidasc.sc.gov.br\/classificacao\/wp-json\/wp\/v2\/pages\/16\/revisions\/674"}],"wp:attachment":[{"href":"https:\/\/www.cidasc.sc.gov.br\/classificacao\/wp-json\/wp\/v2\/media?parent=16"}],"curies":[{"name":"wp","href":"https:\/\/api.w.org\/{rel}","templated":true}]}}