{"id":14,"date":"2012-08-14T03:20:48","date_gmt":"2012-08-14T03:20:48","guid":{"rendered":""},"modified":"2013-02-20T12:03:59","modified_gmt":"2013-02-20T12:03:59","slug":"links-uteis","status":"publish","type":"page","link":"https:\/\/www.cidasc.sc.gov.br\/classificacao\/links-uteis\/","title":{"rendered":"Links \u00fateis"},"content":{"rendered":"<p><a href=\"http:\/\/www.diadecampo.com.br\/zpublisher\/materias\/Evento.asp?id=530\">Portal dia de Campo<\/a><\/p>\n<p><a href=\"http:\/\/www.agricultura.gov.br\/\">Minist\u00e9rio da Agricultura<\/a><\/p>\n<p><a href=\"http:\/\/www.conab.gov.br\/\">Conab<\/a><\/p>\n<p><a href=\"http:\/\/www.embrapa.br\">Embrapa<\/a><\/p>\n<p><a href=\"http:\/\/www.ivegetal.com.br\/cvegetal\/legislacao.htm\">Legisla\u00e7\u00e3o Geral da Classifica\u00e7\u00e3o Vegetal<\/a><\/p>\n<p><a href=\"http:\/\/www.portalagropecuario.com.br\">Portal Agropecuario<\/a><\/p>\n<p>&nbsp;<\/p>\n","protected":false},"excerpt":{"rendered":"<p>Portal dia de Campo Minist\u00e9rio da Agricultura Conab Embrapa Legisla\u00e7\u00e3o Geral da Classifica\u00e7\u00e3o Vegetal Portal Agropecuario &nbsp;<\/p>\n","protected":false},"author":1,"featured_media":0,"parent":0,"menu_order":0,"comment_status":"open","ping_status":"open","template":"","meta":{"footnotes":""},"class_list":["post-14","page","type-page","status-publish","hentry"],"_links":{"self":[{"href":"https:\/\/www.cidasc.sc.gov.br\/classificacao\/wp-json\/wp\/v2\/pages\/14","targetHints":{"allow":["GET"]}}],"collection":[{"href":"https:\/\/www.cidasc.sc.gov.br\/classificacao\/wp-json\/wp\/v2\/pages"}],"about":[{"href":"https:\/\/www.cidasc.sc.gov.br\/classificacao\/wp-json\/wp\/v2\/types\/page"}],"author":[{"embeddable":true,"href":"https:\/\/www.cidasc.sc.gov.br\/classificacao\/wp-json\/wp\/v2\/users\/1"}],"replies":[{"embeddable":true,"href":"https:\/\/www.cidasc.sc.gov.br\/classificacao\/wp-json\/wp\/v2\/comments?post=14"}],"version-history":[{"count":7,"href":"https:\/\/www.cidasc.sc.gov.br\/classificacao\/wp-json\/wp\/v2\/pages\/14\/revisions"}],"predecessor-version":[{"id":362,"href":"https:\/\/www.cidasc.sc.gov.br\/classificacao\/wp-json\/wp\/v2\/pages\/14\/revisions\/362"}],"wp:attachment":[{"href":"https:\/\/www.cidasc.sc.gov.br\/classificacao\/wp-json\/wp\/v2\/media?parent=14"}],"curies":[{"name":"wp","href":"https:\/\/api.w.org\/{rel}","templated":true}]}}