{"id":12,"date":"2012-08-14T03:20:03","date_gmt":"2012-08-14T03:20:03","guid":{"rendered":""},"modified":"2023-05-15T16:41:00","modified_gmt":"2023-05-15T16:41:00","slug":"selo-de-conformidade-cidasc-scc-2","status":"publish","type":"page","link":"https:\/\/www.cidasc.sc.gov.br\/classificacao\/selo-de-conformidade-cidasc-scc-2\/","title":{"rendered":"Selo de Conformidade Cidasc &#8211; SCC"},"content":{"rendered":"<p style=\"text-align: justify\"><a href=\"http:\/\/www.cidasc.sc.gov.br\/classificacao\/files\/2023\/05\/77777.png\"><img loading=\"lazy\" decoding=\"async\" class=\"wp-image-683  alignleft\" src=\"http:\/\/www.cidasc.sc.gov.br\/classificacao\/files\/2023\/05\/77777.png\" alt=\"\" width=\"285\" height=\"234\" \/><\/a><span style=\"font-weight: 400\">O Selo de Conformidade CIDASC (SCC) \u00e9 uma certifica\u00e7\u00e3o de processo por meio de implanta\u00e7\u00e3o de Sistema de Gest\u00e3o da Seguran\u00e7a dos Alimentos \u2013 SGSA.<\/span><\/p>\n<p><span style=\"font-weight: 400\">A certifica\u00e7\u00e3o de processos \u00e9 de suma import\u00e2ncia para todas as inst\u00e2ncias da sociedade, incluindo as cadeias produtivas, setor varejista e mercado consumidor, entidades de interesse social e entidades governamentais e, neste caso, se trata de certifica\u00e7\u00e3o efetuada por agente p\u00fablico.<\/span><\/p>\n<p><span style=\"font-weight: 400\">Tr\u00eas elementos s\u00e3o finalidades na certifica\u00e7\u00e3o: 1) otimiza\u00e7\u00e3o de processos para redu\u00e7\u00e3o do desperd\u00edcio, inclusive de recursos naturais, visando a sustentabilidade; 2) eleva\u00e7\u00e3o do padr\u00e3o de qualidade e seguran\u00e7a dos produtos alimentares; 3) sa\u00fade coletiva.<\/span><\/p>\n<p><span style=\"font-weight: 400\">A express\u00e3o avalia\u00e7\u00e3o de conformidade est\u00e1 definida como o <\/span><i><span style=\"font-weight: 400\">\u201cexame sistem\u00e1tico do grau de atendimento por parte de um produto, processo ou servi\u00e7o a requisitos especificados\u201d <\/span><\/i><span style=\"font-weight: 400\">(ISO 17000).\u00a0<\/span><\/p>\n<p><span style=\"font-weight: 400\">Para as empresas, a avalia\u00e7\u00e3o de conformidade induz \u00e0 busca da melhoria cont\u00ednua da qualidade (ISO 17000).\u00a0\u00a0\u00a0<\/span><\/p>\n<p><span style=\"font-weight: 400\">O Selo de Conformidade CIDASC &#8211; SCC foi desenvolvido para servir de suporte ao agroneg\u00f3cio catarinense que se dedica \u00e0 produ\u00e7\u00e3o, beneficiamento, processamento e comercializa\u00e7\u00e3o de produtos de origem vegetal destinados ao consumo humano de modo, inclusive, a permitir que pequenas empresas possam participar da certifica\u00e7\u00e3o.<\/span><\/p>\n<p><span style=\"font-weight: 400\">Por meio da avalia\u00e7\u00e3o de conformidade do SGSA e a consequente certifica\u00e7\u00e3o, as empresas tornam seus processos produtivos previs\u00edveis, controlados e colaboram para as boas rela\u00e7\u00f5es comerciais.\u00a0<\/span><\/p>\n<p><b>OBJETIVOS<\/b><\/p>\n<p><span style=\"font-weight: 400\">a) Implantar Sistema de Gest\u00e3o da Seguran\u00e7a dos Alimentos &#8211; SGSA e validar o SGSA.<\/span><\/p>\n<p><span style=\"font-weight: 400\">b) Adequar os processos de produ\u00e7\u00e3o\/fabrica\u00e7\u00e3o de alimentos de origem vegetal com base na legisla\u00e7\u00e3o sanit\u00e1ria e oferecer condi\u00e7\u00f5es para melhoria cont\u00ednua.<\/span><\/p>\n<p><span style=\"font-weight: 400\">c) Ser refer\u00eancia para as pequenas e m\u00e9dias empresas do agroneg\u00f3cio e agro familiares.\u00a0<\/span><\/p>\n<p><span style=\"font-weight: 400\">d) Colaborar com o status sanit\u00e1rio de Santa Catarina.<\/span><\/p>\n<p><b>INTERESSADOS<\/b><\/p>\n<p><span style=\"font-weight: 400\">\u00a0-Setor produtivo de alimentos (diretamente): adequa\u00e7\u00e3o de processos de produ\u00e7\u00e3o \u00e0s normas sanit\u00e1rias por meio da implanta\u00e7\u00e3o e valida\u00e7\u00e3o de SGSA.<\/span><\/p>\n<p><span style=\"font-weight: 400\">-Setor produtivo prim\u00e1rio\/produtores de mat\u00e9rias primas (indiretamente): para implantar o Rastreamento um-passo-atr\u00e1s, setor produtivo busca colaborar com agricultura familiar para aperfei\u00e7oamento da produ\u00e7\u00e3o prim\u00e1ria.<\/span><\/p>\n<p>-Setor varejista (indiretamente): com aumento do portf\u00f3lio de alimentos oriundos de processos certificados, favorecendo rela\u00e7\u00f5es comerciais mais est\u00e1veis.<\/p>\n<p>-Mercado consumidor (diretamente): alimentos provenientes de empresas com processo produtivo certificado s\u00e3o alimentos mais seguros, o que permite elevar o grau de confian\u00e7a do consumidor em rela\u00e7\u00e3o \u00e0s marcas comerciais dos produtos vegetais.<\/p>\n<p>-CIDASC (diretamente): por cumprir com sua Miss\u00e3o e justificar sua import\u00e2ncia como entidade p\u00fablica de excel\u00eancia.<\/p>\n<p>-Governo do Estado\/SAR (diretamente): cumprir com sua fun\u00e7\u00e3o de catalisador do desenvolvimento agropecu\u00e1rio e da seguran\u00e7a dos alimentos por meio de a\u00e7\u00f5es junto ao setor produtivo, com \u00eanfase no apoio ao agroneg\u00f3cio catarinense.<\/p>\n<p><b>REFER\u00caNCIAS<\/b><\/p>\n<p><span style=\"font-weight: 400\">Na pr\u00e1tica, o SGSA \u00e9 pautado no Protocolo SCC, com os requisitos m\u00ednimos a serem atendidos, tendo como refer\u00eancias as normas sanit\u00e1rias legais (ANVISA e Minist\u00e9rio da Agricultura), como tamb\u00e9m outras normas j\u00e1 consagradas como pr\u00e1ticas necess\u00e1rias para manter o Sistema de Gest\u00e3o, previstas, inclusive no Grupo ISO (Organiza\u00e7\u00e3o Internacional de Padroniza\u00e7\u00e3o), como tamb\u00e9m nas diretivas do Codex Alimentarius.<\/span><\/p>\n<p><span style=\"font-weight: 400\">S\u00e3o requisitos presentes no Protocolo SCC:<\/span><\/p>\n<p><span style=\"font-weight: 400\">01 &#8211; Produ\u00e7\u00e3o de mat\u00e9rias primas alimentares;<\/span><\/p>\n<p><span style=\"font-weight: 400\">02 &#8211; Localiza\u00e7\u00e3o da planta industrial;<\/span><\/p>\n<p><span style=\"font-weight: 400\">03 &#8211; Salubridade da unidade industrial;<\/span><\/p>\n<p><span style=\"font-weight: 400\">04 &#8211; Estruturas prediais e instala\u00e7\u00f5es f\u00edsicas;<\/span><\/p>\n<p><span style=\"font-weight: 400\">05 &#8211; Qualifica\u00e7\u00e3o de fornecedores;<\/span><\/p>\n<p><span style=\"font-weight: 400\">06 &#8211; Recursos Humanos;<\/span><\/p>\n<p><span style=\"font-weight: 400\">07 &#8211; Controle integrado de pragas e vetores urbanos e pragas de armazenagem;<\/span><\/p>\n<p><span style=\"font-weight: 400\">08 &#8211; Qualidade da \u00e1gua de abastecimento;<\/span><\/p>\n<p><span style=\"font-weight: 400\">09 &#8211; Manuten\u00e7\u00e3o de m\u00e1quinas, equipamentos e estruturas prediais;<\/span><\/p>\n<p><span style=\"font-weight: 400\">10 &#8211; Programa de avalia\u00e7\u00e3o e controle sobre a qualidade e seguran\u00e7a dos alimentos;<\/span><\/p>\n<p><span style=\"font-weight: 400\">11 &#8211; Programa de rastreamento.<\/span><\/p>\n<p><b>CRONOGRAMA DA CERTIFICA\u00c7\u00c3O<\/b><\/p>\n<p><span style=\"font-weight: 400\">Cumpridas as etapas preliminares (an\u00e1lise preliminar do processo, Termo de Ades\u00e3o Volunt\u00e1ria ao SCC), tem in\u00edcio os trabalhos que v\u00e3o dar forma e conte\u00fado ao Sistema de Gest\u00e3o visando o controle sobre os processos de produ\u00e7\u00e3o, a mitiga\u00e7\u00e3o de riscos nos processos e a consequente seguran\u00e7a dos alimentos, e ser\u00e3o cumpridas as seguintes etapas:<\/span><\/p>\n<p><span style=\"font-weight: 400\">a) Defini\u00e7\u00e3o da Equipe de Seguran\u00e7a dos Alimentos &#8211; ESA;<\/span><\/p>\n<p><span style=\"font-weight: 400\">b) Levantamento de n\u00e3o conformidades de todos os processos, inclusive elementos administrativos;<\/span><\/p>\n<p><span style=\"font-weight: 400\">c) Desenvolvimento de Plano de A\u00e7\u00e3o para corre\u00e7\u00e3o de n\u00e3o conformidades;<\/span><\/p>\n<p><span style=\"font-weight: 400\">d) Treinamento de manipuladores para apresenta\u00e7\u00e3o do Programa SCC;<\/span><\/p>\n<p><span style=\"font-weight: 400\">e) Avalia\u00e7\u00e3o e\/ou desenvolvimento dos documentos de refer\u00eancia (manuais de qualidade e de procedimentos, etc&#8230;);<\/span><\/p>\n<p><span style=\"font-weight: 400\">f) Implanta\u00e7\u00e3o de procedimentos operacionais padronizados &#8211; POPs;<\/span><\/p>\n<p><span style=\"font-weight: 400\">g) Treinamento de manipuladores para implanta\u00e7\u00e3o de POPs;<\/span><\/p>\n<p><span style=\"font-weight: 400\">h) Avalia\u00e7\u00e3o do Plano de A\u00e7\u00e3o;<\/span><\/p>\n<p><span style=\"font-weight: 400\">i) Valida\u00e7\u00e3o dos POPs;<\/span><\/p>\n<p><span style=\"font-weight: 400\">j) Valida\u00e7\u00e3o dos documentos de refer\u00eancia;<\/span><\/p>\n<p><span style=\"font-weight: 400\">k) Pr\u00e9-auditoria de implanta\u00e7\u00e3o;<\/span><\/p>\n<p><span style=\"font-weight: 400\">l) Auditoria de Implanta\u00e7\u00e3o;<\/span><\/p>\n<p><span style=\"font-weight: 400\">m) Auditorias de renova\u00e7\u00e3o semestrais.<\/span><\/p>\n<p style=\"padding-left: 30px;text-align: center\">Entre em contato com o Grupo Gestor:<br \/>Fone: \u00a0(48) 3665-7081<br \/>E-mail: dicla@cidasc.sc.gov.br<\/p>\n\n\n<div class=\"wp-block-file\"><a id=\"wp-block-file--media-3035da31-a2ac-4a86-b6cf-5bb926672057\" href=\"http:\/\/www.cidasc.sc.gov.br\/classificacao\/files\/2021\/10\/Clientes.pdf\" target=\"_blank\" rel=\"noreferrer noopener\">EMPRESAS E SEGMENTOS ENVOLVIDOS<\/a><a href=\"http:\/\/www.cidasc.sc.gov.br\/classificacao\/files\/2021\/10\/Clientes.pdf\" class=\"wp-block-file__button wp-element-button\" download aria-describedby=\"wp-block-file--media-3035da31-a2ac-4a86-b6cf-5bb926672057\">Baixar<\/a><\/div>\n\n\n\n<p><\/p>\n","protected":false},"excerpt":{"rendered":"<p>O Selo de Conformidade CIDASC (SCC) \u00e9 uma certifica\u00e7\u00e3o de processo por meio de implanta\u00e7\u00e3o de Sistema de Gest\u00e3o da Seguran\u00e7a dos Alimentos \u2013 SGSA. A certifica\u00e7\u00e3o de processos \u00e9 de suma import\u00e2ncia para todas as inst\u00e2ncias da sociedade, incluindo as cadeias produtivas, setor varejista e mercado consumidor, entidades de interesse social e entidades governamentais[&#8230;] <a class=\"moretag\" href=\"https:\/\/www.cidasc.sc.gov.br\/classificacao\/selo-de-conformidade-cidasc-scc-2\/\">Leia mais&#8230;<\/a><\/p>\n","protected":false},"author":22,"featured_media":0,"parent":0,"menu_order":0,"comment_status":"open","ping_status":"closed","template":"","meta":{"footnotes":""},"class_list":["post-12","page","type-page","status-publish","hentry"],"_links":{"self":[{"href":"https:\/\/www.cidasc.sc.gov.br\/classificacao\/wp-json\/wp\/v2\/pages\/12","targetHints":{"allow":["GET"]}}],"collection":[{"href":"https:\/\/www.cidasc.sc.gov.br\/classificacao\/wp-json\/wp\/v2\/pages"}],"about":[{"href":"https:\/\/www.cidasc.sc.gov.br\/classificacao\/wp-json\/wp\/v2\/types\/page"}],"author":[{"embeddable":true,"href":"https:\/\/www.cidasc.sc.gov.br\/classificacao\/wp-json\/wp\/v2\/users\/22"}],"replies":[{"embeddable":true,"href":"https:\/\/www.cidasc.sc.gov.br\/classificacao\/wp-json\/wp\/v2\/comments?post=12"}],"version-history":[{"count":38,"href":"https:\/\/www.cidasc.sc.gov.br\/classificacao\/wp-json\/wp\/v2\/pages\/12\/revisions"}],"predecessor-version":[{"id":685,"href":"https:\/\/www.cidasc.sc.gov.br\/classificacao\/wp-json\/wp\/v2\/pages\/12\/revisions\/685"}],"wp:attachment":[{"href":"https:\/\/www.cidasc.sc.gov.br\/classificacao\/wp-json\/wp\/v2\/media?parent=12"}],"curies":[{"name":"wp","href":"https:\/\/api.w.org\/{rel}","templated":true}]}}