{"id":10,"date":"2012-08-14T03:19:29","date_gmt":"2012-08-14T03:19:29","guid":{"rendered":"http:\/\/RELA\u00c7\u00c3ODOSPRODUTOSCLASSIFICADOSESUASNORMASDEREGULAMENTA\u00c7\u00c3OEPADRONIZA\u00c7\u00c3O&nbsp;tablePRODUTO,PRODUTOALGOD\u00c3O(CARO\u00c7OEPLUMA"},"modified":"2021-10-20T17:39:04","modified_gmt":"2021-10-20T17:39:04","slug":"mikmho","status":"publish","type":"page","link":"https:\/\/www.cidasc.sc.gov.br\/classificacao\/mikmho\/","title":{"rendered":"Legisla\u00e7\u00e3o"},"content":{"rendered":"<p>\u00a0<\/p>\n<p><span style=\"font-size: inherit\">LEGISLA\u00c7\u00d5ES FEDERAIS ATUALIZADAS &#8211; <\/span><a style=\"font-size: inherit\" href=\"https:\/\/www.gov.br\/agricultura\/pt-br\/assuntos\/vigilancia-agropecuaria\/ivegetal\/classificacao-vegetal\">https:\/\/www.gov.br\/agricultura\/pt-br\/assuntos\/vigilancia-agropecuaria\/ivegetal\/classificacao-vegetal<\/a><\/p>\n<p>FORMUL\u00c1RIO PARA SOLICITA\u00c7\u00c3O DE AN\u00c1LISES &#8211; Emater\/RS &#8211; <a href=\"http:\/\/www.cidasc.sc.gov.br\/classificacao\/files\/2019\/03\/FOR-02_REG-01-Encaminhamento-de-Amostras-para-o-NLB-LAB-1-Mercado-Interno.doc\" target=\"_blank\" rel=\"noopener noreferrer\">Encaminhamento de Amostras Emater\/RS<\/a><\/p>\n<p>FORMUL\u00c1RIO PARA SOLICITA\u00c7\u00c3O DE AN\u00c1LISES CEPA &#8211; Trigo <a href=\"http:\/\/www.cidasc.sc.gov.br\/classificacao\/files\/2019\/07\/FORM_41_SOLICITA\u00c7\u00c3O-DE-AN\u00c1LISE-DE-TRIGO-EM-GR\u00c3OS-SEM-CLASSE-.doc\" target=\"_blank\" rel=\"noopener noreferrer\">http:\/\/www.cidasc.sc.gov.br\/classificacao\/files\/2019\/07\/FORM_41_SOLICITA\u00c7\u00c3O-DE-AN\u00c1LISE-DE-TRIGO-EM-GR\u00c3OS-CLASSE-.doc<\/a><\/p>\n\n\n<div class=\"wp-block-file\"><a href=\"http:\/\/www.cidasc.sc.gov.br\/classificacao\/files\/2021\/10\/Solicita\u00e7\u00e3o-de-an\u00e1lise-Aflatoxinas-LAB-CAL-2019-1.doc\">Solicita\u00e7\u00e3o de an\u00e1lise Aflatoxinas-LAB-CAL-2019 (1)<\/a><a href=\"http:\/\/www.cidasc.sc.gov.br\/classificacao\/files\/2021\/10\/Solicita\u00e7\u00e3o-de-an\u00e1lise-Aflatoxinas-LAB-CAL-2019-1.doc\" class=\"wp-block-file__button\" download>Baixar<\/a><\/div>\n\n\n\n<div class=\"wp-block-file\"><a href=\"http:\/\/www.cidasc.sc.gov.br\/classificacao\/files\/2019\/08\/relacao-dos-produtos-padronizados.pdf\">Rela\u00e7\u00e3o dos padr\u00f5es oficiais estabelecidos pelo Minist\u00e9rio da Agricultura, Pecu\u00e1ria e Abastecimento para a classifica\u00e7\u00e3o. Atualizado em 31.07.2019<\/a><a href=\"http:\/\/www.cidasc.sc.gov.br\/classificacao\/files\/2019\/08\/relacao-dos-produtos-padronizados.pdf\" class=\"wp-block-file__button\" download>Baixar<\/a><\/div>\n\n\n\n<p><\/p>\n","protected":false},"excerpt":{"rendered":"<p>\u00a0 LEGISLA\u00c7\u00d5ES FEDERAIS ATUALIZADAS &#8211; https:\/\/www.gov.br\/agricultura\/pt-br\/assuntos\/vigilancia-agropecuaria\/ivegetal\/classificacao-vegetal FORMUL\u00c1RIO PARA SOLICITA\u00c7\u00c3O DE AN\u00c1LISES &#8211; Emater\/RS &#8211; Encaminhamento de Amostras Emater\/RS FORMUL\u00c1RIO PARA SOLICITA\u00c7\u00c3O DE AN\u00c1LISES CEPA &#8211; Trigo http:\/\/www.cidasc.sc.gov.br\/classificacao\/files\/2019\/07\/FORM_41_SOLICITA\u00c7\u00c3O-DE-AN\u00c1LISE-DE-TRIGO-EM-GR\u00c3OS-CLASSE-.doc<\/p>\n","protected":false},"author":1,"featured_media":0,"parent":0,"menu_order":0,"comment_status":"open","ping_status":"open","template":"","meta":{"footnotes":""},"class_list":["post-10","page","type-page","status-publish","hentry"],"_links":{"self":[{"href":"https:\/\/www.cidasc.sc.gov.br\/classificacao\/wp-json\/wp\/v2\/pages\/10","targetHints":{"allow":["GET"]}}],"collection":[{"href":"https:\/\/www.cidasc.sc.gov.br\/classificacao\/wp-json\/wp\/v2\/pages"}],"about":[{"href":"https:\/\/www.cidasc.sc.gov.br\/classificacao\/wp-json\/wp\/v2\/types\/page"}],"author":[{"embeddable":true,"href":"https:\/\/www.cidasc.sc.gov.br\/classificacao\/wp-json\/wp\/v2\/users\/1"}],"replies":[{"embeddable":true,"href":"https:\/\/www.cidasc.sc.gov.br\/classificacao\/wp-json\/wp\/v2\/comments?post=10"}],"version-history":[{"count":169,"href":"https:\/\/www.cidasc.sc.gov.br\/classificacao\/wp-json\/wp\/v2\/pages\/10\/revisions"}],"predecessor-version":[{"id":636,"href":"https:\/\/www.cidasc.sc.gov.br\/classificacao\/wp-json\/wp\/v2\/pages\/10\/revisions\/636"}],"wp:attachment":[{"href":"https:\/\/www.cidasc.sc.gov.br\/classificacao\/wp-json\/wp\/v2\/media?parent=10"}],"curies":[{"name":"wp","href":"https:\/\/api.w.org\/{rel}","templated":true}]}}